
{"id":822,"date":"2011-11-08T14:52:42","date_gmt":"2011-11-08T14:52:42","guid":{"rendered":"https:\/\/overline-design.de\/poetry\/?page_id=822"},"modified":"2021-07-11T06:25:30","modified_gmt":"2021-07-11T06:25:30","slug":"das-neue-bassumer-ratsorchester-2011","status":"publish","type":"page","link":"https:\/\/www.overline-design.de\/poetry\/?page_id=822","title":{"rendered":"Das neue Bassumer Ratsorchester 2011"},"content":{"rendered":"\n<p>Ab dem 1. November 2011 gibt es regelm\u00e4\u00dfige Auftritte auf den verschiedenen B\u00fchnen der Stadt Bassum. Nicht alle bisher im Ratsorchester vertretenen Musiker wurden in den neuen Vertrag \u00fcbernommen. Einige Gruppen wurde verkleinert und andere Gruppen neu verpflichtet.<\/p>\n\n\n\n<p>Die Zusammensetzung des neuen Bassumer Ratsorchester:<br>Vorweg der Dirigent, ein Mann mittleren Alters mit wei\u00dfem lichtem Haar. Er dirigiert das Orchester, was nicht immer gelingt und so bestimmten bisher oft Misst\u00f6ne das Zusammenspiel im Konzert. Ein m\u00f6glicher Hintergrund: Zwei Musiker aus dem Orchester hatten sich vor einiger Zeit auch um den Posten des Dirigenten beworben. Sie konnten sich allerdings bei der Wahl nicht durchsetzen. So kommt bei dem Zusammenspiel der Musiker zu Disharmonien, weil zu viele Musiker mit dirigieren wollen. Getreu dem Motto: Keiner macht was er soll, jeder macht was er will und alle machen mit. Wenn der amtliche Dirigent verhindert ist, \u00fcbernimmt einer der derzeitigen Mitbewerber das Dirigieren des Orchesters und hofft so, bei der n\u00e4chsten Dirigentenwahl dieses Amt f\u00fcr sich beanspruchen zu k\u00f6nnen.<br><br>Jede Gruppe will die &#8222;erste Geige&#8220; spielen, aber das macht keinen Sinn, denn nur eine gute Besetzung mit verschiedenen Instrumenten und ein gut eingespieltes Orchester garantieren ein erfolgreiches Konzert.<br>Auch spielen einige Musiker ihre Instrumente zu laut oder versuchen sich als Solisten mit musikalischen Sondereinlagen. Das ist f\u00fcr einen stimmigen Konzertablauf sehr st\u00f6rend!<br>Au\u00dferdem wurde versucht, die vorgegebenen Noten der Komponisten in langen Diskussionen zu ver\u00e4ndern, was dazu f\u00fchrt, dass ein St\u00fcck dann nicht mehr auff\u00fchrbar und vorerst abgesetzt wird.<br>Auch sollte jeder Musiker in dem Konzert eine gute Leistung erbringen, sonst bleiben die Konzertbesucher weg und das ist f\u00fcr die Akteure sehr frustrierend.<\/p>\n\n\n\n<p>Neu ist eine f\u00fcnfk\u00f6pfige Bl\u00e4sergruppe. Bleibt nur zu hoffen, dass bei den Instrumenten au\u00dfer bisher hei\u00dfer Luft auch ein paar melodische T\u00f6ne herauskommen. Ein Musiker aus der neuen Gruppe glaubt, dass es nur auf die Lautst\u00e4rke ankommt, aber dabei sollte er erst einmal Noten lesen lernen, bevor er mitspielt. Bei den Proben in der Vergangenheit war selten anwesend, \u00fcbt aber trotzdem Kritik an der Arbeit des bisherigen Solobl\u00e4sers oder am gesamten Orchester. Die Musiker w\u00e4ren zu alt und wir brauchen einen Generationswechsel. Die Vergangenheit lehrt, dass man mit einer gewissen Erfahrung ein Instrument im Orchester professioneller spielt und eine Zusammenarbeit mit den anderen Musikern dann auch viel effektiver sein kann. Die Mischung macht es und generations\u00fcbergreifend werden auch die Probleme und Belange aller Altersstufen der m\u00f6glichen Konzertbesucher im Focus behalten. Immerhin ist ein Musiker in der neuen Gruppe, der sich f\u00fcr ein Zusammenspiel in dem gesamten Orchester bereit erkl\u00e4rt, um so auch die Vorbereitungen zu den Konzerten effektiver nutzen zu k\u00f6nnen.<\/p>\n\n\n\n<p>Ebenfalls neu ist ein Solist, der sich noch nicht f\u00fcr das richtige Instrument f\u00fcr ein Zusammenspiel entschieden hat. Er hat bereits signalisiert, dass er in einer Gruppe mitspielen will, weil er als Solist f\u00fcr sich keine Chancen sieht.<\/p>\n\n\n\n<p>\u00a9 Rainer Dambroth &#8211; November 2011 &#8211; <strong><a href=\"https:\/\/www.overline-poetry.de\">www.overline-poetry.de<\/a><\/strong><br><\/p>\n","protected":false},"excerpt":{"rendered":"<p>Ab dem 1. November 2011 gibt es regelm\u00e4\u00dfige Auftritte auf den verschiedenen B\u00fchnen der Stadt Bassum. Nicht alle bisher im Ratsorchester vertretenen Musiker wurden in den neuen Vertrag \u00fcbernommen. Einige Gruppen wurde verkleinert und andere Gruppen neu verpflichtet. Die Zusammensetzung des neuen Bassumer Ratsorchester:Vorweg der Dirigent, ein Mann mittleren Alters mit wei\u00dfem lichtem Haar. Er [&hellip;]<\/p>\n","protected":false},"author":3,"featured_media":0,"parent":0,"menu_order":0,"comment_status":"closed","ping_status":"closed","template":"","meta":{"footnotes":""},"class_list":["post-822","page","type-page","status-publish","hentry"],"jetpack_sharing_enabled":true,"_links":{"self":[{"href":"https:\/\/www.overline-design.de\/poetry\/index.php?rest_route=\/wp\/v2\/pages\/822","targetHints":{"allow":["GET"]}}],"collection":[{"href":"https:\/\/www.overline-design.de\/poetry\/index.php?rest_route=\/wp\/v2\/pages"}],"about":[{"href":"https:\/\/www.overline-design.de\/poetry\/index.php?rest_route=\/wp\/v2\/types\/page"}],"author":[{"embeddable":true,"href":"https:\/\/www.overline-design.de\/poetry\/index.php?rest_route=\/wp\/v2\/users\/3"}],"replies":[{"embeddable":true,"href":"https:\/\/www.overline-design.de\/poetry\/index.php?rest_route=%2Fwp%2Fv2%2Fcomments&post=822"}],"version-history":[{"count":12,"href":"https:\/\/www.overline-design.de\/poetry\/index.php?rest_route=\/wp\/v2\/pages\/822\/revisions"}],"predecessor-version":[{"id":4014,"href":"https:\/\/www.overline-design.de\/poetry\/index.php?rest_route=\/wp\/v2\/pages\/822\/revisions\/4014"}],"wp:attachment":[{"href":"https:\/\/www.overline-design.de\/poetry\/index.php?rest_route=%2Fwp%2Fv2%2Fmedia&parent=822"}],"curies":[{"name":"wp","href":"https:\/\/api.w.org\/{rel}","templated":true}]}}