
{"id":8227,"date":"2023-12-24T00:02:00","date_gmt":"2023-12-24T00:02:00","guid":{"rendered":"https:\/\/www.overline-design.de\/poetry\/?page_id=8227"},"modified":"2025-08-26T09:55:20","modified_gmt":"2025-08-26T09:55:20","slug":"das-kreuz-mit-dem-soeder","status":"publish","type":"page","link":"https:\/\/www.overline-design.de\/poetry\/?page_id=8227","title":{"rendered":"Das Kreuz mit dem S\u00f6der"},"content":{"rendered":"\n<p>Der bayrische \u201eStatthalter\u201c Markus S\u00f6der sich als G\u00f6ttlichkeit sieht<br>und Weihnachten er die \u201eKreuzverordnung\u201c aus dem Hut dann zieht.<br>In jeder Amtsstube soll k\u00fcnftig doch ein Kreuz an der Wand h\u00e4ngen.<br>Will er konfessionell Andersdenkende aus den Amtsstuben dr\u00e4ngen?<br><br>Was will der Markus S\u00f6der mit seinen \u201eKreuzz\u00fcgen\u201c nur bezwecken?<br>Will er damit nur bei seiner politischen Konkurrenz dann \u201eanecken\u201c?<br>Markus S\u00f6der bekannt als der Ministerpr\u00e4sident mit vielen Verboten,<br>behandelt seine politische Konkurrenz, als w\u00e4ren sie alle nur Idioten.<br><br>Oder mit dem vorgehaltenen Kreuz er gegen \u201eTeuflisches\u201c exorziert,<br>damit er nicht der Versuchung erliegt, sich als Kanzler pr\u00e4sentiert.<br>Markus S\u00f6der als der oberste Bewahrer des \u201ebayrischen Glauben\u201c:<br>\u201eWir sind hier in Bayern und die Bayern k\u00f6nnen sich alles erlauben!\u201c<br><br>Will er den Blutsaugern, den politischen Vampiren, damit begegnen,<br>oder l\u00e4sst er sich seine Untaten von den Gottes-Dienern absegnen?<br>Erhofft er sich von der Kanzel Unterst\u00fctzung, verst\u00e4rkendes Wort,<br>oder f\u00fcr sp\u00e4ter den \u201efreien Eintritt\u201c mit Amt im paradiesischen Ort?<br><br>Nat\u00fcrlich soll man es mit \u201egendern\u201c der Begriffe nicht \u00fcbertreiben<br>und bevor man es krampfhaft versucht, l\u00e4sst man es besser bleiben.<br>Aber diese Thematik jetzt durch politische Verbote zu unterdr\u00fccken,<br>da versucht der bayrische \u201eBierzeltk\u00f6nig\u201c der Realit\u00e4t zu entr\u00fccken.<br><br>So wurde von der CSU verboten aus dem Norden die Stromtrassen,<br>somit die Erleuchtung der Einwohner und Beleuchtung der Stra\u00dfen.<br>Auch Nutzung der Sonne, durch Solar, wurde von Bayern blockiert,<br>denn S\u00f6der wollte weiter Gas aus Russland und Atomkraft aktiviert.<br><br>Hat S\u00f6der den Schuss oder die Sch\u00fcsse in der Ukraine nicht geh\u00f6rt<br>und das der russische Despot Putin den Frieden in der Ukraine st\u00f6rt.<br>Noch in den Friedenszeiten wurde der russische Despot Putin hofiert,<br>aber jetzt klaffen \u201eErinnerungsl\u00fccken\u201c, weil man sonst sich blamiert.<br><br><strong>\u00a9<\/strong> Rainer Dambroth &#8211; 24.12.2023 &#8211; <strong><a href=\"https:\/\/www.overline-poetry.de\/\">www.overline-poetry.de<\/a><\/strong><\/p>\n","protected":false},"excerpt":{"rendered":"<p>Der bayrische \u201eStatthalter\u201c Markus S\u00f6der sich als G\u00f6ttlichkeit siehtund Weihnachten er die \u201eKreuzverordnung\u201c aus dem Hut dann zieht.In jeder Amtsstube soll k\u00fcnftig doch ein Kreuz an der Wand h\u00e4ngen.Will er konfessionell Andersdenkende aus den Amtsstuben dr\u00e4ngen? Was will der Markus S\u00f6der mit seinen \u201eKreuzz\u00fcgen\u201c nur bezwecken?Will er damit nur bei seiner politischen Konkurrenz dann \u201eanecken\u201c?Markus [&hellip;]<\/p>\n","protected":false},"author":3,"featured_media":0,"parent":0,"menu_order":0,"comment_status":"closed","ping_status":"closed","template":"","meta":{"footnotes":""},"class_list":["post-8227","page","type-page","status-publish","hentry"],"jetpack_sharing_enabled":true,"_links":{"self":[{"href":"https:\/\/www.overline-design.de\/poetry\/index.php?rest_route=\/wp\/v2\/pages\/8227","targetHints":{"allow":["GET"]}}],"collection":[{"href":"https:\/\/www.overline-design.de\/poetry\/index.php?rest_route=\/wp\/v2\/pages"}],"about":[{"href":"https:\/\/www.overline-design.de\/poetry\/index.php?rest_route=\/wp\/v2\/types\/page"}],"author":[{"embeddable":true,"href":"https:\/\/www.overline-design.de\/poetry\/index.php?rest_route=\/wp\/v2\/users\/3"}],"replies":[{"embeddable":true,"href":"https:\/\/www.overline-design.de\/poetry\/index.php?rest_route=%2Fwp%2Fv2%2Fcomments&post=8227"}],"version-history":[{"count":8,"href":"https:\/\/www.overline-design.de\/poetry\/index.php?rest_route=\/wp\/v2\/pages\/8227\/revisions"}],"predecessor-version":[{"id":10534,"href":"https:\/\/www.overline-design.de\/poetry\/index.php?rest_route=\/wp\/v2\/pages\/8227\/revisions\/10534"}],"wp:attachment":[{"href":"https:\/\/www.overline-design.de\/poetry\/index.php?rest_route=%2Fwp%2Fv2%2Fmedia&parent=8227"}],"curies":[{"name":"wp","href":"https:\/\/api.w.org\/{rel}","templated":true}]}}