
{"id":8253,"date":"2024-01-14T00:02:00","date_gmt":"2024-01-14T00:02:00","guid":{"rendered":"https:\/\/www.overline-design.de\/poetry\/?page_id=8253"},"modified":"2024-01-14T10:02:34","modified_gmt":"2024-01-14T10:02:34","slug":"maechtiger-werdende-werden-maechtig-unterschaetzt","status":"publish","type":"page","link":"https:\/\/www.overline-design.de\/poetry\/?page_id=8253","title":{"rendered":"M\u00e4chtiger Werdende werden m\u00e4chtig untersch\u00e4tzt"},"content":{"rendered":"\n<p>Wenn man den &#8222;m\u00e4chtiger Werdenden&#8220; nur Macht entgegensetzt,<br>hat man den Grund f\u00fcr das \u201em\u00e4chtiger werden\u201c sehr untersch\u00e4tzt.<br>\u201eWir die Politiker, wir machen das schon\u201c, so wird von ihnen gesagt,<br>aber vorhandene N\u00f6te und Existenz\u00e4ngste werden nicht abgefragt.<br><br>Wenn von rechts kommend sich der \u201ebraune\u201c Wind dann verst\u00e4rkt,<br>sollte man nicht sagen, den \u201ebraunen\u201c Wind hat man nicht bemerkt.<br>Wenn sich der \u201ebraune\u201c Wind wieder mutiert zu einem \u201eVolkssturm\u201c,<br>war in der amtierenden Politik, wie im faulen Apfel, doch der Wurm.<br><br>Die russische Filiale, das ist die neue Partei von Sahra Wagenknecht,<br>mit den gleichen Phrasen \u201ek\u00e4mpft\u201c sie doch mehr schlecht als recht.<br>Denn alle Probleme sind in der Politik angekommen, somit bekannt<br>und brauchen nicht wie bei Gebetsm\u00fchlen st\u00e4ndig wieder genannt.<br><br>Der regierende Politiker, ein aus dem Volke gew\u00e4hlter Repr\u00e4sentant,<br>dieses ob Frau oder Mann unter dem Begriff Volksvertreter bekannt.<br>Manchmal wird an dem Begriff von AfD-Politikern doch sehr gedreht<br>und was an den Ohren angekommen, sie als Volksverr\u00e4ter versteht.<br><br>Wenn in der Politik, die uns Regierenden, werden dann neu gew\u00e4hlt,<br>wird das nicht die Ver\u00e4nderung, auf die wir beim W\u00e4hlen so gez\u00e4hlt.<br>Haben sie erst einmal die \u201ePfr\u00fcnde der Politik\u201c f\u00fcr sich dann erblickt,<br>dann handeln sie in erster Linie, strategisch f\u00fcr sich ganz geschickt.<br><br>\u00dcber seine T\u00e4tigkeit im Bundestag, da h\u00fcllt man sich in Schweigen,<br>man will nicht in seinem Wahlkreis seinen Nichteinfluss offen zeigen.<br>Hauptsache man ist als Gew\u00e4hlter in dem Bundestag angekommen<br>und alles was einem zugeteilt, das wird dann gerne mitgenommen.<br><br>Die neu gew\u00e4hlte Volksvertreter nicht gleich an die \u201eFront\u201c gestellt,<br>sondern Einflusslos als \u201eHinterb\u00e4nkler\u201c, da wo es ihnen nicht gef\u00e4llt.<br>Wie werden sie ihrem Wahlkreis erkl\u00e4ren, was sie konnten bewegen:<br>\u201eIch durfte nicht mitspielen, aber mich \u00fcber die Anderen aufregen\u201c.<br><br><strong>\u00a9<\/strong> Rainer Dambroth &#8211; 14.01.2024 &#8211; <strong><a href=\"https:\/\/www.overline-poetry.de\/\">www.overline-poetry.de<\/a><\/strong><br><br><\/p>\n","protected":false},"excerpt":{"rendered":"<p>Wenn man den &#8222;m\u00e4chtiger Werdenden&#8220; nur Macht entgegensetzt,hat man den Grund f\u00fcr das \u201em\u00e4chtiger werden\u201c sehr untersch\u00e4tzt.\u201eWir die Politiker, wir machen das schon\u201c, so wird von ihnen gesagt,aber vorhandene N\u00f6te und Existenz\u00e4ngste werden nicht abgefragt. Wenn von rechts kommend sich der \u201ebraune\u201c Wind dann verst\u00e4rkt,sollte man nicht sagen, den \u201ebraunen\u201c Wind hat man nicht bemerkt.Wenn [&hellip;]<\/p>\n","protected":false},"author":3,"featured_media":0,"parent":0,"menu_order":0,"comment_status":"closed","ping_status":"closed","template":"","meta":{"footnotes":""},"class_list":["post-8253","page","type-page","status-publish","hentry"],"jetpack_sharing_enabled":true,"_links":{"self":[{"href":"https:\/\/www.overline-design.de\/poetry\/index.php?rest_route=\/wp\/v2\/pages\/8253","targetHints":{"allow":["GET"]}}],"collection":[{"href":"https:\/\/www.overline-design.de\/poetry\/index.php?rest_route=\/wp\/v2\/pages"}],"about":[{"href":"https:\/\/www.overline-design.de\/poetry\/index.php?rest_route=\/wp\/v2\/types\/page"}],"author":[{"embeddable":true,"href":"https:\/\/www.overline-design.de\/poetry\/index.php?rest_route=\/wp\/v2\/users\/3"}],"replies":[{"embeddable":true,"href":"https:\/\/www.overline-design.de\/poetry\/index.php?rest_route=%2Fwp%2Fv2%2Fcomments&post=8253"}],"version-history":[{"count":5,"href":"https:\/\/www.overline-design.de\/poetry\/index.php?rest_route=\/wp\/v2\/pages\/8253\/revisions"}],"predecessor-version":[{"id":8289,"href":"https:\/\/www.overline-design.de\/poetry\/index.php?rest_route=\/wp\/v2\/pages\/8253\/revisions\/8289"}],"wp:attachment":[{"href":"https:\/\/www.overline-design.de\/poetry\/index.php?rest_route=%2Fwp%2Fv2%2Fmedia&parent=8253"}],"curies":[{"name":"wp","href":"https:\/\/api.w.org\/{rel}","templated":true}]}}