
{"id":8271,"date":"2024-01-14T00:03:00","date_gmt":"2024-01-14T00:03:00","guid":{"rendered":"https:\/\/www.overline-design.de\/poetry\/?page_id=8271"},"modified":"2026-05-04T17:15:45","modified_gmt":"2026-05-04T17:15:45","slug":"rechtsextreme-planen-voelkische-saeuberung","status":"publish","type":"page","link":"https:\/\/www.overline-design.de\/poetry\/?page_id=8271","title":{"rendered":"Rechtsextreme planen &#8222;v\u00f6lkische&#8220; S\u00e4uberung"},"content":{"rendered":"\n<p><strong>Rechtsextreme<\/strong> planen die S\u00e4uberung nach \u00dcbernahme der Macht<br>und bei einem geheimen Treffen wurde dieses schon durchgedacht.<br>Alle Mitb\u00fcrger mit Migrationshintergrund werden wieder deportiert.<br>Der deutsche B\u00fcrger mit ausl\u00e4ndischen Wurzeln die Rechte verliert.<br><br>\u201eWehret den Anf\u00e4ngen\u201c, aber wir haben zu lange dieses verdr\u00e4ngt<br>und so haben sich schon zu viele den <strong>Rechtsextremen<\/strong> angeh\u00e4ngt.<br>Die Z\u00fcndschnur ist kurz, aber die Gefahr nicht gel\u00f6st mit Verboten,<br>dann solidarisieren sich Anh\u00e4nger mit <strong>rechtsextremen<\/strong> \u201eVorboten\u201c.<br><br>Wenn <strong>Rechtsextreme<\/strong> Mehrheiten bekommen im Bundesparlament,<br>wird man feststellen, dass die Politik hat die Kontrolle hier verpennt.<br>Wir haben, weil eine Demokratie, in den Anf\u00e4ngen doch vers\u00e4umt<br>und dieser <strong>rechten Gruppierung<\/strong> schon zu viele Rechte einger\u00e4umt.<br><br>Das <strong>rechtsextreme<\/strong> Netzwerk ist jetzt schon sehr weit verzweigt<br>und vom Verfassungsschutz nicht die sch\u00fctzenden Werte angezeigt.<br>Wir neigen zu \u201eH\u00fchnerhofpanik\u201c, wenn wir die Kontrolle verlieren,<br>aber wir sollten wachsam sein, wenn die <strong>Rechtsextremen<\/strong> grassieren.<br><br><strong>Rechtsextreme<\/strong> unsere demokratischen Strukturen unterminieren,<br>so dass die \u201efreiheitlich gepr\u00e4gte Demokratie\u201c wird dabei verlieren.<br>Wenn erst die Macht durch die <strong>Rechtsextreme<\/strong> wurde \u00fcbernommen,<br>merken auch ihre Anh\u00e4nger: \u201eDie Vergangenheit ist angekommen!\u201c<br><br>Wenn endlich der letzte \u201enicht V\u00f6lkische\u201c hat unser Land verlassen.<br>Menschen mit \u201eausl\u00e4ndischen Wurzeln\u201c nicht mehr hinein gelassen.<br>Dann auch der letzte Anh\u00e4nger der <strong>Rechtsextremen<\/strong> hat festgestellt,<br>dass Deutschland mit \u00fcberall fehlendem Personal auch nicht gef\u00e4llt.<br><br><strong>\u00a9<\/strong> Rainer Dambroth &#8211; 14.01.2024 &#8211; <strong><a href=\"https:\/\/www.overline-poetry.de\/\">www.overline-poetry.de<\/a><\/strong><\/p>\n\n\n\n<p><strong><a href=\"https:\/\/www.overline-design.de\/poetry\/wp-admin\/post.php?post=7598&amp;action=edit\">Warum hast du solch einen Hass?<\/a><\/strong><br><strong><a href=\"https:\/\/www.overline-design.de\/poetry\/wp-admin\/post.php?post=6068&amp;action=edit\">Die \u201erechten\u201c Stimmungsmacher<\/a><\/strong><br><strong><a href=\"https:\/\/www.overline-design.de\/poetry\/wp-admin\/post.php?post=7670&amp;action=edit\">AFD und die Fachkr\u00e4fte f\u00fcr Deutschland<\/a><\/strong><br><strong><a href=\"https:\/\/www.overline-design.de\/poetry\/wp-admin\/post.php?post=8253&amp;action=edit\">M\u00e4chtiger Werdende werden m\u00e4chtig untersch\u00e4tzt<\/a><\/strong><\/p>\n","protected":false},"excerpt":{"rendered":"<p>Rechtsextreme planen die S\u00e4uberung nach \u00dcbernahme der Machtund bei einem geheimen Treffen wurde dieses schon durchgedacht.Alle Mitb\u00fcrger mit Migrationshintergrund werden wieder deportiert.Der deutsche B\u00fcrger mit ausl\u00e4ndischen Wurzeln die Rechte verliert. \u201eWehret den Anf\u00e4ngen\u201c, aber wir haben zu lange dieses verdr\u00e4ngtund so haben sich schon zu viele den Rechtsextremen angeh\u00e4ngt.Die Z\u00fcndschnur ist kurz, aber die Gefahr [&hellip;]<\/p>\n","protected":false},"author":3,"featured_media":0,"parent":0,"menu_order":0,"comment_status":"closed","ping_status":"closed","template":"","meta":{"footnotes":""},"class_list":["post-8271","page","type-page","status-publish","hentry"],"jetpack_sharing_enabled":true,"_links":{"self":[{"href":"https:\/\/www.overline-design.de\/poetry\/index.php?rest_route=\/wp\/v2\/pages\/8271","targetHints":{"allow":["GET"]}}],"collection":[{"href":"https:\/\/www.overline-design.de\/poetry\/index.php?rest_route=\/wp\/v2\/pages"}],"about":[{"href":"https:\/\/www.overline-design.de\/poetry\/index.php?rest_route=\/wp\/v2\/types\/page"}],"author":[{"embeddable":true,"href":"https:\/\/www.overline-design.de\/poetry\/index.php?rest_route=\/wp\/v2\/users\/3"}],"replies":[{"embeddable":true,"href":"https:\/\/www.overline-design.de\/poetry\/index.php?rest_route=%2Fwp%2Fv2%2Fcomments&post=8271"}],"version-history":[{"count":10,"href":"https:\/\/www.overline-design.de\/poetry\/index.php?rest_route=\/wp\/v2\/pages\/8271\/revisions"}],"predecessor-version":[{"id":11420,"href":"https:\/\/www.overline-design.de\/poetry\/index.php?rest_route=\/wp\/v2\/pages\/8271\/revisions\/11420"}],"wp:attachment":[{"href":"https:\/\/www.overline-design.de\/poetry\/index.php?rest_route=%2Fwp%2Fv2%2Fmedia&parent=8271"}],"curies":[{"name":"wp","href":"https:\/\/api.w.org\/{rel}","templated":true}]}}