
{"id":8290,"date":"2024-01-21T00:01:00","date_gmt":"2024-01-21T00:01:00","guid":{"rendered":"https:\/\/www.overline-design.de\/poetry\/?page_id=8290"},"modified":"2026-01-08T11:20:38","modified_gmt":"2026-01-08T11:20:38","slug":"bauernopfer-bauernaufstand","status":"publish","type":"page","link":"https:\/\/www.overline-design.de\/poetry\/?page_id=8290","title":{"rendered":"Bauernopfer? = Bauernaufstand!"},"content":{"rendered":"\n<p>Die Landwirte sehen ihre subventionierten \u201ePfr\u00fcnde\u201c entschwinden,<br>das ist doch logisch, dass sie diese \u201eStreichungen\u201c nicht gut finden.<br>Ich unterst\u00fctze doch sehr gerne die kleinen Landwirtschaftsbetriebe<br>wo man noch schafft, mit Hand, mit Herz und vor allem \u201emit Liebe\u201c.<br>Aber leider werden vor allem Gro\u00dfbetriebe gef\u00f6rdert, die viel Land,<br>und gef\u00f6rdert wird, wo Tiermassentierproduktion kommt vom Band<br><br>Gegen die geplanten K\u00fcrzungen wurde dann Einspruch genommen,<br>darum sind viele Landwirte auf den Stra\u00dfen zum Protest gekommen<br>Man kann nur hoffen, das der Dieseltreibstoff f\u00fcr diese private Tour,<br>wurde nicht subventioniert und aus der privaten Tasche bezahlt nur.<br>Und das Tiere nicht bei diesem Streik mussten hungern oder leiden,<br>denn f\u00fcr einen &#8222;wirkungsvollen Streik&#8220; sollte man dieses vermeiden.<br><br>Der gern \u201eschmutzelnde\u201c bayrische Ministerpr\u00e4sident Markus S\u00f6der,<br>zeigt sich bei &#8222;Regierungsangriffen&#8220; doch wohl jetzt nicht als Bl\u00f6der?<br>Bei K\u00fcrzungen im Bereich Landwirtschaft war die CSU stets befangen<br>und hat diesen Bereich in der Vergangenheit geschickt \u00fcbergangen.<br>Dieses Ressort war meist einem Mitglied der CSU-Partei unterstellt<br>und ist doch nur verst\u00e4ndlich, dass hier eine Streichung nicht gef\u00e4llt.<br><br>Die Landwirtschaft wird doch im Vorfeld vom B\u00fcrger subventioniert<br>und somit der realistische Preisvergleich schon einmal dabei verliert.<br>Denn auch Veganer subventionieren den Fleischliebhabern ihr Essen,<br>wenn das Tierleichenfleisch aus der \u201eMassenqualhaltung\u201c gegessen.<br>Die Schere: \u201eWeniger ist mehr\u201c zu \u201eBillig will ich\u201c sich mehr spreizt,<br>weil immer mehr B\u00fcrgern respektloser Umgang mit den Tieren reizt.<br><br>Ein kleinerer Landwirtschaftsbetrieb ist sehr schnell umstrukturiert,<br>aber bei einer Tiermassenfabrik schon man viel mehr Geld verliert.<br>Hier ist f\u00fcr die finanzielle Planung wichtig eine politische Kontinuit\u00e4t.<br>F\u00fcr Investitionen kommen eine Subventions\u00e4nderung meist zu sp\u00e4t.<br>Jedes \u201eProdukt\u201c verdient einen wirtschaftlich angemessenen Preis,<br>als faire Entlohnung f\u00fcr den materiellen Aufwand und f\u00fcr den Flei\u00df.<br><br><strong>\u00a9<\/strong> Rainer Dambroth &#8211; 21.01.2024 &#8211; <strong><a href=\"https:\/\/www.overline-poetry.de\/\">www.overline-poetry.de<\/a><\/strong><\/p>\n","protected":false},"excerpt":{"rendered":"<p>Die Landwirte sehen ihre subventionierten \u201ePfr\u00fcnde\u201c entschwinden,das ist doch logisch, dass sie diese \u201eStreichungen\u201c nicht gut finden.Ich unterst\u00fctze doch sehr gerne die kleinen Landwirtschaftsbetriebewo man noch schafft, mit Hand, mit Herz und vor allem \u201emit Liebe\u201c.Aber leider werden vor allem Gro\u00dfbetriebe gef\u00f6rdert, die viel Land,und gef\u00f6rdert wird, wo Tiermassentierproduktion kommt vom Band Gegen die geplanten [&hellip;]<\/p>\n","protected":false},"author":3,"featured_media":0,"parent":0,"menu_order":0,"comment_status":"closed","ping_status":"closed","template":"","meta":{"footnotes":""},"class_list":["post-8290","page","type-page","status-publish","hentry"],"jetpack_sharing_enabled":true,"_links":{"self":[{"href":"https:\/\/www.overline-design.de\/poetry\/index.php?rest_route=\/wp\/v2\/pages\/8290","targetHints":{"allow":["GET"]}}],"collection":[{"href":"https:\/\/www.overline-design.de\/poetry\/index.php?rest_route=\/wp\/v2\/pages"}],"about":[{"href":"https:\/\/www.overline-design.de\/poetry\/index.php?rest_route=\/wp\/v2\/types\/page"}],"author":[{"embeddable":true,"href":"https:\/\/www.overline-design.de\/poetry\/index.php?rest_route=\/wp\/v2\/users\/3"}],"replies":[{"embeddable":true,"href":"https:\/\/www.overline-design.de\/poetry\/index.php?rest_route=%2Fwp%2Fv2%2Fcomments&post=8290"}],"version-history":[{"count":8,"href":"https:\/\/www.overline-design.de\/poetry\/index.php?rest_route=\/wp\/v2\/pages\/8290\/revisions"}],"predecessor-version":[{"id":10972,"href":"https:\/\/www.overline-design.de\/poetry\/index.php?rest_route=\/wp\/v2\/pages\/8290\/revisions\/10972"}],"wp:attachment":[{"href":"https:\/\/www.overline-design.de\/poetry\/index.php?rest_route=%2Fwp%2Fv2%2Fmedia&parent=8290"}],"curies":[{"name":"wp","href":"https:\/\/api.w.org\/{rel}","templated":true}]}}