
{"id":8339,"date":"2024-02-04T00:02:00","date_gmt":"2024-02-04T00:02:00","guid":{"rendered":"https:\/\/www.overline-design.de\/poetry\/?page_id=8339"},"modified":"2024-02-20T16:13:11","modified_gmt":"2024-02-20T16:13:11","slug":"tuc-bake-rolls-mogelpackung-2023","status":"publish","type":"page","link":"https:\/\/www.overline-design.de\/poetry\/?page_id=8339","title":{"rendered":"TUC Bake Rolls \u2013 Mogelpackung 2023"},"content":{"rendered":"\n<p>Bei Ver\u00e4nderungen an den Verpackungen oder dem Inhaltsgewicht,<br>geh\u00f6rt eine Warnung an das Regal, sonst sieht der Kunde es nicht.<br>Kunden \u201eorientieren\u201c sich meistens doch nur an dem Verkaufspreis,<br>weil man von Schummeleien der Hersteller nichts erf\u00e4hrt oder wei\u00df.<br>Gefordert auf dem Produkt, gro\u00df sichtbar die neue Gewichtsangabe<br>erspart den Produzenten die Suche nach Tarnung und das \u201eGehabe\u201c.<br><br>Hier ist Politik gefordert, eine L\u00f6sung f\u00fcr diese Betr\u00fcgerei zu finden<br>und diese Trickserei der Hersteller an den Produkten zu unterbinden. Ver\u00e4nderungen an den Inhalten gelten dann als ein neues Produkt,<br>damit der Kunde bei der Kontrolle der Inhalte nicht \u201esparsam\u201c guckt<br>Somit einen neuen Strichcode, mit dem dieses Produkt \u201eangepreist\u201c,<br>so kann der Verbraucher sofort erkennen, wenn man ihn \u201ebeschei\u00dft\u201c.<\/p>\n\n\n\n<p><br>Mondelez hat mit den <strong>\u201eTuk Bake Rolls\u201c<\/strong> den Verbraucher belogen,<br>Verbraucher mit \u00c4nderungen an Gewicht und Preis dreist betrogen.<br>Den Verpackungsinhalt von 250 auf 150 um <strong>100 Gramm reduziert<\/strong><br>und au\u00dferdem \u201eganz frech\u201c den Verkaufspreis nach oben korrigiert.<br>Hier Verbraucher mit dem satten Aufpreis von <strong>127%<\/strong> nicht gewarnt,<br>denn die indirekte \u201egewollte\u201c Verteuerung wurde doch gut getarnt.<br><br>Das <strong>&#8222;Oreo Stieleis&#8220;<\/strong> von Froneri landete im Ergebnis auf Platz zwei,<br>denn als Inhalt pr\u00e4sentiert sich statt vier Stieleis jetzt nur noch drei<br>Auch die Gewichte der noch verbleibenen Stieleise wurden reduziert,<br>so mit dem indirekten <strong>63%<\/strong> Preisaufschlag der Verbraucher verliert.<br>Auch hier sollte auf der Verpackung die Produktver\u00e4nderung stehen<br>dann kann der Verbraucher diesen gewollten Betrug sofort ersehen.<br><br><strong>\u201eListerine Total Care&#8220;<\/strong> den Inhalt reduziert, die Flasche geschlankt,<br>so die indirekte Teuerung, den Verpackungsherstellern sei gedankt.<br><strong>&#8222;Chocolat Amandes\u201c <\/strong>Vollmilch Schokolade von Aldi mit Marzipan,<br>hier weniger Marzipan und weniger Inhalt in die Verpackung getan.<br>Bei Katjes Fruchtgummis <strong>&#8222;Yoghurt-Gums&#8220;<\/strong> das Gewicht reduziert,<br>so dass der Verbraucher beim Vergleichen den \u201eDurchblick\u201c verliert.<br><br><strong>\u201eBon Maman\u201c<\/strong> hat bei der Produktion viele Glasgr\u00f6\u00dfen zur Wahl,<br>so wird ein Preisvergleich in dem Sortiment dann schnell zur Qual.<br>Damit die verschiedenen H\u00f6hen und Gr\u00f6\u00dfen sind nicht gut zu sehen,<br>sie auf verschiedenen Regalebenen &#8222;passend&#8220; nebeneinander stehen.<br>Carrefour-M\u00e4rkte in Frankreich zeigt diese \u201eSchrumpfung\u201c am Regal,<br>mit dem Sticker \u201eShrinkflation\u201c gut zu erkennen, man hat die Wahl!<br><br><strong>\u00a9<\/strong> Rainer Dambroth &#8211; 04.02.2024 &#8211; <strong><a href=\"https:\/\/www.overline-poetry.de\/\">www.overline-poetry.de<\/a><\/strong><\/p>\n","protected":false},"excerpt":{"rendered":"<p>Bei Ver\u00e4nderungen an den Verpackungen oder dem Inhaltsgewicht,geh\u00f6rt eine Warnung an das Regal, sonst sieht der Kunde es nicht.Kunden \u201eorientieren\u201c sich meistens doch nur an dem Verkaufspreis,weil man von Schummeleien der Hersteller nichts erf\u00e4hrt oder wei\u00df.Gefordert auf dem Produkt, gro\u00df sichtbar die neue Gewichtsangabeerspart den Produzenten die Suche nach Tarnung und das \u201eGehabe\u201c. Hier ist [&hellip;]<\/p>\n","protected":false},"author":3,"featured_media":0,"parent":0,"menu_order":0,"comment_status":"closed","ping_status":"closed","template":"","meta":{"footnotes":""},"class_list":["post-8339","page","type-page","status-publish","hentry"],"jetpack_sharing_enabled":true,"_links":{"self":[{"href":"https:\/\/www.overline-design.de\/poetry\/index.php?rest_route=\/wp\/v2\/pages\/8339","targetHints":{"allow":["GET"]}}],"collection":[{"href":"https:\/\/www.overline-design.de\/poetry\/index.php?rest_route=\/wp\/v2\/pages"}],"about":[{"href":"https:\/\/www.overline-design.de\/poetry\/index.php?rest_route=\/wp\/v2\/types\/page"}],"author":[{"embeddable":true,"href":"https:\/\/www.overline-design.de\/poetry\/index.php?rest_route=\/wp\/v2\/users\/3"}],"replies":[{"embeddable":true,"href":"https:\/\/www.overline-design.de\/poetry\/index.php?rest_route=%2Fwp%2Fv2%2Fcomments&post=8339"}],"version-history":[{"count":9,"href":"https:\/\/www.overline-design.de\/poetry\/index.php?rest_route=\/wp\/v2\/pages\/8339\/revisions"}],"predecessor-version":[{"id":8452,"href":"https:\/\/www.overline-design.de\/poetry\/index.php?rest_route=\/wp\/v2\/pages\/8339\/revisions\/8452"}],"wp:attachment":[{"href":"https:\/\/www.overline-design.de\/poetry\/index.php?rest_route=%2Fwp%2Fv2%2Fmedia&parent=8339"}],"curies":[{"name":"wp","href":"https:\/\/api.w.org\/{rel}","templated":true}]}}