
{"id":8349,"date":"2024-02-04T00:02:00","date_gmt":"2024-02-04T00:02:00","guid":{"rendered":"https:\/\/www.overline-design.de\/poetry\/?page_id=8349"},"modified":"2024-02-02T07:34:37","modified_gmt":"2024-02-02T07:34:37","slug":"eigenbedarfskuendigungen","status":"publish","type":"page","link":"https:\/\/www.overline-design.de\/poetry\/?page_id=8349","title":{"rendered":"Eigenbedarfsk\u00fcndigungen"},"content":{"rendered":"\n<p>Sozialwohnungen nach Bindung von 30 Jahren unsozial verwandelt,<br>denn so mancher Eigent\u00fcmer nur f\u00fcr seinen Gewinn dann handelt.<br>Die Eigennutzung durch den Eigent\u00fcmer sollte amtlich kontrolliert,<br>sonst durch diesen \u201eTrick\u201c, der Mieter seine Wohnung dann verliert<br><br>F\u00fcr Investoren bei auslaufender Bindung Wohnungen frei gemacht,<br>Wohnungen werden modernisiert teuer vermietet, so ist es gedacht<br>Hier fehlt von der Politik eine \u00c4nderung im Gesetz um zu verhindern,<br>dass Investoren durch hohe Mieten &#8222;soziale&#8220; Raumnutzung mindern.<br><br>Als Finanzanlage sind zentral gelegene Wohnobjekte sehr gesucht<br>und werden von den Investoren in hoher Gewinnerwartung gebucht.<br>Wohngeb\u00e4ude werden kernsaniert und energetisch umgewandelt,<br>als Luxuswohnungen mit hohen Mieten auf dem Markt gehandelt.<br><br>Uns fehlt heute schon viel Wohnraum mit einer bezahlbaren Miete,<br>Wohnungen ohne erfolgte Eigennutzung man gesetzlich verbiete.<br>In einem Fall Eigennutzung auf mehrere Wohnungen \u201eausgedehnt\u201c,<br>jetzt fehlen vier Wohnungen f\u00fcr gek\u00fcndigte Mieter, sei hier erw\u00e4hnt.<br><br>Marco Buschmann, FDP, sagt: \u201eDieses Problem ist zu klein f\u00fcr mich\u201c,<br>mit dieser Aussage l\u00e4sst er die \u201ezwangsgek\u00fcndigten\u201c Mieter in Stich.<br>Oder ist die Macht von Marco Buschmann zu klein f\u00fcr das Problem<br>und er macht sich, weil \u00fcberfordert, bei diesem Problem zu bequem.<br><br>\u201eWehret den Anf\u00e4ngen\u201c, so sollte die Politik dieses Problem angehen,<br>sonst in den kommenden Jahren viele Mieter auf der Stra\u00dfe stehen.<br>Oder sind Vermieter die Klientel der FDP, die man nicht \u00e4rgern will,<br>deswegen bleibt man besser passiv und h\u00e4lt zu diesem Thema still.<br><br>Erst wenn die gesamte Wohnraumversorgung ist befriedigend erf\u00fcllt,<br>erst dann sollten diese Luxusobjekte f\u00fcr die reichen Mieter \u201eenth\u00fcllt\u201c.<br>Diese \u201eMieterverdr\u00e4ngung\u201c sollte nur gesetzlich flankiert passieren,<br>sonst werden die Bestandsmieter \u201eauf der ganzen Linie\u201c verlieren\u201c.<br><br><strong>\u00a9<\/strong> Rainer Dambroth &#8211; 04.02.2024 &#8211; <strong><a href=\"https:\/\/www.overline-poetry.de\/\">www.overline-poetry.de<\/a><\/strong><br><br><strong><a href=\"https:\/\/www.overline-design.de\/poetry\/wp-admin\/post.php?post=5640&amp;action=edit\">FDP \u2013 Partei der Mitte?<\/a><\/strong><br><br><br><\/p>\n","protected":false},"excerpt":{"rendered":"<p>Sozialwohnungen nach Bindung von 30 Jahren unsozial verwandelt,denn so mancher Eigent\u00fcmer nur f\u00fcr seinen Gewinn dann handelt.Die Eigennutzung durch den Eigent\u00fcmer sollte amtlich kontrolliert,sonst durch diesen \u201eTrick\u201c, der Mieter seine Wohnung dann verliert F\u00fcr Investoren bei auslaufender Bindung Wohnungen frei gemacht,Wohnungen werden modernisiert teuer vermietet, so ist es gedachtHier fehlt von der Politik eine \u00c4nderung [&hellip;]<\/p>\n","protected":false},"author":3,"featured_media":0,"parent":0,"menu_order":0,"comment_status":"closed","ping_status":"closed","template":"","meta":{"footnotes":""},"class_list":["post-8349","page","type-page","status-publish","hentry"],"jetpack_sharing_enabled":true,"_links":{"self":[{"href":"https:\/\/www.overline-design.de\/poetry\/index.php?rest_route=\/wp\/v2\/pages\/8349","targetHints":{"allow":["GET"]}}],"collection":[{"href":"https:\/\/www.overline-design.de\/poetry\/index.php?rest_route=\/wp\/v2\/pages"}],"about":[{"href":"https:\/\/www.overline-design.de\/poetry\/index.php?rest_route=\/wp\/v2\/types\/page"}],"author":[{"embeddable":true,"href":"https:\/\/www.overline-design.de\/poetry\/index.php?rest_route=\/wp\/v2\/users\/3"}],"replies":[{"embeddable":true,"href":"https:\/\/www.overline-design.de\/poetry\/index.php?rest_route=%2Fwp%2Fv2%2Fcomments&post=8349"}],"version-history":[{"count":6,"href":"https:\/\/www.overline-design.de\/poetry\/index.php?rest_route=\/wp\/v2\/pages\/8349\/revisions"}],"predecessor-version":[{"id":8361,"href":"https:\/\/www.overline-design.de\/poetry\/index.php?rest_route=\/wp\/v2\/pages\/8349\/revisions\/8361"}],"wp:attachment":[{"href":"https:\/\/www.overline-design.de\/poetry\/index.php?rest_route=%2Fwp%2Fv2%2Fmedia&parent=8349"}],"curies":[{"name":"wp","href":"https:\/\/api.w.org\/{rel}","templated":true}]}}