
{"id":836,"date":"2016-10-23T16:45:41","date_gmt":"2016-10-23T16:45:41","guid":{"rendered":"https:\/\/overline-design.de\/poetry\/?page_id=836"},"modified":"2024-01-08T07:51:03","modified_gmt":"2024-01-08T07:51:03","slug":"die-moderne-landwirtschaft-oder-der-kampf-gegen-den-hunger","status":"publish","type":"page","link":"https:\/\/www.overline-design.de\/poetry\/?page_id=836","title":{"rendered":"Die moderne Landwirtschaft oder der Kampf gegen den Hunger"},"content":{"rendered":"\n<p>Man h\u00f6rt es st\u00e4ndig und immer wieder<br>von den Landwirten diese Klagelieder.<br>Die Ernte karg und die Preise so schlecht<br>ihr m\u00fcsst uns st\u00fctzen, das w\u00e4re wohl recht.<br>Wir Landwirte m\u00fcssen immer investieren,<br>um &#8222;Hof und Acker&#8220; nicht zu verlieren.<br>Wir &#8222;ackern&#8220; gegen den Hunger der Welt,<br>daf\u00fcr brauchen wir das viele Steuergeld.<br><br>Wir brauchen viel Geld in diesem Fall,<br>wir bauen einen gro\u00dfen, einen Mega-Stall.<br>Oben auf dem Dach, das ist doch klar,<br>kommt fl\u00e4chendeckend eine Anlage mit Solar.<br>Auf dem Acker kommt dann ganz geschwind,<br>eine Erzeugung von Strom mit dem Wind.<br>Mais auf dem Acker dient nicht der Ern\u00e4hrung,<br>der dient zum St\u00e4rken der eigenen W\u00e4hrung.<br><br>F\u00fcr die Biogasanlage zur Erzeugung von Energie,<br>daf\u00fcr brauchen wir Mais und die G\u00fclle vom Vieh.<br>\u00dcbersch\u00fcssige Tiere aus der Massenproduktion,<br>ich bin mir ganz sicher und ihr ahnt es schon,<br>gehen in den Export mit Steuergeldern finanziert,<br>damit der deutsche Landwirt kein Geld verliert.<br>Die Tiere auf der endlos langen Fahrt gequ\u00e4lt,<br>denn hier geht es nur um den Profit, der z\u00e4hlt.<br><br>Keiner die vorgeschriebenen Pausen kontrolliert,<br>auch nicht, wenn ein Tier sein Leben verliert.<br>Als Marktbereinigung wird es dann deklariert,<br>damit der deutsche Landwirt kein Geld verliert.<br>Das alles wird bezahlt mit unseren Steuern,<br>und indirekt sich die Preise damit verteuern.<br>Wir Landwirte bek\u00e4mpfen so den Hunger der Welt,<br>und alles wird subventioniert mit dem Steuergeld.<br><br>Die Landwirte der dritten Welt k\u00f6nnen nur verlieren,<br>sie k\u00f6nnen mit diesen Preisen nicht konkurrieren.<br>Wenn sie dadurch in den Schulden &#8222;ersaufen&#8220;,<br>m\u00fcssen sie billig ihren Hof und Land verkaufen.<br>Haben sie Hunger und k\u00f6nnen sich nicht wehren,<br>werden deutsche Landwirte auch sie ern\u00e4hren.<br>Nat\u00fcrlich mit Steuergeldern subventioniert,<br>damit der deutsche Landwirt kein Geld verliert.<\/p>\n\n\n\n<p>\u00a9 Rainer Dambroth &#8211; 23.10.2016 &#8211; <strong><a href=\"https:\/\/www.overline-poetry.de\">www.overline-poetry.de<\/a><\/strong><br><a href=\"https:\/\/www.overline-design.de\/poetry\/?p=31(\u00f6ffnet in neuem Tab)\" data-type=\"URL\" data-id=\"https:\/\/www.overline-design.de\/poetry\/?p=31(\u00f6ffnet in neuem Tab)\"><\/a><br><\/p>\n","protected":false},"excerpt":{"rendered":"<p>Man h\u00f6rt es st\u00e4ndig und immer wiedervon den Landwirten diese Klagelieder.Die Ernte karg und die Preise so schlechtihr m\u00fcsst uns st\u00fctzen, das w\u00e4re wohl recht.Wir Landwirte m\u00fcssen immer investieren,um &#8222;Hof und Acker&#8220; nicht zu verlieren.Wir &#8222;ackern&#8220; gegen den Hunger der Welt,daf\u00fcr brauchen wir das viele Steuergeld. Wir brauchen viel Geld in diesem Fall,wir bauen einen [&hellip;]<\/p>\n","protected":false},"author":3,"featured_media":0,"parent":0,"menu_order":0,"comment_status":"closed","ping_status":"closed","template":"","meta":{"footnotes":""},"class_list":["post-836","page","type-page","status-publish","hentry"],"jetpack_sharing_enabled":true,"_links":{"self":[{"href":"https:\/\/www.overline-design.de\/poetry\/index.php?rest_route=\/wp\/v2\/pages\/836","targetHints":{"allow":["GET"]}}],"collection":[{"href":"https:\/\/www.overline-design.de\/poetry\/index.php?rest_route=\/wp\/v2\/pages"}],"about":[{"href":"https:\/\/www.overline-design.de\/poetry\/index.php?rest_route=\/wp\/v2\/types\/page"}],"author":[{"embeddable":true,"href":"https:\/\/www.overline-design.de\/poetry\/index.php?rest_route=\/wp\/v2\/users\/3"}],"replies":[{"embeddable":true,"href":"https:\/\/www.overline-design.de\/poetry\/index.php?rest_route=%2Fwp%2Fv2%2Fcomments&post=836"}],"version-history":[{"count":12,"href":"https:\/\/www.overline-design.de\/poetry\/index.php?rest_route=\/wp\/v2\/pages\/836\/revisions"}],"predecessor-version":[{"id":8252,"href":"https:\/\/www.overline-design.de\/poetry\/index.php?rest_route=\/wp\/v2\/pages\/836\/revisions\/8252"}],"wp:attachment":[{"href":"https:\/\/www.overline-design.de\/poetry\/index.php?rest_route=%2Fwp%2Fv2%2Fmedia&parent=836"}],"curies":[{"name":"wp","href":"https:\/\/api.w.org\/{rel}","templated":true}]}}