
{"id":8362,"date":"2024-02-01T00:02:00","date_gmt":"2024-02-01T00:02:00","guid":{"rendered":"https:\/\/www.overline-design.de\/poetry\/?page_id=8362"},"modified":"2024-02-03T06:14:25","modified_gmt":"2024-02-03T06:14:25","slug":"tag-des-galgo-dia-del-galgo","status":"publish","type":"page","link":"https:\/\/www.overline-design.de\/poetry\/?page_id=8362","title":{"rendered":"Tag des Galgo &#8211; Dia del Galgo"},"content":{"rendered":"\n<p>Der 1. Februar ist f\u00fcr die spanischen J\u00e4ger ein \u201eEntscheidungstag\u201c,<br>an dem man als engagierter Tiersch\u00fctzer gar nicht zu denken mag.<br>Wenn die Galgos in der Saison nicht gen\u00fcgend Beute eingefangen,<br>dann werden sie, weil sie den J\u00e4ger entehrt(?), brutal aufgehangen.<br><br>Was ist das f\u00fcr Menschen, die sich begeistern f\u00fcr diesen Jagdsport,<br>wenn Tiere gequ\u00e4lt und leiden m\u00fcssen, dann ist das f\u00fcr mich Mord.<br>Tausende Galgos werden sinnlos get\u00f6tet oder brutal dann erh\u00e4ngt.<br>Und Tausende m\u00fcssen geboren, wenn die neue Jagdsaison anf\u00e4ngt.<br><br>Was ist f\u00fcr eine \u201eEhre\u201c, wenn ein J\u00e4ger wird von dem Hund entehrt<br>und was f\u00fcr sinnlose Tat, wenn dem Hund das Leben wird verwehrt.<br>Hier ist die Kirche als Institution endlich doch zum Handeln gefragt<br>und diesen, so handelnden J\u00e4ger, den Zutritt in die Kirche entsagt.<br><br>Spanische Tiersch\u00fctzer sollten gegen diese \u201eJ\u00e4ger\u201c demonstrieren,<br>so dass gegen\u00fcber der Gemeinschaft, sie dann ihre \u201eEhre\u201c verlieren.<br>Vielleicht bringt es diese \u201eJagd-Irren\u201c dann endlich zum Umlenken<br>und wegen der verlorenen \u201eEhre\u201c, beim Handeln dann umzudenken.<br><br>Diese spanischen J\u00e4ger mit ihren Verhalten in der Urzeit geblieben<br>und jagen mit der &#8222;Steinkeule&#8220;, wie H\u00f6hlenmenschen es so lieben.<br>Noch zu viele Spanier sich mit zweifelhaften Traditionen verbandeln,<br>so dass sie noch in vielen Dingen wie \u201eSteinzeitmenschen\u201c handeln.<br><br>(S)Tiere werden sinnlos maltr\u00e4tiert und bis in den Tod dann gequ\u00e4lt,<br>weil noch f\u00fcr zu viele Spanier, der \u201eSpa\u00df\u201c bei dem Todeskampf z\u00e4hlt.<br>Was f\u00fcr ein ungleicher Kampf, wenn der Stier in die Arena getrieben<br>und der Torero den Stier dann ersticht, weil die Zuschauer es lieben.<br><br><strong>\u00a9<\/strong> Rainer Dambroth &#8211; 01.02.2024 &#8211; <strong><a href=\"https:\/\/www.overline-poetry.de\/\">www.overline-poetry.de<\/a><\/strong><br><br><strong>Internet: Der <em>Galgo<\/em> Espa\u00f1ol geh\u00f6rt zu den Windhunden. Die eleganten, hochbeinigen Hunde mit langer Nase jagen ihre Beute auf Sicht.<\/strong><br><br><strong><a href=\"https:\/\/www.overline-design.de\/poetry\/wp-admin\/post.php?post=6467&amp;action=edit\">Viva Espa\u00f1a \u2013 Gequ\u00e4lte (S)Tiere<\/a><\/strong><br><strong><a href=\"https:\/\/www.overline-design.de\/poetry\/wp-admin\/post.php?post=4387&amp;action=edit\">Stierkampf ein Relikt aus der Urzeit?<\/a><\/strong><br><strong><a href=\"https:\/\/www.overline-design.de\/poetry\/wp-admin\/post.php?post=7417&amp;action=edit\">Tierausbeutung f\u00fcr den Tourismus<\/a><\/strong><br><br><\/p>\n","protected":false},"excerpt":{"rendered":"<p>Der 1. Februar ist f\u00fcr die spanischen J\u00e4ger ein \u201eEntscheidungstag\u201c,an dem man als engagierter Tiersch\u00fctzer gar nicht zu denken mag.Wenn die Galgos in der Saison nicht gen\u00fcgend Beute eingefangen,dann werden sie, weil sie den J\u00e4ger entehrt(?), brutal aufgehangen. Was ist das f\u00fcr Menschen, die sich begeistern f\u00fcr diesen Jagdsport,wenn Tiere gequ\u00e4lt und leiden m\u00fcssen, dann [&hellip;]<\/p>\n","protected":false},"author":3,"featured_media":0,"parent":0,"menu_order":0,"comment_status":"closed","ping_status":"closed","template":"","meta":{"footnotes":""},"class_list":["post-8362","page","type-page","status-publish","hentry"],"jetpack_sharing_enabled":true,"_links":{"self":[{"href":"https:\/\/www.overline-design.de\/poetry\/index.php?rest_route=\/wp\/v2\/pages\/8362","targetHints":{"allow":["GET"]}}],"collection":[{"href":"https:\/\/www.overline-design.de\/poetry\/index.php?rest_route=\/wp\/v2\/pages"}],"about":[{"href":"https:\/\/www.overline-design.de\/poetry\/index.php?rest_route=\/wp\/v2\/types\/page"}],"author":[{"embeddable":true,"href":"https:\/\/www.overline-design.de\/poetry\/index.php?rest_route=\/wp\/v2\/users\/3"}],"replies":[{"embeddable":true,"href":"https:\/\/www.overline-design.de\/poetry\/index.php?rest_route=%2Fwp%2Fv2%2Fcomments&post=8362"}],"version-history":[{"count":7,"href":"https:\/\/www.overline-design.de\/poetry\/index.php?rest_route=\/wp\/v2\/pages\/8362\/revisions"}],"predecessor-version":[{"id":8372,"href":"https:\/\/www.overline-design.de\/poetry\/index.php?rest_route=\/wp\/v2\/pages\/8362\/revisions\/8372"}],"wp:attachment":[{"href":"https:\/\/www.overline-design.de\/poetry\/index.php?rest_route=%2Fwp%2Fv2%2Fmedia&parent=8362"}],"curies":[{"name":"wp","href":"https:\/\/api.w.org\/{rel}","templated":true}]}}