
{"id":8386,"date":"2024-02-11T00:01:00","date_gmt":"2024-02-11T00:01:00","guid":{"rendered":"https:\/\/www.overline-design.de\/poetry\/?page_id=8386"},"modified":"2024-11-09T06:38:18","modified_gmt":"2024-11-09T06:38:18","slug":"wer-oder-was-hat-den-lindner-nur-geritten","status":"publish","type":"page","link":"https:\/\/www.overline-design.de\/poetry\/?page_id=8386","title":{"rendered":"Wer oder was hat den Lindner nur geritten?"},"content":{"rendered":"\n<p>Wer oder was hat den Finanzminister Christian Lindner nur &#8222;geritten&#8220;,<br>das sich st\u00e4ndig in in der koalierenden Zusammenarbeit gestritten?<br>Hat er den Schuss von \u201erechts\u201c kommend nicht oder sogar \u00fcberh\u00f6rt,<br>das seine Art der Koalitions-Zusammenarbeit, die B\u00fcrger nur st\u00f6rt.<br><br>Lindner meint, er muss sich st\u00e4ndig erkl\u00e4ren, um sich zu profilieren,<br>bei dem Versuch sich zu erkl\u00e4ren, wird er die B\u00fcrger nur frustrieren.<br>Den B\u00fcrger interessiert nur, was in Einkaufswagen und Lohnt\u00fcte ist<br>und diesen st\u00e4ndigen Koalitionsstreit empfinden B\u00fcrger nur als Mist!<br><br>Warum kann die Koalition sich nicht unter Verschluss dann streiten<br>und gerade die FDP muss den Weg in die \u00d6ffentlichkeit beschreiten.<br>Lindner legt sich sogar schon mit den Landwirtschaftsbetrieben an<br>und zeigt was Finanzminister Lindner mit seiner Macht alles kann.<br><br>Auch er sollte immer an die drohende \u201erechte Gefahr\u201c dann denken<br>und er sollte seine Strategien in die richtige Richtung auch lenken.<br>Wenn die Ampel ausf\u00e4llt, dann die Vorfahrt von rechts, so die Regel<br>und dann bl\u00e4st der \u201eVolkssturm\u201c von rechts in das Regierungssegel.<br><br>Oder biedert sich Lindner der CDU\/CSU f\u00fcr die Zusammenarbeit an<br>und will zeigen, was ein Christian Lindner alles kaputtmachen kann?<br>Man sollte doch der FDP sagen, das sie in einer Koalition mitregiert,<br>weil sie bei vielen Beschl\u00fcssen und Gesetzen nur dagegen opponiert.<br><br>Bei dem Lieferkettengesetz, wogegen nat\u00fcrlich die FDP interveniert,<br>oder das Gesetz gegen h\u00e4usliche Gewalt, wo auch die FDP blockiert.<br>Will die FDP bei der n\u00e4chsten Wahl als \u201enicht w\u00e4hlbar eingesch\u00e4tzt\u201c,<br>warum sie sich in zu vielen Entscheidungen st\u00e4ndig dann widersetzt.<br><br>Auch bei der FDP gibt es den w\u00e4hlbaren Personenkreis mit Verstand,<br>mit konstruktive Ideen und Strategien, somit gut sind f\u00fcr unser Land.<br>Auch hier die Dauer der Mitgliedsschaft bei der \u00c4mtervergabe z\u00e4hlt,<br>manches Mal, leider die richtige Person in der Rangfolge dann fehlt.<br><br><strong>\u00a9<\/strong> Rainer Dambroth &#8211; 11.02.2024 &#8211; <strong><a href=\"https:\/\/www.overline-poetry.de\/\">www.overline-poetry.de<\/a><\/strong><\/p>\n","protected":false},"excerpt":{"rendered":"<p>Wer oder was hat den Finanzminister Christian Lindner nur &#8222;geritten&#8220;,das sich st\u00e4ndig in in der koalierenden Zusammenarbeit gestritten?Hat er den Schuss von \u201erechts\u201c kommend nicht oder sogar \u00fcberh\u00f6rt,das seine Art der Koalitions-Zusammenarbeit, die B\u00fcrger nur st\u00f6rt. Lindner meint, er muss sich st\u00e4ndig erkl\u00e4ren, um sich zu profilieren,bei dem Versuch sich zu erkl\u00e4ren, wird er die [&hellip;]<\/p>\n","protected":false},"author":3,"featured_media":0,"parent":0,"menu_order":0,"comment_status":"closed","ping_status":"closed","template":"","meta":{"footnotes":""},"class_list":["post-8386","page","type-page","status-publish","hentry"],"jetpack_sharing_enabled":true,"_links":{"self":[{"href":"https:\/\/www.overline-design.de\/poetry\/index.php?rest_route=\/wp\/v2\/pages\/8386","targetHints":{"allow":["GET"]}}],"collection":[{"href":"https:\/\/www.overline-design.de\/poetry\/index.php?rest_route=\/wp\/v2\/pages"}],"about":[{"href":"https:\/\/www.overline-design.de\/poetry\/index.php?rest_route=\/wp\/v2\/types\/page"}],"author":[{"embeddable":true,"href":"https:\/\/www.overline-design.de\/poetry\/index.php?rest_route=\/wp\/v2\/users\/3"}],"replies":[{"embeddable":true,"href":"https:\/\/www.overline-design.de\/poetry\/index.php?rest_route=%2Fwp%2Fv2%2Fcomments&post=8386"}],"version-history":[{"count":3,"href":"https:\/\/www.overline-design.de\/poetry\/index.php?rest_route=\/wp\/v2\/pages\/8386\/revisions"}],"predecessor-version":[{"id":9358,"href":"https:\/\/www.overline-design.de\/poetry\/index.php?rest_route=\/wp\/v2\/pages\/8386\/revisions\/9358"}],"wp:attachment":[{"href":"https:\/\/www.overline-design.de\/poetry\/index.php?rest_route=%2Fwp%2Fv2%2Fmedia&parent=8386"}],"curies":[{"name":"wp","href":"https:\/\/api.w.org\/{rel}","templated":true}]}}