
{"id":8394,"date":"2024-02-18T00:01:00","date_gmt":"2024-02-18T00:01:00","guid":{"rendered":"https:\/\/www.overline-design.de\/poetry\/?page_id=8394"},"modified":"2024-07-02T14:49:58","modified_gmt":"2024-07-02T14:49:58","slug":"soll-der-verbraucher-untergebuttert-werden-butterkomplott","status":"publish","type":"page","link":"https:\/\/www.overline-design.de\/poetry\/?page_id=8394","title":{"rendered":"Soll der Verbraucher untergebuttert werden? \/ Butterkomplott?"},"content":{"rendered":"\n<p>Soll der Verbraucher mit \u201ewirren\u201c Preisen \u201euntergebuttert werden\u201c?<br>Warum sonst versucht man so viele Tricksereien hier auf den Erden?<br>Ich bezeichne diese Tricksereien gegen\u00fcber den Kunden als Betrug<br>und wenn man rechnen muss, verliert man zum Produkt den Bezug.<br><br>Heute die <strong>Weihenstephan <\/strong>St\u00fcckbutter zum Sonderpreis inseriert,<br>aber wurde das Gewicht um 15 Gramm auf 235 Gramm reduziert?<br>Die Kilopreisangabe, klein gedruckt in der Werbung und am Regal,<br>so wird bei jedem Einkauf, beim Preisvergleich, dieses zu einer Qual!<br><br>Letzte Woche <strong>Kaergarden<\/strong> Becherbutter auf 200 Gramm gemindert,<br>da im Regal auf Augenh\u00f6he, habe ich mit Sicht den Kauf verhindert.<br>Bei Draufsicht die unterschiedliche Becherh\u00f6hen dann gut zu sehen,<br>darum dieses beworbene Produkt nicht als \u201eAngebot\u201c zu verstehen.<br><br>Von <strong>Kaergarden<\/strong> der 400 Gramm Becher nur den Kunden verwirrt,<br>wenn er die Preise vergleichend durch die Frischwarenabteilung irrt.<br>Man will mit diesen \u201ekrummen Gewichten\u201c bestimmt nur vermeiden,<br>das die Kunden bei Produkten Preise vergleichen und unterscheiden.<br><br><strong>Kerry-Gold<\/strong>, irish Butter, die irische Gro\u00dfmolkerei Genossenschaft,<br>die auch nur im Sinne der irischen Landwirtschaftsbetriebe schafft.<br>Auch hier sollte man die Inhaltsangaben der Produkte kontrollieren,<br>sonst wird man mit qualitativen Inhalten dann auch noch verlieren.<br><br>Bei Becherbutter die Mischung Butter und \u00d6lzusatz nicht einheitlich,<br>auch durch Zugabe von Wasser \u00e4ndert die Zusammensetzung sich.<br>Hier ist der Gesetzgeber gefordert, diesen \u201eUnsinn\u201c zu unterbinden<br>und mit den Herstellern eine standardisierte L\u00f6sung dann zu finden.<br><br>Lasst uns die Waren dieser &#8222;unseri\u00f6sen Preisgestalter&#8220; boykottieren<br>und uns nur f\u00fcr die Produkte der &#8222;seri\u00f6sen&#8220; Hersteller interessieren.<br>Wer versucht, \u00fcber eine Gewichtsreduktion die Preise &#8222;anzuheben&#8220;,<br>der sollte dann einen Boykott als Protest der Verbraucher erleben!<br><br>\u00a9,Rainer Dambroth &#8211; 18.02.2024 &#8211; <strong><a href=\"https:\/\/www.overline-poetry.de\/\">www.overline-poetry.de<\/a><\/strong><\/p>\n\n\n\n<p><strong><a href=\"https:\/\/www.overline-design.de\/poetry\/wp-admin\/post.php?post=7940&amp;action=edit\">Verbrauchert\u00e4uschung \u2013 weniger ist mehr?<\/a><\/strong><br><strong><a href=\"https:\/\/www.overline-design.de\/poetry\/wp-admin\/post.php?post=5820&amp;action=edit\">Preisexplosion und Gewichtsreduktion!<\/a><\/strong><br><strong><a href=\"https:\/\/www.overline-design.de\/poetry\/wp-admin\/post.php?post=2320&amp;action=edit\">Mogelpackung \u2013 die indirekte Preiserh\u00f6hung<\/a><\/strong><\/p>\n","protected":false},"excerpt":{"rendered":"<p>Soll der Verbraucher mit \u201ewirren\u201c Preisen \u201euntergebuttert werden\u201c?Warum sonst versucht man so viele Tricksereien hier auf den Erden?Ich bezeichne diese Tricksereien gegen\u00fcber den Kunden als Betrugund wenn man rechnen muss, verliert man zum Produkt den Bezug. Heute die Weihenstephan St\u00fcckbutter zum Sonderpreis inseriert,aber wurde das Gewicht um 15 Gramm auf 235 Gramm reduziert?Die Kilopreisangabe, klein [&hellip;]<\/p>\n","protected":false},"author":3,"featured_media":0,"parent":0,"menu_order":0,"comment_status":"closed","ping_status":"closed","template":"","meta":{"footnotes":""},"class_list":["post-8394","page","type-page","status-publish","hentry"],"jetpack_sharing_enabled":true,"_links":{"self":[{"href":"https:\/\/www.overline-design.de\/poetry\/index.php?rest_route=\/wp\/v2\/pages\/8394","targetHints":{"allow":["GET"]}}],"collection":[{"href":"https:\/\/www.overline-design.de\/poetry\/index.php?rest_route=\/wp\/v2\/pages"}],"about":[{"href":"https:\/\/www.overline-design.de\/poetry\/index.php?rest_route=\/wp\/v2\/types\/page"}],"author":[{"embeddable":true,"href":"https:\/\/www.overline-design.de\/poetry\/index.php?rest_route=\/wp\/v2\/users\/3"}],"replies":[{"embeddable":true,"href":"https:\/\/www.overline-design.de\/poetry\/index.php?rest_route=%2Fwp%2Fv2%2Fcomments&post=8394"}],"version-history":[{"count":9,"href":"https:\/\/www.overline-design.de\/poetry\/index.php?rest_route=\/wp\/v2\/pages\/8394\/revisions"}],"predecessor-version":[{"id":8823,"href":"https:\/\/www.overline-design.de\/poetry\/index.php?rest_route=\/wp\/v2\/pages\/8394\/revisions\/8823"}],"wp:attachment":[{"href":"https:\/\/www.overline-design.de\/poetry\/index.php?rest_route=%2Fwp%2Fv2%2Fmedia&parent=8394"}],"curies":[{"name":"wp","href":"https:\/\/api.w.org\/{rel}","templated":true}]}}