
{"id":840,"date":"2020-11-08T17:05:21","date_gmt":"2020-11-08T17:05:21","guid":{"rendered":"https:\/\/overline-design.de\/poetry\/?page_id=840"},"modified":"2022-09-29T07:10:21","modified_gmt":"2022-09-29T07:10:21","slug":"der-weg-ist-weg","status":"publish","type":"page","link":"https:\/\/www.overline-design.de\/poetry\/?page_id=840","title":{"rendered":"Der Weg ist weg"},"content":{"rendered":"\n<p>Heute gehe ich durch Feld und Flur,<br>doch ich staune, denn wo ist er nur?<br>Weg ist der Weg, auf dem ich gehe,<br>weil ich jetzt auf dem Acker stehe.<br>Weg gepfl\u00fcgt vom Weg ein St\u00fcck,<br>dass ich noch gehen kann ist Gl\u00fcck.<br>Ich bin sicher, beim n\u00e4chsten Gang,<br>lauf ich auf dem gepfl\u00fcgten Acker lang.<br>Da hat der Bauer ganz unumwunden,<br>zwei \u00c4cker mit einander so verbunden.<br>Dem Bauern das aber wenig st\u00f6rt,<br>weil das St\u00fcck Land ihm nicht geh\u00f6rt.<br>Er zahlt daf\u00fcr weder Pacht noch Steuer,<br>dass w\u00e4re dann f\u00fcr ihn doch zu teuer.<\/p>\n\n\n\n<p>\u00a9 Rainer Dambroth &#8211; 28.04.2015 &#8211; <strong><a href=\"https:\/\/www.overline-poetry.de\">www.overline-poetry.de<\/a><\/strong><br><\/p>\n","protected":false},"excerpt":{"rendered":"<p>Heute gehe ich durch Feld und Flur,doch ich staune, denn wo ist er nur?Weg ist der Weg, auf dem ich gehe,weil ich jetzt auf dem Acker stehe.Weg gepfl\u00fcgt vom Weg ein St\u00fcck,dass ich noch gehen kann ist Gl\u00fcck.Ich bin sicher, beim n\u00e4chsten Gang,lauf ich auf dem gepfl\u00fcgten Acker lang.Da hat der Bauer ganz unumwunden,zwei \u00c4cker [&hellip;]<\/p>\n","protected":false},"author":3,"featured_media":0,"parent":0,"menu_order":0,"comment_status":"closed","ping_status":"closed","template":"","meta":{"footnotes":""},"class_list":["post-840","page","type-page","status-publish","hentry"],"jetpack_sharing_enabled":true,"_links":{"self":[{"href":"https:\/\/www.overline-design.de\/poetry\/index.php?rest_route=\/wp\/v2\/pages\/840","targetHints":{"allow":["GET"]}}],"collection":[{"href":"https:\/\/www.overline-design.de\/poetry\/index.php?rest_route=\/wp\/v2\/pages"}],"about":[{"href":"https:\/\/www.overline-design.de\/poetry\/index.php?rest_route=\/wp\/v2\/types\/page"}],"author":[{"embeddable":true,"href":"https:\/\/www.overline-design.de\/poetry\/index.php?rest_route=\/wp\/v2\/users\/3"}],"replies":[{"embeddable":true,"href":"https:\/\/www.overline-design.de\/poetry\/index.php?rest_route=%2Fwp%2Fv2%2Fcomments&post=840"}],"version-history":[{"count":8,"href":"https:\/\/www.overline-design.de\/poetry\/index.php?rest_route=\/wp\/v2\/pages\/840\/revisions"}],"predecessor-version":[{"id":6008,"href":"https:\/\/www.overline-design.de\/poetry\/index.php?rest_route=\/wp\/v2\/pages\/840\/revisions\/6008"}],"wp:attachment":[{"href":"https:\/\/www.overline-design.de\/poetry\/index.php?rest_route=%2Fwp%2Fv2%2Fmedia&parent=840"}],"curies":[{"name":"wp","href":"https:\/\/api.w.org\/{rel}","templated":true}]}}