
{"id":8412,"date":"2024-02-18T00:05:00","date_gmt":"2024-02-18T00:05:00","guid":{"rendered":"https:\/\/www.overline-design.de\/poetry\/?page_id=8412"},"modified":"2024-02-18T10:11:43","modified_gmt":"2024-02-18T10:11:43","slug":"ampel-schlechteste-regierung-der-geschichte","status":"publish","type":"page","link":"https:\/\/www.overline-design.de\/poetry\/?page_id=8412","title":{"rendered":"Sahra Wagenknecht: &#8222;Ampel schlechteste Regierung der Geschichte&#8220;"},"content":{"rendered":"\n<p>\u201eDie Ampel ist schlechteste Regierung der Geschichte\u201c,<br>so ist Sahra Wagenknecht in ihren Reden am foppen<br>und an ihre W\u00e4hler gerichtet, mit Freude im Gesichte:<br>\u201eWenn wir erst regieren, werden wir dieses toppen\u201c.<br><br>Im Wahlprogramm vom B\u00fcndnis Sahra Wagenknecht,<br>da ist f\u00fcr jeden m\u00f6glichen W\u00e4hler irgend etwas dabei.<br>Nur mit gedruckten Spr\u00fcchen regiert es sich schlecht,<br>aber Kritik an ihrem Programm, das scheint ihr einerlei.<br><br>Von \u201eTalkrunde zu Talkrunde\u201c sie sich dann pr\u00e4sentiert,<br>sie l\u00e4sst wiederholt dann ihre \u201eGebetsm\u00fchlen\u201c kreisen,<br>betont: Weil Russland ist zu stark, die Ukraine verliert,<br>aber wie den Krieg beenden, kann sie nicht beweisen.<br><br>Wir sollten dr\u00e4ngen, das endlich der Frieden verhandelt,<br>aber naiv von ihr gesagt, als w\u00e4re einfach der Versuch.<br>Sie scheint doch mit dem Despoten Putin gut verbandelt,<br>weil sie st\u00e4ndig \u201epredigt\u201c und wiederholt diesen Spruch.<br><br>Wir sollten doch das Embargo gegen Russland beenden<br>und doch keine Waffen in die Ukraine mehr exportieren.<br>F\u00fcr unsere Wirtschaft wieder russisches Gas verwenden,<br>sonst wird die Industrie in Deutschland auch verlieren.<br><br>Zur Zeit w\u00fcrden wir doch Gas von Amerika importieren<br>und dieses doch ausgerechnet von einem Klassenfeind.<br>Damit w\u00fcrden wir uns gegen\u00fcber Russland blamieren<br>und gegen\u00fcber Putin, der es doch nur gut mit uns meint.<br><br>So s\u00e4uselt die Sahra Wagenknecht ihre Friedensparolen,<br>unterstrichen mit einem naiv blickenden Augenaufschlag.<br>Die Ukrainer h\u00e4tten doch den Russen das Land gestohlen,<br>aber seit 1994 gibt es doch einen &#8222;Souver\u00e4nit\u00e4tsvertrag&#8220;!<br><br>Auch AfD-Frau Alice Weidel schl\u00e4gt in die gleiche Kerbe,<br>au\u00dfer v\u00f6lkisches Gedankengut gibt es nichts zu leisten,<br>aber wenn man die jetzige Regierung mit Gewalt beerbe,<br>dann z\u00e4hlt das nationale Deutschland doch am meisten.<br><br><strong>\u00a9<\/strong> Rainer Dambroth &#8211; 18.02.2024 &#8211; <strong><a href=\"https:\/\/www.overline-poetry.de\/\">www.overline-poetry.de<\/a><\/strong><br><br><\/p>\n\n\n\n<p><br><br><\/p>\n","protected":false},"excerpt":{"rendered":"<p>\u201eDie Ampel ist schlechteste Regierung der Geschichte\u201c,so ist Sahra Wagenknecht in ihren Reden am foppenund an ihre W\u00e4hler gerichtet, mit Freude im Gesichte:\u201eWenn wir erst regieren, werden wir dieses toppen\u201c. Im Wahlprogramm vom B\u00fcndnis Sahra Wagenknecht,da ist f\u00fcr jeden m\u00f6glichen W\u00e4hler irgend etwas dabei.Nur mit gedruckten Spr\u00fcchen regiert es sich schlecht,aber Kritik an ihrem Programm, [&hellip;]<\/p>\n","protected":false},"author":3,"featured_media":0,"parent":0,"menu_order":0,"comment_status":"closed","ping_status":"closed","template":"","meta":{"footnotes":""},"class_list":["post-8412","page","type-page","status-publish","hentry"],"jetpack_sharing_enabled":true,"_links":{"self":[{"href":"https:\/\/www.overline-design.de\/poetry\/index.php?rest_route=\/wp\/v2\/pages\/8412","targetHints":{"allow":["GET"]}}],"collection":[{"href":"https:\/\/www.overline-design.de\/poetry\/index.php?rest_route=\/wp\/v2\/pages"}],"about":[{"href":"https:\/\/www.overline-design.de\/poetry\/index.php?rest_route=\/wp\/v2\/types\/page"}],"author":[{"embeddable":true,"href":"https:\/\/www.overline-design.de\/poetry\/index.php?rest_route=\/wp\/v2\/users\/3"}],"replies":[{"embeddable":true,"href":"https:\/\/www.overline-design.de\/poetry\/index.php?rest_route=%2Fwp%2Fv2%2Fcomments&post=8412"}],"version-history":[{"count":6,"href":"https:\/\/www.overline-design.de\/poetry\/index.php?rest_route=\/wp\/v2\/pages\/8412\/revisions"}],"predecessor-version":[{"id":8450,"href":"https:\/\/www.overline-design.de\/poetry\/index.php?rest_route=\/wp\/v2\/pages\/8412\/revisions\/8450"}],"wp:attachment":[{"href":"https:\/\/www.overline-design.de\/poetry\/index.php?rest_route=%2Fwp%2Fv2%2Fmedia&parent=8412"}],"curies":[{"name":"wp","href":"https:\/\/api.w.org\/{rel}","templated":true}]}}