
{"id":843,"date":"2011-11-08T17:11:00","date_gmt":"2011-11-08T17:11:00","guid":{"rendered":"https:\/\/overline-design.de\/poetry\/?page_id=843"},"modified":"2021-05-19T07:19:08","modified_gmt":"2021-05-19T07:19:08","slug":"warum-ich-aufgehoert-habe","status":"publish","type":"page","link":"https:\/\/www.overline-design.de\/poetry\/?page_id=843","title":{"rendered":"Warum ich aufgeh\u00f6rt habe"},"content":{"rendered":"\n<p>Warum habe ich politisch und \u00f6ffentlich aufgeh\u00f6rt,<br>weil menschliche Unaufrichtigkeit hat mich gest\u00f6rt.<br>Wenn einer aus den eigenen Reihen ganz ungeniert<br>mit Un- und Halbwahrheiten gegen mich rebelliert.<br><br>Wer vor der Wahl hat Mails gegen mich verschickt,<br>der hat doch Probleme und taktiert nicht geschickt.<br>Er w\u00fcrde selber gerne, aber h\u00e4tte nicht den Mut,<br>nur mit der Angst zu verlieren, das w\u00e4re nicht gut.<br><br>Schrieb, ohne sich vorher richtig zu informieren,<br>nur um meine politische Arbeit zu diskreditieren.<br>Die Zusammenarbeit in einer politischen Gruppe,<br>die st\u00f6rte ihn; nur warum, das war ihm &#8222;schnuppe&#8220;.<br><br>H\u00e4tte er doch einfach nur nach dem &#8222;warum&#8220; gefragt,<br>ich h\u00e4tte ihm doch den Grund f\u00fcr das &#8222;warum&#8220; gesagt.<br>Er war trotz Einladung bei den Gr\u00fcnen nie dabei<br>und man glaubte, die Treffen waren ihm einerlei.<br><br>Er wurde per Mail \u00fcber die Neuigkeiten informiert<br>und mein Eindruck, dass ihn das nicht interessiert.<br>Ich hatte mich auch f\u00fcr die Wahl 2011 bereit gestellt,<br>und der Klaus hatte sich zur Verst\u00e4rkung dazugesellt.<br><br>Als wir von den Mailrundschreiben hatten geh\u00f6rt,<br>uns diese Vorgehensweise hat doch sehr gest\u00f6rt.<br>Er h\u00e4tte doch nur fragen sollen, was er angedacht,<br>dann h\u00e4tten wir den Weg auch f\u00fcr ihn freigemacht.<br><br>Wer nur aus dem Hinterhalt angreift und agiert,<br>das n\u00f6tige Grundvertrauen sehr schnell verliert.<br>Bevor die anstehende Wahl durch ihn wird zur Qual,<br>hatten wir zur\u00fcckgezogen die Bereitschaft zur Wahl.<br><br>Nach meinem politischen R\u00fcckzug hatte er die Zeit<br>und war auf einmal zu vielen Dingen doch bereit.<br>Ihm werde ich meine H\u00e4nde nicht mehr reichen,<br>denn solch ein Typ verdient keine Friedenszeichen.<\/p>\n\n\n\n<p>Jeder wird die Person in dem Text wohl erkennen,<br>darum brauche ich ihn nicht beim Namen zu nennen.<br><br><strong>\u00a9<\/strong> Rainer Dambroth &#8211; November 2011 &#8211; <strong><a href=\"https:\/\/www.overline-poetry.de\">www.overline-poetry.de<\/a><\/strong><\/p>\n\n\n\n<p>Mit gro\u00dfer Freude habe ich geh\u00f6rt und empfunden,<br>dass er bei den Gr\u00fcnen ist endlich verschwunden.<br><\/p>\n","protected":false},"excerpt":{"rendered":"<p>Warum habe ich politisch und \u00f6ffentlich aufgeh\u00f6rt,weil menschliche Unaufrichtigkeit hat mich gest\u00f6rt.Wenn einer aus den eigenen Reihen ganz ungeniertmit Un- und Halbwahrheiten gegen mich rebelliert. Wer vor der Wahl hat Mails gegen mich verschickt,der hat doch Probleme und taktiert nicht geschickt.Er w\u00fcrde selber gerne, aber h\u00e4tte nicht den Mut,nur mit der Angst zu verlieren, das [&hellip;]<\/p>\n","protected":false},"author":3,"featured_media":0,"parent":0,"menu_order":0,"comment_status":"closed","ping_status":"closed","template":"","meta":{"footnotes":""},"class_list":["post-843","page","type-page","status-publish","hentry"],"jetpack_sharing_enabled":true,"_links":{"self":[{"href":"https:\/\/www.overline-design.de\/poetry\/index.php?rest_route=\/wp\/v2\/pages\/843","targetHints":{"allow":["GET"]}}],"collection":[{"href":"https:\/\/www.overline-design.de\/poetry\/index.php?rest_route=\/wp\/v2\/pages"}],"about":[{"href":"https:\/\/www.overline-design.de\/poetry\/index.php?rest_route=\/wp\/v2\/types\/page"}],"author":[{"embeddable":true,"href":"https:\/\/www.overline-design.de\/poetry\/index.php?rest_route=\/wp\/v2\/users\/3"}],"replies":[{"embeddable":true,"href":"https:\/\/www.overline-design.de\/poetry\/index.php?rest_route=%2Fwp%2Fv2%2Fcomments&post=843"}],"version-history":[{"count":9,"href":"https:\/\/www.overline-design.de\/poetry\/index.php?rest_route=\/wp\/v2\/pages\/843\/revisions"}],"predecessor-version":[{"id":8564,"href":"https:\/\/www.overline-design.de\/poetry\/index.php?rest_route=\/wp\/v2\/pages\/843\/revisions\/8564"}],"wp:attachment":[{"href":"https:\/\/www.overline-design.de\/poetry\/index.php?rest_route=%2Fwp%2Fv2%2Fmedia&parent=843"}],"curies":[{"name":"wp","href":"https:\/\/api.w.org\/{rel}","templated":true}]}}