
{"id":846,"date":"2020-10-09T17:15:49","date_gmt":"2020-10-09T17:15:49","guid":{"rendered":"https:\/\/overline-design.de\/poetry\/?page_id=846"},"modified":"2021-01-08T18:04:26","modified_gmt":"2021-01-08T18:04:26","slug":"ich-gehe-zum-strand","status":"publish","type":"page","link":"https:\/\/www.overline-design.de\/poetry\/?page_id=846","title":{"rendered":"Ich gehe zum Strand"},"content":{"rendered":"\n<p>Ich gehe zum Meer an den Strand<br>und setze mich in den hei\u00dfen Sand.<br>W\u00e4hrend ich hier sitze in der Hitze,<br>brennt die Sonne und ich schwitze.<br>Wenn es mir dann wird zu heiss<br>und bei mir rinnt der Schweiss,<br>will ich ins Wasser bei dieser Hitze,<br>damit ich nicht noch weiter schwitze.<br>Wo ist es geblieben das k\u00fchle Meer,<br>also ich laufe dem Meer hinterher.<br>Weit weg vom dem heissen Strand,<br>mu\u00df erst durch den heissen Sand.<br>Dann laufe auf dem Meeresgrunde<br>und das zur heissen Mittagsstunde.<br>Und so laufe ich bei dieser Hitze,<br>so dass ich immer weiter schwitze.<br>Am Wasser endlich angekommen,<br>habe ich ganz schnell vernommen,<br>dass sie nun kommen wird die Flut.<br>Wenn ich warte, dass w\u00e4re nicht gut!<br>Schnell laufe ich zur\u00fcck zum Strand<br>und setze mich ersch\u00f6pft in den Sand.<br>Als sie endlich angekommen die Flut,<br>ist das Wetter gar nicht mehr so gut.<br>Es ist wolkig, windig und auch kalt.<br>Ich denke, dass ich werde gehen bald.<br>Morgen wird auch ein sonniger Tag,<br>wo ich wieder zum Strand gehen mag.<\/p>\n\n\n\n<p><strong>\u00a9<\/strong> Rainer Dambroth &#8211; 09.10.2020 &#8211; <strong><a href=\"https:\/\/www.overline-poetry.de\">www.overline-poetry.de<\/a><\/strong><br><\/p>\n","protected":false},"excerpt":{"rendered":"<p>Ich gehe zum Meer an den Strandund setze mich in den hei\u00dfen Sand.W\u00e4hrend ich hier sitze in der Hitze,brennt die Sonne und ich schwitze.Wenn es mir dann wird zu heissund bei mir rinnt der Schweiss,will ich ins Wasser bei dieser Hitze,damit ich nicht noch weiter schwitze.Wo ist es geblieben das k\u00fchle Meer,also ich laufe dem [&hellip;]<\/p>\n","protected":false},"author":3,"featured_media":0,"parent":0,"menu_order":0,"comment_status":"closed","ping_status":"closed","template":"","meta":{"footnotes":""},"class_list":["post-846","page","type-page","status-publish","hentry"],"jetpack_sharing_enabled":true,"_links":{"self":[{"href":"https:\/\/www.overline-design.de\/poetry\/index.php?rest_route=\/wp\/v2\/pages\/846","targetHints":{"allow":["GET"]}}],"collection":[{"href":"https:\/\/www.overline-design.de\/poetry\/index.php?rest_route=\/wp\/v2\/pages"}],"about":[{"href":"https:\/\/www.overline-design.de\/poetry\/index.php?rest_route=\/wp\/v2\/types\/page"}],"author":[{"embeddable":true,"href":"https:\/\/www.overline-design.de\/poetry\/index.php?rest_route=\/wp\/v2\/users\/3"}],"replies":[{"embeddable":true,"href":"https:\/\/www.overline-design.de\/poetry\/index.php?rest_route=%2Fwp%2Fv2%2Fcomments&post=846"}],"version-history":[{"count":6,"href":"https:\/\/www.overline-design.de\/poetry\/index.php?rest_route=\/wp\/v2\/pages\/846\/revisions"}],"predecessor-version":[{"id":2167,"href":"https:\/\/www.overline-design.de\/poetry\/index.php?rest_route=\/wp\/v2\/pages\/846\/revisions\/2167"}],"wp:attachment":[{"href":"https:\/\/www.overline-design.de\/poetry\/index.php?rest_route=%2Fwp%2Fv2%2Fmedia&parent=846"}],"curies":[{"name":"wp","href":"https:\/\/api.w.org\/{rel}","templated":true}]}}