
{"id":8552,"date":"2024-03-24T00:01:00","date_gmt":"2024-03-24T00:01:00","guid":{"rendered":"https:\/\/www.overline-design.de\/poetry\/?page_id=8552"},"modified":"2024-03-25T10:23:38","modified_gmt":"2024-03-25T10:23:38","slug":"die-rechtsextremisten-im-osten","status":"publish","type":"page","link":"https:\/\/www.overline-design.de\/poetry\/?page_id=8552","title":{"rendered":"Die Rechtsextremisten im Osten"},"content":{"rendered":"\n<p>Die Rechtsextremisten haben es doch sehr schnell f\u00fcr sich erkannt,<br>die Menschen im Osten sind gut beeinflussbar, deshalb interessant.<br>Hier reichen eine gute Vernetzung und gut vermittelbare \u201eParolen\u201c,<br>um bei den nicht \u201ehellsten Kerzen\u201c im Osten die \u201eStimme\u201c zu holen.<br><br>Bj\u00f6rn H\u00f6cke sich schon gerne als den neuen gro\u00dfen F\u00fchrer initiiert<br>und bei all seinen \u00f6ffentlichen Auftritten eine \u201egro\u00dfe Lippe\u201c riskiert.<br>Er sieht wieder das v\u00f6lkisches Deutschland, wie zu den alten Zeiten<br>in einer Autokratie, wo wir die Wege des Nationalismus beschreiten.<br><br>Offen ausgesprochen will er die nicht v\u00f6lkischen B\u00fcrger remigrieren,<br>wobei auch Deutsche mit fremdl\u00e4ndischen Wurzeln Rechte verlieren.<br>Jetzt noch zu zweifeln, an rechtsextremer Gesinnung dieser Person,<br>\u201e\u00fcbersch\u00fcttet\u201c die Sch\u00fctzer unserer Verfassung mit Spott und Hohn.<br><br>Diesen Rechtsextremisten die Regierungsverantwortung anzutragen,<br>das w\u00e4re doch schon gleichzusetzen mit einem Demokratieversagen.<br>Haben sie erst ihre personellen Strukturen gefestigt und ausgebaut,<br>erleben wir ein Deutschland, wie in alten Zeiten, wovor einem graut.<br><br>In einer nationalen Autokratie kann man heutzutage nur verlieren,<br>und wir wollen doch nicht unsere demokratischen Werte riskieren.<br>Die Autokratien meiden mit Demokratien eine \u201eoffene Kooperation\u201c,<br>denn ihr autokratisches System basiert auf mediale Desinformation.<br><br>Die Autokraten auf der ganzen Welt sich untereinander verbinden,<br>weil sie im Zusammenschluss die St\u00e4rke gegen Demokraten finden.<br>Sie wollen die noch &#8222;freien L\u00e4nder&#8220; unter den Autokraten aufteilen,<br>da &#8222;freie L\u00e4nder&#8220; f\u00fcr Frieden entscheiden, m\u00fcssen sie sich beeilen.<br><br><strong>\u00a9 Rainer Dambroth &#8211; 24.03.2024 &#8211; <a href=\"https:\/\/www.overline-poetry.de\/\"><strong>www.overline-poetry.de<\/strong><\/a><\/strong><br><br><strong><a href=\"https:\/\/www.overline-design.de\/poetry\/wp-admin\/post.php?post=6068&amp;action=edit\">Die rechten Stimmungsmacher<\/a><\/strong><br><strong><a href=\"https:\/\/www.overline-design.de\/poetry\/wp-admin\/post.php?post=8565&amp;action=edit\">M\u00fcllermilch unterst\u00fctzt die AFD!<\/a><\/strong><br><strong><a href=\"https:\/\/www.overline-design.de\/poetry\/wp-admin\/post.php?post=8271&amp;action=edit\">Rechtsextreme planen \u201ev\u00f6lkische\u201c S\u00e4uberung<\/a><\/strong><br><strong><a href=\"https:\/\/www.overline-design.de\/poetry\/wp-admin\/post.php?post=7578&amp;action=edit\">Zu viele \u201eOssis\u201c suchen F\u00fchrung (oder F\u00fchrer?)!<\/a><\/strong><\/p>\n","protected":false},"excerpt":{"rendered":"<p>Die Rechtsextremisten haben es doch sehr schnell f\u00fcr sich erkannt,die Menschen im Osten sind gut beeinflussbar, deshalb interessant.Hier reichen eine gute Vernetzung und gut vermittelbare \u201eParolen\u201c,um bei den nicht \u201ehellsten Kerzen\u201c im Osten die \u201eStimme\u201c zu holen. Bj\u00f6rn H\u00f6cke sich schon gerne als den neuen gro\u00dfen F\u00fchrer initiiertund bei all seinen \u00f6ffentlichen Auftritten eine \u201egro\u00dfe [&hellip;]<\/p>\n","protected":false},"author":3,"featured_media":0,"parent":0,"menu_order":0,"comment_status":"closed","ping_status":"closed","template":"","meta":{"footnotes":""},"class_list":["post-8552","page","type-page","status-publish","hentry"],"jetpack_sharing_enabled":true,"_links":{"self":[{"href":"https:\/\/www.overline-design.de\/poetry\/index.php?rest_route=\/wp\/v2\/pages\/8552","targetHints":{"allow":["GET"]}}],"collection":[{"href":"https:\/\/www.overline-design.de\/poetry\/index.php?rest_route=\/wp\/v2\/pages"}],"about":[{"href":"https:\/\/www.overline-design.de\/poetry\/index.php?rest_route=\/wp\/v2\/types\/page"}],"author":[{"embeddable":true,"href":"https:\/\/www.overline-design.de\/poetry\/index.php?rest_route=\/wp\/v2\/users\/3"}],"replies":[{"embeddable":true,"href":"https:\/\/www.overline-design.de\/poetry\/index.php?rest_route=%2Fwp%2Fv2%2Fcomments&post=8552"}],"version-history":[{"count":7,"href":"https:\/\/www.overline-design.de\/poetry\/index.php?rest_route=\/wp\/v2\/pages\/8552\/revisions"}],"predecessor-version":[{"id":8591,"href":"https:\/\/www.overline-design.de\/poetry\/index.php?rest_route=\/wp\/v2\/pages\/8552\/revisions\/8591"}],"wp:attachment":[{"href":"https:\/\/www.overline-design.de\/poetry\/index.php?rest_route=%2Fwp%2Fv2%2Fmedia&parent=8552"}],"curies":[{"name":"wp","href":"https:\/\/api.w.org\/{rel}","templated":true}]}}