
{"id":8620,"date":"2024-09-15T00:02:00","date_gmt":"2024-09-15T00:02:00","guid":{"rendered":"https:\/\/www.overline-design.de\/poetry\/?page_id=8620"},"modified":"2024-10-27T15:55:18","modified_gmt":"2024-10-27T15:55:18","slug":"wiederwahl-donald-trump-als-praesident-ein-desaster-fuer-amerika-und-fuer-die-welt","status":"publish","type":"page","link":"https:\/\/www.overline-design.de\/poetry\/?page_id=8620","title":{"rendered":"Wiederwahl Donald Trump als Pr\u00e4sident \u2013 ein Desaster f\u00fcr Amerika! (und f\u00fcr die Welt?)"},"content":{"rendered":"\n<p><strong>Donald Trump<\/strong> nur mit seinen plakativen \u201eplatten\u201c Aussagen agiert<br>und ihn interessiert, wie er die Wahl gewinnt, nicht wie man regiert.<br>So f\u00fchrt man kein Land, indem man die Mitbewerber diskreditiert,<br>aber <strong>Donald Trump<\/strong> liebt es, wenn er schon als der Pr\u00e4sident hofiert.<br><br>Mit reichlich hei\u00dfer Luft er die Massen Amerikas dann euphorisiert,<br>so dass sie sorgen, auch mit Gewalt, das er die Wahl nicht verliert.<br>Sollte die Wahl doch zu seinem Ungunsten sich dann entscheiden,<br>wird er daf\u00fcr sorgen, der neuen Pr\u00e4sidentin ihr Amt zu \u201everleiden\u201c.<br><br><strong>Kamala Harris<\/strong> wird von dem <strong>Vize Vance<\/strong> mit Schm\u00e4hungen bedacht,<br>weil sie hat mit ihrem Partner Douglas Emhof keine Kinder gemacht.<br>Vielleicht hier das Verst\u00e4ndnis f\u00fcr auch andere \u201eFrauenrollen\u201c fehlt<br>und nicht typische &#8222;Kinder-K\u00fcche-Kirche-Frauen&#8220; werden angez\u00e4hlt.<br><br><strong>Donald Trump<\/strong> behauptet, dass Fl\u00fcchtlinge Hunde und Katzen essen<br>und mit dieser Aussage sollte man <strong>Trump<\/strong> als Pr\u00e4sidenten vergessen.<br>Typisch f\u00fcr <strong>Donald Trump<\/strong>, soll ein Fl\u00fcchtlingsbild vermittelt werden,<br>das Fl\u00fcchtlinge werden zur Gefahr auf den amerikanischen Erden.<br><br>Im Duell mit <strong>Kamala Harris<\/strong>, wo er sich als gro\u00dfen Sieger gesehen,<br>aber mit diesen verr\u00fcckten Aussagen, wer wird die nur verstehen?<br>Aber es gibt in Amerika, dem Land der \u201ebegrenzten M\u00f6glichkeiten\u201c,<br>immer noch die W\u00e4hler, die f\u00fcr seine Wiederwahl den Weg bereiten.<br><br><strong>Trump<\/strong> will, das willigen Frauen die k\u00fcnstliche Befruchtung finanziert.<br>Hat er als Spender an sich gedacht, woran seine Fans interessiert?<br>Mit kirchlichen Segen in den USA eine &#8222;<strong>Trump<\/strong>-Anzucht&#8220; aufgebaut<br>und das w\u00e4re eine bizarre Vorstellung, wovor dann einem nur graut.<br><br><strong>\u00a9 Rainer Dambroth &#8211; 15.09.2024 &#8211; <a href=\"http:\/\/www.overline-poetry.de\/\">www.overline-poetry.de<\/a><br><br>Platt = Bedeutung: weder geistvoll noch geistreich<\/strong><br><br><em><strong>Internet<\/strong> <strong>Berliner Morgenpost 28.03.2024 :<\/strong><br><strong>Trumps Ex-Kabinett warnt: Seine R\u00fcckkehr w\u00e4re ein Desaster<\/strong><br><strong><br>Washington. Fast 20 Top-Leute der Regierung Donald Trumps lassen kein gutes Haar an ihrem ehemaligen Boss. Ihre Beschreibungen sind schonungslos.<br><br>Bill Barr<\/strong> (Ex-Justizminister): \u201eEr ist wie ein trotziges neunj\u00e4hriges Kind, das das Glas immer weiter ans Ende des Tisches r\u00fcckt, obwohl die Eltern es verboten haben. Er ist ein un\u00fcbertrefflicher Narzisst, der st\u00e4ndig verantwortungslos agiert und seine politischen Anh\u00e4nger und die konservative republikanische Agenda in Gefahr bringt.\u201c<br><br><strong>John Bolton <\/strong>(Nationaler Sicherheitsberater): \u201eTrump ist nicht geeignet f\u00fcr das Pr\u00e4sidentenamt. Er stellt seine pers\u00f6nlichen Interessen \u00fcber die nationale Sicherheit. Ich bin \u00fcberzeugt, dass Amerika in Gefahr ist, wenn er eine zweite Amtszeit bekommt. Ich glaube, ausw\u00e4rtige Staatschefs halten ihn f\u00fcr einen Idioten.\u201c<br><br><strong>H. R. McMaster<\/strong> (Nationaler Sicherheitsberater): \u201eEr w\u00fcrde die Polarisierung des Landes noch versch\u00e4rfen. Trump hat regelm\u00e4\u00dfig unsere Prinzipien betrogen, um parteipolitische oder pers\u00f6nliche Vorteile zu erlangen.\u201c<br><br><strong>Mark Esper<\/strong> (Verteidigungsminister): \u201eTrump erneut das Kommando \u00fcber unser Milit\u00e4r zu geben, w\u00e4re unverantwortlich und w\u00fcrde die Sicherheit unserer Soldaten und des Landes gef\u00e4hrden. Ich sage, Trump ist eine Bedrohung f\u00fcr unsere Demokratie. Er stellt seine Interessen immer vor die unseres Landes.\u201c<br><br><strong>Mike Pence<\/strong> (Vize-Pr\u00e4sident): \u201eIch kann ihn aus Gr\u00fcnden, die nicht \u00fcberraschend sind, nicht f\u00fcr die Wiederwahl empfehlen. Er hat mich (rund um den 6. Januar 2021\/Sturm aufs Kapitol \u2013 Anm. d. Red.) aufgefordert, ihn \u00fcber die Verfassung zu stellen. Ich habe mich f\u00fcr die Verfassung entschieden. Und ich werde das immer tun. Jemand, der sich selbst \u00fcber die Verfassung stellt, sollte nie Pr\u00e4sident der Vereinigten Staaten werden.\u201c<br><br><strong>James Mattis<\/strong> (Verteidigungsminister): \u201eTrump hat sich in einem Aufstandsversuch engagiert. Er ist der erste Pr\u00e4sident, seit ich lebe, der nicht versucht hat, das amerikanische Volk zu einen. Und der noch nicht mal so tut, als w\u00fcrde er es versuchen. Stattdessen will er uns spalten.\u201c<br><br><strong>John Kelly <\/strong>(Stabschef): \u201eTrump hat keine Ahnung, wof\u00fcr Amerika steht. Trump ist eine Person, die Autokraten und M\u00f6rder bewundert. Eine Person, die nichts als Verachtung f\u00fcr unsere demokratischen Institutionen, unsere Verfassung und das Primat des Gesetzes \u00fcberhat.\u201c Kelly nennt Trump die \u201efehlerbehaftetste Person, die ich jemals kennengelernt habe\u201c.<br><br><strong>Rex Tillerson <\/strong>(Au\u00dfenminister): \u201eTrump ist undiszipliniert und hat mehrfach versucht, das Gesetz zu brechen. Sein Verst\u00e4ndnis f\u00fcr globale Ereignisse und die Geschichte, auch die Amerikas, ist sehr begrenzt.\u201c Tillerson nannte Trump intern einen \u201eIdioten\u201c. Als das bekannt wurde, lie\u00df Trump ihn feuern.<br><br><strong>Nikki Haley<\/strong> (UN-Botschafterin): \u201eEr hat die Politik chaotisch und selbstbezogen gemacht. Er hat daf\u00fcr gesorgt, dass sich die Menschen nicht ausstehen k\u00f6nnen. Ein Pr\u00e4sident sollte moralische Klarheit besitzen und den Unterschied zwischen falsch und richtig kennen. Trump ist einfach nur toxisch.\u201c<\/em><\/p>\n\n\n\n<p><em><strong>Mick Mulvaney<\/strong> (Stabschef): \u201eEr hat versagt, als wir ihn als Pr\u00e4sident gebraucht haben. Darum bin ich zur\u00fcckgetreten. F\u00fcr mich wird es immer hei\u00dfen: Oh, Du hast f\u00fcr den Typen gearbeitet, der die Regierung st\u00fcrzen wollte. Ich denke: Wenn irgendwer gegen Joe Biden verlieren kann, dann er.\u201c<br><br><strong>Mark Milley<\/strong> (Chef des Generalstabes des US-Milit\u00e4rs): \u201eWir haben keinen Eid auf einen M\u00f6chtegern-Diktator geschworen.\u201c<\/em><br><br><em><strong>Anthony Scaramucci <\/strong>(Kommunikationschef im Wei\u00dfen Haus): \u201eTrump hat weder das Benehmen noch das Wissen oder das Temperament f\u00fcr das Amt des Pr\u00e4sidenten. Er ist der Inlandsterrorist des 21. Jahrhunderts schlechthin.\u201c<\/em><br><br><em><strong>Stephanie Grisham<\/strong> (Regierungssprecherin): \u201eMir graut davor, dass er wieder antritt.\u201c<br><br><strong>Alyssa Farah Griffin<\/strong> (Regierungssprecherin): \u201eWir k\u00f6nnen nicht mehr zu diesem Mann stehen.\u201c<br><br><strong>Sarah Matthews<\/strong> (Regierungssprecherin): \u201eSein Verhalten vor, w\u00e4hrend und nach dem 6. Januar 2021, seine fortw\u00e4hrende L\u00fcge \u00fcber den Wahlbetrug, machen ihn vollkommen ungeeignet, jemals wieder das h\u00f6chste Amt zu bekleiden.\u201c<\/em><\/p>\n\n\n\n<p><em><strong>Cassidy Hutchinson <\/strong>(B\u00fcroleiterin von Trumps letztem Stabschef Mark Meadows): \u201eIch glaube, Donald Trump ist die gr\u00f6\u00dfte Bedrohung f\u00fcr unsere Demokratie in der Geschichte unseres Landes.\u201c<\/em><\/p>\n\n\n\n<p><em><strong>Elaine Chao<\/strong> (Transportministerin), <strong>Alex Azar <\/strong>(Gesundheitsminister), <strong>Dan Coats<\/strong> (Direktor aller US-Geheimdienste) und <strong>Betsy de Vos<\/strong> (Bildungsministerin) haben sich gleicherma\u00dfen gegen eine Wiederwahl Trumps ausgesprochen. Hauptgrund: Trumps aktive Duldung des Sturms aufs Kapitol am 6. Januar 2021 durch marodierende Anh\u00e4nger.<\/em><br><br><strong><em>Aber auch:<\/em><\/strong><\/p>\n\n\n\n<p><em>In diesem Personaltableau fallen f\u00fcnf Namen als Ausrei\u00dfer auf. Sie unterst\u00fctzen Trumps Kandidatur und buhlen bereits heute um einen Job in einer etwaigen neuen Regierung: Ex-Justizminister <strong>Matthew Whitaker<\/strong>, Ex-Stabschef <strong>Mark Meadows<\/strong>, Ex-Budget-Direktor <strong>Russell Vought<\/strong>, der fr\u00fchere US-Botschafter in Deutschland und Direktor der US-Geheimdienste <strong>Richard Grenell <\/strong>sowie Ex-Au\u00dfenminister <strong>Mike Pompeo.<\/strong><\/em><\/p>\n","protected":false},"excerpt":{"rendered":"<p>Donald Trump nur mit seinen plakativen \u201eplatten\u201c Aussagen agiertund ihn interessiert, wie er die Wahl gewinnt, nicht wie man regiert.So f\u00fchrt man kein Land, indem man die Mitbewerber diskreditiert,aber Donald Trump liebt es, wenn er schon als der Pr\u00e4sident hofiert. Mit reichlich hei\u00dfer Luft er die Massen Amerikas dann euphorisiert,so dass sie sorgen, auch mit [&hellip;]<\/p>\n","protected":false},"author":3,"featured_media":0,"parent":0,"menu_order":0,"comment_status":"closed","ping_status":"closed","template":"","meta":{"footnotes":""},"class_list":["post-8620","page","type-page","status-publish","hentry"],"jetpack_sharing_enabled":true,"_links":{"self":[{"href":"https:\/\/www.overline-design.de\/poetry\/index.php?rest_route=\/wp\/v2\/pages\/8620","targetHints":{"allow":["GET"]}}],"collection":[{"href":"https:\/\/www.overline-design.de\/poetry\/index.php?rest_route=\/wp\/v2\/pages"}],"about":[{"href":"https:\/\/www.overline-design.de\/poetry\/index.php?rest_route=\/wp\/v2\/types\/page"}],"author":[{"embeddable":true,"href":"https:\/\/www.overline-design.de\/poetry\/index.php?rest_route=\/wp\/v2\/users\/3"}],"replies":[{"embeddable":true,"href":"https:\/\/www.overline-design.de\/poetry\/index.php?rest_route=%2Fwp%2Fv2%2Fcomments&post=8620"}],"version-history":[{"count":4,"href":"https:\/\/www.overline-design.de\/poetry\/index.php?rest_route=\/wp\/v2\/pages\/8620\/revisions"}],"predecessor-version":[{"id":9304,"href":"https:\/\/www.overline-design.de\/poetry\/index.php?rest_route=\/wp\/v2\/pages\/8620\/revisions\/9304"}],"wp:attachment":[{"href":"https:\/\/www.overline-design.de\/poetry\/index.php?rest_route=%2Fwp%2Fv2%2Fmedia&parent=8620"}],"curies":[{"name":"wp","href":"https:\/\/api.w.org\/{rel}","templated":true}]}}