
{"id":8630,"date":"2024-04-07T00:02:00","date_gmt":"2024-04-07T00:02:00","guid":{"rendered":"https:\/\/www.overline-design.de\/poetry\/?page_id=8630"},"modified":"2024-04-04T16:19:42","modified_gmt":"2024-04-04T16:19:42","slug":"papst-fordert-von-der-ukraine-mut-zur-weissen-fahne","status":"publish","type":"page","link":"https:\/\/www.overline-design.de\/poetry\/?page_id=8630","title":{"rendered":"Papst fordert von der Ukraine \u201eMut zur wei\u00dfen Fahne\u201c!"},"content":{"rendered":"\n<p>Manches Mal verstehe ich die Haltung der katholischen Kirche nicht.<br>Der Papst fordert die Kapitulation der Ukraine, auf Freiheit Verzicht.<br>Ich fordere von dem Papst gegen\u00fcber Aggressoren etwas mehr Mut<br>und das t\u00e4te dann auch dem Ansehen der katholischen Kirche gut.<br><br>Angenommen, der Despot Putin schickt seine Truppen zum Vatikan,<br>vor denen die \u201eSchweizer Garde\u201c den Papst nicht besch\u00fctzen kann.<br>Beim Papst die wei\u00dfe Kapitulations-Fahne auf dem Petersdom weht<br>und man kann hoffen, dass Putin dieses Signal dann richtig versteht.<br><br>Der Papst \u00f6ffnet die Tore und hei\u00dft den Despoten Putin willkommen,<br>auch wenn dem Vatikanstaat die Souver\u00e4nit\u00e4t wird dann genommen?<br>Die Menschen in der Ukraine wollen sich selbstbestimmt orientieren<br>und nicht als Sklaven f\u00fcr den Despoten Putin ihre Freiheit verlieren!<br><br><strong>\u00a9 Rainer Dambroth &#8211; 07.04.2024 &#8211; <a href=\"https:\/\/www.overline-poetry.de\/\"><strong>www.overline-poetry.de<\/strong><\/a><\/strong><\/p>\n","protected":false},"excerpt":{"rendered":"<p>Manches Mal verstehe ich die Haltung der katholischen Kirche nicht.Der Papst fordert die Kapitulation der Ukraine, auf Freiheit Verzicht.Ich fordere von dem Papst gegen\u00fcber Aggressoren etwas mehr Mutund das t\u00e4te dann auch dem Ansehen der katholischen Kirche gut. Angenommen, der Despot Putin schickt seine Truppen zum Vatikan,vor denen die \u201eSchweizer Garde\u201c den Papst nicht besch\u00fctzen [&hellip;]<\/p>\n","protected":false},"author":3,"featured_media":0,"parent":0,"menu_order":0,"comment_status":"closed","ping_status":"closed","template":"","meta":{"footnotes":""},"class_list":["post-8630","page","type-page","status-publish","hentry"],"jetpack_sharing_enabled":true,"_links":{"self":[{"href":"https:\/\/www.overline-design.de\/poetry\/index.php?rest_route=\/wp\/v2\/pages\/8630","targetHints":{"allow":["GET"]}}],"collection":[{"href":"https:\/\/www.overline-design.de\/poetry\/index.php?rest_route=\/wp\/v2\/pages"}],"about":[{"href":"https:\/\/www.overline-design.de\/poetry\/index.php?rest_route=\/wp\/v2\/types\/page"}],"author":[{"embeddable":true,"href":"https:\/\/www.overline-design.de\/poetry\/index.php?rest_route=\/wp\/v2\/users\/3"}],"replies":[{"embeddable":true,"href":"https:\/\/www.overline-design.de\/poetry\/index.php?rest_route=%2Fwp%2Fv2%2Fcomments&post=8630"}],"version-history":[{"count":1,"href":"https:\/\/www.overline-design.de\/poetry\/index.php?rest_route=\/wp\/v2\/pages\/8630\/revisions"}],"predecessor-version":[{"id":8631,"href":"https:\/\/www.overline-design.de\/poetry\/index.php?rest_route=\/wp\/v2\/pages\/8630\/revisions\/8631"}],"wp:attachment":[{"href":"https:\/\/www.overline-design.de\/poetry\/index.php?rest_route=%2Fwp%2Fv2%2Fmedia&parent=8630"}],"curies":[{"name":"wp","href":"https:\/\/api.w.org\/{rel}","templated":true}]}}