
{"id":8635,"date":"2024-08-11T00:01:00","date_gmt":"2024-08-11T00:01:00","guid":{"rendered":"https:\/\/www.overline-design.de\/poetry\/?page_id=8635"},"modified":"2024-08-13T06:42:56","modified_gmt":"2024-08-13T06:42:56","slug":"schweinehochhaeuser-in-china","status":"publish","type":"page","link":"https:\/\/www.overline-design.de\/poetry\/?page_id=8635","title":{"rendered":"Schweinehochh\u00e4user in China"},"content":{"rendered":"\n<p>Weil nun der Schweinefleischkonsum in China expandiert,<br>wird bei der Schweinehaltung schon extrem rationalisiert.<br>Weil Grundst\u00fccke teuer und der Fleischkonsum ansteigt,<br>ist man der Schweinehaltung in \u201eHochh\u00e4user\u201c zugeneigt.<br>Die Schweine vegetieren fest angebunden, dicht an dicht,<br>sehen auch in ihrem kargen Dasein das Sonnenlicht nicht.<br><br>Man wird sie dann auf enge Liegepl\u00e4tze mit Gurten fixieren,<br>damit sie nicht zu viel von ihrem Verkaufsgewicht verlieren.<br>Hier wird das Schweinefleisch wie am Flie\u00dfband produziert,<br>aber das still leidende und resignierende Tier dabei verliert.<br>In direkter Anbindung dann ein \u201eMassenschlachtkonzern\u201c,<br>so h\u00e4tten diese \u201eTierhalter\u201c den Umgang mit Tieren gern.<br><br>Dann die zu schlachtenden Schweine auf eigenen F\u00fc\u00dfen,<br>zur Schlachtung laufen, als \u201ekosteng\u00fcnstig\u201c zu begr\u00fc\u00dfen.<br>Zur Schlachtebene in den Paternoster getrieben mit Hast,<br>w\u00e4hrend der Abfahrt zur Schlachtebene mit Co2 \u201ebegast\u201c.<br>So bewusstlos sie an den Haken zum Ausbluten geh\u00e4ngt,<br>alles Akkord, weil bei Massenschlachtung die Zeit dr\u00e4ngt.<br><br>Eine Aussage von einer dort arbeitenden Chinesin geh\u00f6rt,<br>eine Aussage, die menschliches Empfinden doch sehr st\u00f6rt:<br><strong>\u201eDie Schweine m\u00fcssten in Freiheit doch Hunger erleiden,<br>darum werden sie gut versorgt, um dieses zu vermeiden!\u201c<\/strong><br>Schweine in dieser Haltung werden nur zwingend ern\u00e4hrt,<br>in ihrem zu kurzen Leben, was man ihnen dann gew\u00e4hrt!<br><br>Ist die falsche Wahrnehmung in diesem Haltungssystem,<br>oder ist es mit dieser Aussage f\u00fcr das Gewissen bequem.<br>\u201eMassenqualhaltung\u201c mit dem Tierschutz gleichzusetzen,<br>ohne das Leben der eingepferchten Tiere wertzusch\u00e4tzen.<br>Der Umgang mit den Tieren in den asiatischen L\u00e4ndern,<br>sollte sich jetzt doch endlich zum Positiven dann \u00e4ndern.<br><br><strong>\u00a9 Rainer Dambroth &#8211; 11.08.2024 &#8211; <a href=\"https:\/\/www.overline-poetry.de\/\">www.overline-poetry.de<\/a><\/strong><br><br><strong><em>Als Schweinehochhaus werden mehrst\u00f6ckige Stallanlagen zur Schweineproduktion bezeichnet.<\/em><\/strong><br><br><em>2018 waren in der Region Yaji in S\u00fcdchina zwei siebenst\u00f6ckige Schweinehochhaus-Geb\u00e4udekomplexe f\u00fcr je 30.000 Tiere in Betrieb. Vier weitere, davon zwei mit 13 Stockwerken, befanden sich in der Planungs- und Bauphase. Pro Etage soll Platz f\u00fcr 1000 S\u00e4ue sein, insgesamt sollen j\u00e4hrlich rund 840.000 Ferkel im Komplex geboren werden. Im September 2021 gab es Berichte, dass der gr\u00f6\u00dfte chinesische Schweineproduzent Muyuan Foods in der N\u00e4he von Nanyang in Henan eine Megafarm mit 21 Geb\u00e4uden f\u00fcr bis zu 84.000 Schweine errichtet, mit einer Jahresproduktion von 2,1 Millionen Tieren.<br>Wikipedia<\/em><br><br><em><strong>Auch in Deutschland gab es bis 25.10.2023 ein Schweinehochhaus in Maasdorf bei K\u00f6then (Halle\/Sachsen Anhalt). <\/strong><\/em><br> <\/p>\n","protected":false},"excerpt":{"rendered":"<p>Weil nun der Schweinefleischkonsum in China expandiert,wird bei der Schweinehaltung schon extrem rationalisiert.Weil Grundst\u00fccke teuer und der Fleischkonsum ansteigt,ist man der Schweinehaltung in \u201eHochh\u00e4user\u201c zugeneigt.Die Schweine vegetieren fest angebunden, dicht an dicht,sehen auch in ihrem kargen Dasein das Sonnenlicht nicht. Man wird sie dann auf enge Liegepl\u00e4tze mit Gurten fixieren,damit sie nicht zu viel von [&hellip;]<\/p>\n","protected":false},"author":3,"featured_media":0,"parent":0,"menu_order":0,"comment_status":"closed","ping_status":"closed","template":"","meta":{"footnotes":""},"class_list":["post-8635","page","type-page","status-publish","hentry"],"jetpack_sharing_enabled":true,"_links":{"self":[{"href":"https:\/\/www.overline-design.de\/poetry\/index.php?rest_route=\/wp\/v2\/pages\/8635","targetHints":{"allow":["GET"]}}],"collection":[{"href":"https:\/\/www.overline-design.de\/poetry\/index.php?rest_route=\/wp\/v2\/pages"}],"about":[{"href":"https:\/\/www.overline-design.de\/poetry\/index.php?rest_route=\/wp\/v2\/types\/page"}],"author":[{"embeddable":true,"href":"https:\/\/www.overline-design.de\/poetry\/index.php?rest_route=\/wp\/v2\/users\/3"}],"replies":[{"embeddable":true,"href":"https:\/\/www.overline-design.de\/poetry\/index.php?rest_route=%2Fwp%2Fv2%2Fcomments&post=8635"}],"version-history":[{"count":6,"href":"https:\/\/www.overline-design.de\/poetry\/index.php?rest_route=\/wp\/v2\/pages\/8635\/revisions"}],"predecessor-version":[{"id":8938,"href":"https:\/\/www.overline-design.de\/poetry\/index.php?rest_route=\/wp\/v2\/pages\/8635\/revisions\/8938"}],"wp:attachment":[{"href":"https:\/\/www.overline-design.de\/poetry\/index.php?rest_route=%2Fwp%2Fv2%2Fmedia&parent=8635"}],"curies":[{"name":"wp","href":"https:\/\/api.w.org\/{rel}","templated":true}]}}