
{"id":8643,"date":"2024-04-21T00:02:00","date_gmt":"2024-04-21T00:02:00","guid":{"rendered":"https:\/\/www.overline-design.de\/poetry\/?page_id=8643"},"modified":"2024-04-21T05:22:32","modified_gmt":"2024-04-21T05:22:32","slug":"dietmar-bartsch-linke-bei-sandra-maischberger","status":"publish","type":"page","link":"https:\/\/www.overline-design.de\/poetry\/?page_id=8643","title":{"rendered":"Dietmar Bartsch (Linke) bei Sandra Maischberger"},"content":{"rendered":"\n<p>Dietmar Bartsch setzt im Ukraine-Konflikt weiterhin auf Diplomatie.<br>Nur die gro\u00dfe Frage, die dabei unbeantwortet bleibt, ist das \u201eWie\u201c?<br>Es wird unterstellt, dass die diplomatische Wege bleiben unversucht<br>und nur Lieferungen von Waffen und Kriegsger\u00e4t werden verbucht.<\/p>\n\n\n\n<p>Wie auch bei Sahra Wagenknecht werden die vielen Toten beklagt,<br>nicht gegen den Verursacher des Krieges, Despot Putin, ausgesagt.<br>Sie sehen den Despoten Putin durch die Nato in eine Ecke gedr\u00e4ngt,<br>so dass Despot Putin \u201everzweifelt\u201c Krieg gegen die Ukraine anf\u00e4ngt.<br><br>Zum Verhandeln geh\u00f6ren zwei Parteien, die an Frieden interessiert<br>und f\u00fcr den Despoten Putin ein Friedensvertrag nicht sehr pressiert.<br>Selbst, wenn ein Waffenstillstand mit Russland wird durchgesetzt,<br>man die Verl\u00e4sslichkeit von dem Despoten Putin dann \u00fcbersch\u00e4tzt.<br><br>Die Ukraine will und darf diesen Krieg nicht als unterlegen beenden,<br>sonst wird f\u00fcr die Ukraine zu einem qualvollen Leiden sich wenden.<br>Get\u00f6tet, vergewaltigt, verschleppt und zur Umerziehung interniert,<br>was die Menschenrechte betrifft, den Despot Putin nicht interessiert.<br><br>Der Kriegstreiber Putin darf nicht erringen in der Ukraine den Sieg,<br>denn dann macht er so weiter und \u201ezettelt an\u201c den n\u00e4chsten Krieg.<br>Wer bei dem Waffenstillstand, diesen dann \u00fcberwachend garantiert,<br>damit Despot Putin nicht wortbr\u00fcchig einen erneuten Angriff riskiert.<br><br>Das freie Europa muss sich geschlossen gegen Autokratien wehren,<br>auch die Abh\u00e4ngigkeit von Amerika sollte Europa k\u00fcnftig entbehren.<br>Bei der Hilfe sollte man keinen \u00dcberbietungswettbewerb anstreben.<br>Europa sollte vieles daf\u00fcr geben, damit die Ukraine kann \u00fcberleben!<br><br>Von Joe Biden wurden 400 Millionen Dollar der Ukraine zugesagt,<br>von den Republikaner wurde die Freigabe der Hilfe vorerst vertagt.<br>Vielleicht auf Weisung von Trump wurde die Ukraine-Hilfe blockiert,<br>als wenn der Krieg in Europa die Amerikaner nicht mehr interessiert?!<br><br><strong>\u00a9 Rainer Dambroth &#8211; 21.04.2024 &#8211; <a href=\"http:\/\/www.overline-poetry.de\/\">www.overline-poetry.de<\/a><br><br>Dietmar Bartsch, Linke, am 11.04.2024 bei Sandra Maischberger<\/strong><\/p>\n","protected":false},"excerpt":{"rendered":"<p>Dietmar Bartsch setzt im Ukraine-Konflikt weiterhin auf Diplomatie.Nur die gro\u00dfe Frage, die dabei unbeantwortet bleibt, ist das \u201eWie\u201c?Es wird unterstellt, dass die diplomatische Wege bleiben unversuchtund nur Lieferungen von Waffen und Kriegsger\u00e4t werden verbucht. Wie auch bei Sahra Wagenknecht werden die vielen Toten beklagt,nicht gegen den Verursacher des Krieges, Despot Putin, ausgesagt.Sie sehen den Despoten [&hellip;]<\/p>\n","protected":false},"author":3,"featured_media":0,"parent":0,"menu_order":0,"comment_status":"closed","ping_status":"closed","template":"","meta":{"footnotes":""},"class_list":["post-8643","page","type-page","status-publish","hentry"],"jetpack_sharing_enabled":true,"_links":{"self":[{"href":"https:\/\/www.overline-design.de\/poetry\/index.php?rest_route=\/wp\/v2\/pages\/8643","targetHints":{"allow":["GET"]}}],"collection":[{"href":"https:\/\/www.overline-design.de\/poetry\/index.php?rest_route=\/wp\/v2\/pages"}],"about":[{"href":"https:\/\/www.overline-design.de\/poetry\/index.php?rest_route=\/wp\/v2\/types\/page"}],"author":[{"embeddable":true,"href":"https:\/\/www.overline-design.de\/poetry\/index.php?rest_route=\/wp\/v2\/users\/3"}],"replies":[{"embeddable":true,"href":"https:\/\/www.overline-design.de\/poetry\/index.php?rest_route=%2Fwp%2Fv2%2Fcomments&post=8643"}],"version-history":[{"count":5,"href":"https:\/\/www.overline-design.de\/poetry\/index.php?rest_route=\/wp\/v2\/pages\/8643\/revisions"}],"predecessor-version":[{"id":8670,"href":"https:\/\/www.overline-design.de\/poetry\/index.php?rest_route=\/wp\/v2\/pages\/8643\/revisions\/8670"}],"wp:attachment":[{"href":"https:\/\/www.overline-design.de\/poetry\/index.php?rest_route=%2Fwp%2Fv2%2Fmedia&parent=8643"}],"curies":[{"name":"wp","href":"https:\/\/api.w.org\/{rel}","templated":true}]}}