
{"id":8674,"date":"2024-04-21T00:03:00","date_gmt":"2024-04-21T00:03:00","guid":{"rendered":"https:\/\/www.overline-design.de\/poetry\/?page_id=8674"},"modified":"2024-04-21T06:31:16","modified_gmt":"2024-04-21T06:31:16","slug":"die-ukraine-fuer-die-abwehr-russischer-drohnen-und-raketen-ausruesten","status":"publish","type":"page","link":"https:\/\/www.overline-design.de\/poetry\/?page_id=8674","title":{"rendered":"Die Ukraine f\u00fcr die Abwehr russischer Drohnen und Raketen ausr\u00fcsten"},"content":{"rendered":"\n<p>In Israel wurde k\u00fcrzlich mit dem richtigen Abwehrger\u00e4t bewiesen,<br>dass man Raketen und Drohnen aus dem Iran konnte abschie\u00dfen.<br>Ich w\u00fcnschte, die Ukraine h\u00e4tte zum Einsatz diese Abwehreinheit,<br>dann w\u00e4ren sie gegen die Angriffe des Despoten Putin doch gefeit.<br><br>Bei Sandra Maischberger hat Roderich Kiesewetter (CDU) angeregt,<br>das man den russischen Angriff schon beim Abschuss niederschl\u00e4gt.<br>Au\u00dferdem f\u00fcr den Waffennachschub sollte die Krimbr\u00fccke zerst\u00f6rt,<br>vielleicht das eine Aktion, die von dem Despoten Putin dann geh\u00f6rt.<br><br>Wenn Despot Putin die Sinnlosigkeit seiner \u201eZerm\u00fcrbung\u201c erkennt,<br>vielleicht die Bedingungen zu einem Friedensbeschluss er benennt.<br>Aber wer kann einen Vertrag mit dem Despoten Putin garantieren,<br>bei Putins Verl\u00e4sslichkeit wird am Ende die Ukraine dann verlieren?<br><br>Der Despot Putin versteht nur die Signale einer starken \u201eGegenwehr\u201c,<br>denn durch abgewehrte Angriffe wird nur sein \u201eMunitionslager\u201c leer.<br>Despot Putin muss der russischen Bev\u00f6lkerung Erfolge pr\u00e4sentieren,<br>sonst wird er dann auch hier, den R\u00fcckhalt und Akzeptanz verlieren.<br><br>Wir machen den Fehler, jeden Schritt im voraus laut zu diskutieren,<br>so dass wir den Despoten Putin \u00fcber jede Hilfe st\u00e4ndig informieren.<br>Wahrscheinlich wird Kanzler Scholz bei jeder Hilfe von Putin ger\u00fcgt:<br>\u201eDas Russland auch \u00fcber Atomwaffen gegen Deutschland verf\u00fcgt!\u201c<br><br>Wir sollten milit\u00e4rische Hilfe f\u00fcr die Ukraine nur im Stillen gestalten,<br>damit der Despot Putin nicht milit\u00e4rische Strategien kann entfalten.<br>Europa sollte in aller Stille die Hilfen mit den Partnern koordinieren<br>und durch dieses taktische Vorgehen den Despot Putin so irritieren.<br><br>Der Despot Putin die Infrastruktur in der Ukraine gezielt vernichtet<br>und viele Raketenangriffe sind gegen die Zivilbev\u00f6lkerung gerichtet.<br>Despot Putin ist feige, hinterh\u00e4ltig, selbstverliebt und zielorientiert.<br>Es l\u00e4sst ihm als KGB-Agent v\u00f6llig kalt, wer dabei das Leben verliert!<br><br><strong>\u00a9 Rainer Dambroth &#8211; 21.04.2024 &#8211; <a href=\"https:\/\/www.overline-poetry.de\/\">www.overline-poetry.de<\/a><\/strong><\/p>\n","protected":false},"excerpt":{"rendered":"<p>In Israel wurde k\u00fcrzlich mit dem richtigen Abwehrger\u00e4t bewiesen,dass man Raketen und Drohnen aus dem Iran konnte abschie\u00dfen.Ich w\u00fcnschte, die Ukraine h\u00e4tte zum Einsatz diese Abwehreinheit,dann w\u00e4ren sie gegen die Angriffe des Despoten Putin doch gefeit. Bei Sandra Maischberger hat Roderich Kiesewetter (CDU) angeregt,das man den russischen Angriff schon beim Abschuss niederschl\u00e4gt.Au\u00dferdem f\u00fcr den Waffennachschub [&hellip;]<\/p>\n","protected":false},"author":3,"featured_media":0,"parent":0,"menu_order":0,"comment_status":"closed","ping_status":"closed","template":"","meta":{"footnotes":""},"class_list":["post-8674","page","type-page","status-publish","hentry"],"jetpack_sharing_enabled":true,"_links":{"self":[{"href":"https:\/\/www.overline-design.de\/poetry\/index.php?rest_route=\/wp\/v2\/pages\/8674","targetHints":{"allow":["GET"]}}],"collection":[{"href":"https:\/\/www.overline-design.de\/poetry\/index.php?rest_route=\/wp\/v2\/pages"}],"about":[{"href":"https:\/\/www.overline-design.de\/poetry\/index.php?rest_route=\/wp\/v2\/types\/page"}],"author":[{"embeddable":true,"href":"https:\/\/www.overline-design.de\/poetry\/index.php?rest_route=\/wp\/v2\/users\/3"}],"replies":[{"embeddable":true,"href":"https:\/\/www.overline-design.de\/poetry\/index.php?rest_route=%2Fwp%2Fv2%2Fcomments&post=8674"}],"version-history":[{"count":4,"href":"https:\/\/www.overline-design.de\/poetry\/index.php?rest_route=\/wp\/v2\/pages\/8674\/revisions"}],"predecessor-version":[{"id":8683,"href":"https:\/\/www.overline-design.de\/poetry\/index.php?rest_route=\/wp\/v2\/pages\/8674\/revisions\/8683"}],"wp:attachment":[{"href":"https:\/\/www.overline-design.de\/poetry\/index.php?rest_route=%2Fwp%2Fv2%2Fmedia&parent=8674"}],"curies":[{"name":"wp","href":"https:\/\/api.w.org\/{rel}","templated":true}]}}