
{"id":8685,"date":"2024-04-28T00:01:00","date_gmt":"2024-04-28T00:01:00","guid":{"rendered":"https:\/\/www.overline-design.de\/poetry\/?page_id=8685"},"modified":"2024-04-26T04:20:02","modified_gmt":"2024-04-26T04:20:02","slug":"die-afd-will-mit-macht-in-die-vergangenheit","status":"publish","type":"page","link":"https:\/\/www.overline-design.de\/poetry\/?page_id=8685","title":{"rendered":"Die AFD will mit Macht in die Vergangenheit!"},"content":{"rendered":"\n<p>Kommt die <strong>rechts<\/strong>extreme Lawine als regierende Macht \u201eins Rollen\u201c,<br>dann ist es zu sp\u00e4t, zu sagen: \u201eSo hat man das nicht haben wollen\u201c<br>Sind die zu besetzenden Posten an die <strong>\u201erechten<\/strong>\u201c Mitglieder verteilt,<br>dann jeder Posteninhaber sich mit der \u201e<strong>rechten<\/strong>\u201c Umsetzung beeilt.<br><br>Die Partei AFD von Bernd Lucke und Hans Olaf Henkel mitgegr\u00fcndet,<br>jetzt nur noch \u201eauf <strong>rechts<\/strong> Gedrehte\u201c, wie Alexander Gauland, findet.<br>Bernd Lucke und Hans Olaf-Henkel hatten l\u00e4ngst die AFD verlassen,<br>denn hier zeigte sich Vergangenes und das wollte nicht \u201everblassen\u201c<br><br>Unsere Parlamente werden wieder \u201enational <strong>rechts<\/strong>\u201c ausgerichtet!<br>Auf eine Koalition und die st\u00f6rende Opposition wird ganz verzichtet.<br>Die Energieversorgung wieder mit russischer Energie sichergestellt,<br>so dass es auch dem Verb\u00fcndeten der AFD, Wladimir Putin, gef\u00e4llt.<br><br>Wir werden die Nato und die EU verlassen, so ist der \u201e<strong>rechte<\/strong>\u201c Plan,<br>somit ist f\u00fcr die russische Eroberung \u201edie T\u00fcr schon weit aufgetan\u201c.<br>Wir sind dann wieder schutzlos und \u201efast unbewaffnet\u201c aufgestellt,<br>so dass eine Annektion, als zu Russland geh\u00f6rig, dem Putin gef\u00e4llt.<br><br>Spitzenkandidat der AFD f\u00fcr das Europa Parlament, Maximilian Krah,<br>steht Russland und China durch Geldzuwendungen schon sehr nah.<br>Ein Mitarbeiter von Krah wurde als ein chinesischer \u201eSpion\u201c enttarnt?<br>So kurz vor der Europawahl, sollte vor solchen Mitarbeitern gewarnt!<br><br>Maximilian Krah, vom Typ ein \u201eKlinken putzender Lobby-Vertreter&#8220;,<br>gibt sich ahnungslos, er wurde betrogen, er w\u00e4re doch kein Verr\u00e4ter!<br>Er w\u00fcrde sich ausschlie\u00dflich nur f\u00fcr europ\u00e4ische Belange einsetzen,<br>aber still f\u00fcr sich gedacht, er wei\u00df auch Rubel und Yuan zu sch\u00e4tzen.<br><br>Getreu dem Motto: \u201eWessen Brot ich esse, dessen Lieder ich singe\u201c<br>und in deren Dienste, gegen Bar-Zuwendung, mich dann einbringe.<br>Nat\u00fcrlich wurden keine Gelder mit Absender auf Konten eingezahlt,<br>denn dadurch w\u00e4re dieses angreifbar, aber mit Unschuld man prahlt.<br><br><strong>\u00a9 Rainer Dambroth &#8211; 28.04.2024 &#8211; <a href=\"https:\/\/www.overline-poetry.de\/\">www.overline-poetry.de<\/a><\/strong><br><br><strong>\u201cMan darf nicht warten, bis aus dem Schneeball eine Lawine geworden ist. Man muss den rollenden Schneeball zertreten. Die Lawine h\u00e4lt keiner mehr auf. Sie ruht erst, wenn sie alles unter sich begraben hat.<\/strong>&#8222;<strong><br>Erich K\u00e4stner<\/strong><\/p>\n","protected":false},"excerpt":{"rendered":"<p>Kommt die rechtsextreme Lawine als regierende Macht \u201eins Rollen\u201c,dann ist es zu sp\u00e4t, zu sagen: \u201eSo hat man das nicht haben wollen\u201cSind die zu besetzenden Posten an die \u201erechten\u201c Mitglieder verteilt,dann jeder Posteninhaber sich mit der \u201erechten\u201c Umsetzung beeilt. Die Partei AFD von Bernd Lucke und Hans Olaf Henkel mitgegr\u00fcndet,jetzt nur noch \u201eauf rechts Gedrehte\u201c, [&hellip;]<\/p>\n","protected":false},"author":3,"featured_media":0,"parent":0,"menu_order":0,"comment_status":"closed","ping_status":"closed","template":"","meta":{"footnotes":""},"class_list":["post-8685","page","type-page","status-publish","hentry"],"jetpack_sharing_enabled":true,"_links":{"self":[{"href":"https:\/\/www.overline-design.de\/poetry\/index.php?rest_route=\/wp\/v2\/pages\/8685","targetHints":{"allow":["GET"]}}],"collection":[{"href":"https:\/\/www.overline-design.de\/poetry\/index.php?rest_route=\/wp\/v2\/pages"}],"about":[{"href":"https:\/\/www.overline-design.de\/poetry\/index.php?rest_route=\/wp\/v2\/types\/page"}],"author":[{"embeddable":true,"href":"https:\/\/www.overline-design.de\/poetry\/index.php?rest_route=\/wp\/v2\/users\/3"}],"replies":[{"embeddable":true,"href":"https:\/\/www.overline-design.de\/poetry\/index.php?rest_route=%2Fwp%2Fv2%2Fcomments&post=8685"}],"version-history":[{"count":7,"href":"https:\/\/www.overline-design.de\/poetry\/index.php?rest_route=\/wp\/v2\/pages\/8685\/revisions"}],"predecessor-version":[{"id":8701,"href":"https:\/\/www.overline-design.de\/poetry\/index.php?rest_route=\/wp\/v2\/pages\/8685\/revisions\/8701"}],"wp:attachment":[{"href":"https:\/\/www.overline-design.de\/poetry\/index.php?rest_route=%2Fwp%2Fv2%2Fmedia&parent=8685"}],"curies":[{"name":"wp","href":"https:\/\/api.w.org\/{rel}","templated":true}]}}