
{"id":8707,"date":"2024-05-05T00:01:00","date_gmt":"2024-05-05T00:01:00","guid":{"rendered":"https:\/\/www.overline-design.de\/poetry\/?page_id=8707"},"modified":"2024-08-23T06:54:55","modified_gmt":"2024-08-23T06:54:55","slug":"die-parteien-arbeiten-sich-am-buergergeld-ab","status":"publish","type":"page","link":"https:\/\/www.overline-design.de\/poetry\/?page_id=8707","title":{"rendered":"Die Parteien arbeiten sich am B\u00fcrgergeld ab"},"content":{"rendered":"\n<p>Carsten Linnemann, Generalsekret\u00e4r bei der Oppositionspartei CDU,<br>gibt mit der Kritik an B\u00fcrgergeldbeziehern immer noch keine Ruh.<br>Es w\u00fcrde bei der \u201eB\u00fcrgergeldbemessung\u201c zum Nichtstun \u201eeinladen\u201c,<br>die Leute anstatt zu arbeiten, lieber an das Meer fahren zum Baden.<br><br>Die Bemessung wurde gerichtlich als Existenzminimum festgesetzt,<br>wenn der Mindestlohn nicht reicht, wurde dieser falsch eingesch\u00e4tzt.<br>Wenn der gezahlte Mindestlohn ist noch immer zu niedrig bemessen,<br>so dass das Auskommen mit dem Einkommen kann man vergessen.<br><br>Eine Steuerbefreiung soll doch \u201eLust auf die \u00dcberstunden\u201c machen!<br>Wenn ich solche \u201ePolitikerw\u00fcnsche\u201c h\u00f6re, dann kann ich nur lachen.<br>Wenn Christian Lindner, Vorsitzender der FDP, dieses von sich gibt,<br>klingt es \u00fcberheblich, realit\u00e4tsfern und ein bisschen selbstverliebt.<br><br>In k\u00f6rperlich belastenden Berufen sind die Menschen \u201everschlissen\u201c<br>und wer hat gern Pflegekr\u00e4fte oder Dachdecker auf dem Gewissen.<br>In der Pflege wurden Personalkosten eingespart und rationalisiert,<br>so dass sich der teure Krankenhausbetrieb kann rentabel finanziert.<br><br>Auch die Menschen, die schaffen auf dem Dach oder auch am Band,<br>sind mit der K\u00f6rperkraft verbraucht oder auch im Job \u201eausgebrannt\u201c<br>Und wenn sie die Wahl haben zwischen Gesundheit oder mehr Geld,<br>die Entscheidung dann zu Gunsten einer guten Gesundheit ausf\u00e4llt.<br><br>Wenn die Fachkr\u00e4fte in den verschiedensten Berufsbereichen fehlen,<br>kann man nicht auf Einsetzbarkeit von B\u00fcrgergeldbeziehern z\u00e4hlen.<br>Werden doch dringend Pflegekr\u00e4fte gesucht f\u00fcr das Krankenhaus,<br>sieht es bei den B\u00fcrgergeldbeziehern nicht nach Fachpersonal aus.<br><br><strong>\u00a9 Rainer Dambroth &#8211; 05.05.2024 &#8211; <a href=\"https:\/\/www.overline-poetry.de\/\"><strong>www.overline-poetry.de<\/strong><\/a><\/strong><br><br><strong><a href=\"https:\/\/www.overline-design.de\/poetry\/wp-admin\/post.php?post=7508&amp;action=edit\">L\u00e4nger arbeiten bei steuerfreiem Verdienst?<\/a><\/strong><br><br><strong>Zu Gast bei Maybritt Illner am 2. Mai 2024:<\/strong><br>Christian Lindner (FDP) Bundesfinanzminister, Parteivorsitzender<br>Ricarda Lang (B&#8217;90\/ Die Gr\u00fcnen), Parteivorsitzende<br>Yasmin Fahimi, Vorsitzende Deutscher Gewerkschaftsbund (DGB)<br>Carsten Linnemann (CDU), Generalsekret\u00e4r<br>Gabor Steingart, Journalist, Herausgeber von \u201eThe Pioneer\u201c<br><br><\/p>\n","protected":false},"excerpt":{"rendered":"<p>Carsten Linnemann, Generalsekret\u00e4r bei der Oppositionspartei CDU,gibt mit der Kritik an B\u00fcrgergeldbeziehern immer noch keine Ruh.Es w\u00fcrde bei der \u201eB\u00fcrgergeldbemessung\u201c zum Nichtstun \u201eeinladen\u201c,die Leute anstatt zu arbeiten, lieber an das Meer fahren zum Baden. Die Bemessung wurde gerichtlich als Existenzminimum festgesetzt,wenn der Mindestlohn nicht reicht, wurde dieser falsch eingesch\u00e4tzt.Wenn der gezahlte Mindestlohn ist noch immer [&hellip;]<\/p>\n","protected":false},"author":3,"featured_media":0,"parent":0,"menu_order":0,"comment_status":"closed","ping_status":"closed","template":"","meta":{"footnotes":""},"class_list":["post-8707","page","type-page","status-publish","hentry"],"jetpack_sharing_enabled":true,"_links":{"self":[{"href":"https:\/\/www.overline-design.de\/poetry\/index.php?rest_route=\/wp\/v2\/pages\/8707","targetHints":{"allow":["GET"]}}],"collection":[{"href":"https:\/\/www.overline-design.de\/poetry\/index.php?rest_route=\/wp\/v2\/pages"}],"about":[{"href":"https:\/\/www.overline-design.de\/poetry\/index.php?rest_route=\/wp\/v2\/types\/page"}],"author":[{"embeddable":true,"href":"https:\/\/www.overline-design.de\/poetry\/index.php?rest_route=\/wp\/v2\/users\/3"}],"replies":[{"embeddable":true,"href":"https:\/\/www.overline-design.de\/poetry\/index.php?rest_route=%2Fwp%2Fv2%2Fcomments&post=8707"}],"version-history":[{"count":3,"href":"https:\/\/www.overline-design.de\/poetry\/index.php?rest_route=\/wp\/v2\/pages\/8707\/revisions"}],"predecessor-version":[{"id":8710,"href":"https:\/\/www.overline-design.de\/poetry\/index.php?rest_route=\/wp\/v2\/pages\/8707\/revisions\/8710"}],"wp:attachment":[{"href":"https:\/\/www.overline-design.de\/poetry\/index.php?rest_route=%2Fwp%2Fv2%2Fmedia&parent=8707"}],"curies":[{"name":"wp","href":"https:\/\/api.w.org\/{rel}","templated":true}]}}