
{"id":8719,"date":"2024-06-07T15:21:50","date_gmt":"2024-06-07T15:21:50","guid":{"rendered":"https:\/\/www.overline-design.de\/poetry\/?page_id=8719"},"modified":"2024-06-08T06:52:44","modified_gmt":"2024-06-08T06:52:44","slug":"gestatten-mein-name-ist-alexander-krah","status":"publish","type":"page","link":"https:\/\/www.overline-design.de\/poetry\/?page_id=8719","title":{"rendered":"Gestatten, mein Name ist Alexander Krah"},"content":{"rendered":"\n<p>Ich bin Europa-Abgeordneter der AFD und mein Name ist Krah,<br>eine Zusammenarbeit mit der russischen F\u00f6deration liegt mir nah.<br>F\u00fcr Informationsweitergabe werde ich einen Ausgleich bekommen,<br>der f\u00fcr die gute Zusammenarbeit mit Russland gerne genommen.<br><br>So konnte ich Putin \u00fcber die europ\u00e4ischen Strategien informieren<br>und Putin wei\u00df, was gegen Russland geplant und wie passieren.<br>Mein Unrechtsbewusstsein mir irgendwann abhanden gekommen<br>und sehe kein Unrecht, wenn von Putin Geld wird angenommen.<br><br>Auch mein Kollege, der AFD-Europa-Abgeordnete Petr Bystron,<br>steht auch auf der \u201eBezugsliste\u201c von Putins russischen F\u00f6deration.<br>Auch er hatte der russischen F\u00f6deration Informationen zugetragen<br>und tat sich dadurch auch in \u201ekorrumpierendes Gew\u00e4sser\u201c wagen.<br><br>So konnten wir dann doppelt f\u00fcr unsere \u201eLeistung\u201c Geld kassieren,<br>aber bei dem europ\u00e4ischen Parlament wird das \u201eLeck\u201c frustrieren.<br>Zudem bekommen wir beim Europa-Parlament ein gutes Gehalt<br>und auch von Putin unseren Ausgleich f\u00fcr Informationen alsbald.<br><br>Von uns wird Putins Krieg gegen die Ukraine \u201eklaglos\u201c akzeptiert,<br>denn wir wollen nicht, dass Putin, unser Finanzier, diesen verliert.<br>Wir von der AFD, werden Putin bei seinen Kriegen unterst\u00fctzen,<br>darum w\u00fcrden wir auch diskrete Informationen f\u00fcr ihn ben\u00fctzen.<br><br>Der Ausgleich von Putin wird nat\u00fcrlich nur in Scheinen \u00fcbergeben,<br>sonst w\u00fcrden wir diese Bl\u00f6\u00dfe im Europaparlament nicht \u00fcberleben.<br>Bystron sich beklagte, mit gro\u00dfen Scheinen k\u00f6nne er nicht tanken?<br>Eine nachweisende Tankkarte einzusetzen, da gibt es Schranken.<br><br>Solange keine offizielle Geld\u00fcbergabe von Russland wird bewiesen,<br>solange kann keine \u201everklagbare Zusammenarbeit\u201c nachgewiesen.<br>Da wir bei der Europawahl f\u00fcr die AFD Listenpl\u00e4tze eins und zwei,<br>sind wir f\u00fcr die AFD und Europa auch in Zukunft wieder mit dabei.<br><br>\u00a9 Rainer Dambroth \u2013 07.06.2024 \u2013 <strong><a href=\"http:\/\/www.overline-poetry.de\/\">www.overline-poetry.de<\/a><\/strong><br><br><strong><a href=\"https:\/\/www.overline-design.de\/poetry\/wp-admin\/post.php?post=6541&amp;action=edit\">Ka(i)li nychta Europi! Gute Nacht Europa! Europa Parlamentarierin Kaili und die Korruption<\/a><\/strong><\/p>\n\n\n\n<p><em><strong>Man darf nicht warten, bis aus dem Schneeball eine Lawine geworden ist. Man muss den rollenden Schneeball zertreten. Die Lawine h\u00e4lt keiner mehr auf. Sie ruht erst, wenn sie alles unter sich begraben hat.<br>Erich K\u00e4stner<\/strong><\/em><\/p>\n","protected":false},"excerpt":{"rendered":"<p>Ich bin Europa-Abgeordneter der AFD und mein Name ist Krah,eine Zusammenarbeit mit der russischen F\u00f6deration liegt mir nah.F\u00fcr Informationsweitergabe werde ich einen Ausgleich bekommen,der f\u00fcr die gute Zusammenarbeit mit Russland gerne genommen. So konnte ich Putin \u00fcber die europ\u00e4ischen Strategien informierenund Putin wei\u00df, was gegen Russland geplant und wie passieren.Mein Unrechtsbewusstsein mir irgendwann abhanden gekommenund [&hellip;]<\/p>\n","protected":false},"author":3,"featured_media":0,"parent":0,"menu_order":0,"comment_status":"closed","ping_status":"closed","template":"","meta":{"footnotes":""},"class_list":["post-8719","page","type-page","status-publish","hentry"],"jetpack_sharing_enabled":true,"_links":{"self":[{"href":"https:\/\/www.overline-design.de\/poetry\/index.php?rest_route=\/wp\/v2\/pages\/8719","targetHints":{"allow":["GET"]}}],"collection":[{"href":"https:\/\/www.overline-design.de\/poetry\/index.php?rest_route=\/wp\/v2\/pages"}],"about":[{"href":"https:\/\/www.overline-design.de\/poetry\/index.php?rest_route=\/wp\/v2\/types\/page"}],"author":[{"embeddable":true,"href":"https:\/\/www.overline-design.de\/poetry\/index.php?rest_route=\/wp\/v2\/users\/3"}],"replies":[{"embeddable":true,"href":"https:\/\/www.overline-design.de\/poetry\/index.php?rest_route=%2Fwp%2Fv2%2Fcomments&post=8719"}],"version-history":[{"count":5,"href":"https:\/\/www.overline-design.de\/poetry\/index.php?rest_route=\/wp\/v2\/pages\/8719\/revisions"}],"predecessor-version":[{"id":8727,"href":"https:\/\/www.overline-design.de\/poetry\/index.php?rest_route=\/wp\/v2\/pages\/8719\/revisions\/8727"}],"wp:attachment":[{"href":"https:\/\/www.overline-design.de\/poetry\/index.php?rest_route=%2Fwp%2Fv2%2Fmedia&parent=8719"}],"curies":[{"name":"wp","href":"https:\/\/api.w.org\/{rel}","templated":true}]}}