
{"id":8744,"date":"2024-06-12T07:33:29","date_gmt":"2024-06-12T07:33:29","guid":{"rendered":"https:\/\/www.overline-design.de\/poetry\/?page_id=8744"},"modified":"2024-10-28T14:58:15","modified_gmt":"2024-10-28T14:58:15","slug":"warum-waehlte-ostdeutschland-so-extrem","status":"publish","type":"page","link":"https:\/\/www.overline-design.de\/poetry\/?page_id=8744","title":{"rendered":"Warum w\u00e4hlte Ostdeutschland so extrem?"},"content":{"rendered":"\n<p>Warum w\u00e4hlte der Osten Deutschlands extrem und rechtsradikal?<br>Die Ostb\u00fcrger signalisierten so den Unmut bei der Landtags-Wahl!<br>Im Osten wurde die Bundes-Regierungsampel strafend abgew\u00e4hlt<br>und die Verkehrsregel \u201evon rechts kommend\u201c jetzt vorrangig z\u00e4hlt.<br><br>Die Ampelparteien sind entsetzt \u00fcber das so extreme Wahlresultat,<br>womit man bei den Regierungs-Ampelparteien nicht gerechnet hat.<br>Naiv geglaubt, durch Demonstrationen dieses Problem gemindert,<br>die Ost-B\u00fcrger werden einsichtig und ein Rechtsruck so verhindert!<br><br>Die Ost-B\u00fcrger \u00fcber vierzig Jahre durch russische F\u00fchrung gelenkt!<br>Es wurde vorgeschrieben, wie ein Ost-B\u00fcrger so handelt und denkt.<br>Nach der Vereinigung die Ost-B\u00fcrger dann \u201esich selbst \u00fcberlassen\u201c,<br>aber die \u201eN\u00e4he zu Russland\u201c schien so einfach nicht zu verblassen.<br><br>Man hat nach Wiedervereinigung Ost-Deutschland nur &#8222;verwaltet&#8220;,<br>anstatt dieses mit einer Einbindung von Ost-B\u00fcrgern neu gestaltet.<br>So wurden die westlichen Werte wurden dem Osten \u201eaufgedr\u00fcckt\u201c,<br>sie wollen gleichen Lohn und Vollbesch\u00e4ftigung, dieses ist entr\u00fcckt.<br><br>Die AFD im Osten schon fr\u00fch m\u00f6gliches Potential f\u00fcr sich erkannt<br>und sie zogen wie eine \u201eDr\u00fcckerkolonne\u201c durchs ostdeutsche Land.<br>Als wahre Gutmenschen sie sich den ostdeutschen B\u00fcrgern zeigten,<br>so dass diese sich vor \u201eheilbringenden\u201c rechten Kr\u00e4ften verneigten.<br><br>Mit \u201erechten\u201c Spr\u00fcchen wurden ostdeutsche B\u00fcrger dann bekehrt,<br>das man nur mit der AFD auf der \u201erechten\u201c Spur auch besser f\u00e4hrt!<br>Auch Sahra Wagenknecht schw\u00f6rt W\u00e4hler auf den Linksverkehr ein,<br>dieses bedingt durch N\u00e4he zu Russland, wie kann es anders sein.<br><br>Die CDU\/CSU sich als den gro\u00dfen Gewinner der Europawahl sieht,<br>sie kritisiert zum Thema Zuwanderung, dass hier nichts geschieht.<br>Sie hatten nach 2015 die M\u00f6glichkeit, das Zuwanderung kanalisiert,<br>aber CSU Innenminister Seehofer war im Amt, so ist nichts passiert.<br><br>Bei der SPD und bei den Gr\u00fcnen zeigte sich ein sehr hoher Verlust,<br>v\u00f6lliges Unverst\u00e4ndnis f\u00fcr die \u201eStimmenverluste und dadurch Frust.<br>Man will gemeinsam analysieren und L\u00f6sung suchend in sich gehen,<br>um nach der n\u00e4chsten Wahl mehr Prozente f\u00fcr sich dann zu sehen.<br><br>Die FDP die drohende \u201eAmpelmisere\u201c im Vorfeld rechtzeitig erkannt<br>und Zugpferd Strack-Zimmermann vor den \u201eWahlkarren\u201c gespannt.<br>So konnte man ein schmerzendes Europa-Wahl-Fiasko verhindern<br>und auch eine schmerzhafte \u201eWunde\u201c prozentual doch noch lindern.<br><br><strong>\u00a9<\/strong> Rainer Dambroth \u2013 10.06.2024 \u2013 <a href=\"http:\/\/www.overline-poetry.de\/\"><strong>www.overline-poetry.de<\/strong><\/a><\/p>\n","protected":false},"excerpt":{"rendered":"<p>Warum w\u00e4hlte der Osten Deutschlands extrem und rechtsradikal?Die Ostb\u00fcrger signalisierten so den Unmut bei der Landtags-Wahl!Im Osten wurde die Bundes-Regierungsampel strafend abgew\u00e4hltund die Verkehrsregel \u201evon rechts kommend\u201c jetzt vorrangig z\u00e4hlt. Die Ampelparteien sind entsetzt \u00fcber das so extreme Wahlresultat,womit man bei den Regierungs-Ampelparteien nicht gerechnet hat.Naiv geglaubt, durch Demonstrationen dieses Problem gemindert,die Ost-B\u00fcrger werden einsichtig [&hellip;]<\/p>\n","protected":false},"author":3,"featured_media":0,"parent":0,"menu_order":0,"comment_status":"closed","ping_status":"closed","template":"","meta":{"footnotes":""},"class_list":["post-8744","page","type-page","status-publish","hentry"],"jetpack_sharing_enabled":true,"_links":{"self":[{"href":"https:\/\/www.overline-design.de\/poetry\/index.php?rest_route=\/wp\/v2\/pages\/8744","targetHints":{"allow":["GET"]}}],"collection":[{"href":"https:\/\/www.overline-design.de\/poetry\/index.php?rest_route=\/wp\/v2\/pages"}],"about":[{"href":"https:\/\/www.overline-design.de\/poetry\/index.php?rest_route=\/wp\/v2\/types\/page"}],"author":[{"embeddable":true,"href":"https:\/\/www.overline-design.de\/poetry\/index.php?rest_route=\/wp\/v2\/users\/3"}],"replies":[{"embeddable":true,"href":"https:\/\/www.overline-design.de\/poetry\/index.php?rest_route=%2Fwp%2Fv2%2Fcomments&post=8744"}],"version-history":[{"count":3,"href":"https:\/\/www.overline-design.de\/poetry\/index.php?rest_route=\/wp\/v2\/pages\/8744\/revisions"}],"predecessor-version":[{"id":9314,"href":"https:\/\/www.overline-design.de\/poetry\/index.php?rest_route=\/wp\/v2\/pages\/8744\/revisions\/9314"}],"wp:attachment":[{"href":"https:\/\/www.overline-design.de\/poetry\/index.php?rest_route=%2Fwp%2Fv2%2Fmedia&parent=8744"}],"curies":[{"name":"wp","href":"https:\/\/api.w.org\/{rel}","templated":true}]}}