
{"id":8768,"date":"2024-06-11T08:58:00","date_gmt":"2024-06-11T08:58:00","guid":{"rendered":"https:\/\/www.overline-design.de\/poetry\/?page_id=8768"},"modified":"2024-12-27T16:45:00","modified_gmt":"2024-12-27T16:45:00","slug":"afd-und-bsw-fluechten-aus-dem-bundestag","status":"publish","type":"page","link":"https:\/\/www.overline-design.de\/poetry\/?page_id=8768","title":{"rendered":"AFD und BSW \u201efl\u00fcchten\u201c aus dem Bundestag"},"content":{"rendered":"\n<p>Dieses ist als ein Affront gegen Pr\u00e4sident Selensky zu interpretieren<br>aber so ist es gelungen, den Bundestag kurzzeitig zu entnazifizieren<br>Wurde im Auftrag von Putin wurde dieses als \u201eShow-Act\u201c inszeniert?<br>Oder gezeigt, das die Ukraine die beiden Parteien nicht interessiert.<br><br>Es ist den Bundestagsmandatstr\u00e4gern eine Pflicht, auch zuzumuten,<br>zuzuh\u00f6ren, wenn von Putin brutal versucht, ein Land \u201eauszubluten\u201c.<br>Oder hatten die Parteien Angst, Putin k\u00f6nnte kein Geld mehr zahlen,<br>weil eine Anwesenheit h\u00e4tte ihrem \u201eGebieter\u201c Putin sehr missfallen.<br><br>Am Ende der Rede m\u00fcssten sie sich auch nicht zur Ehrung erheben,<br>aber es geh\u00f6rt zur Demokratie, auch \u201eGegnern\u201c das Wort zu geben,<br>Auch einen Beifall als Anerkennung, den h\u00e4tten sie bleiben lassen,<br>aber diesen Affront, als m\u00fcssten sie den Pr\u00e4sident Selensky hassen.<br><br>Sie eine Selbstverteidigung der Ukraine als nicht notwendig sehen.<br>Auch Waffenlieferungen zur Verteidigung wollen sie nicht verstehen.<br>Es wird von beiden Parteien dieses doch mit gro\u00dfen Zweifel erkannt,<br>aber das der Aggressor der Putin ist, der hier beim Namen genannt.<br><br>Die B\u00fcndnisgruppe, Sahra Wagenknecht, sich nahe zu Putin sehen. <br>Russland w\u00e4re zu stark, dem k\u00f6nnte die Ukraine nicht widerstehen.<br>Die Gebetsm\u00fchlen kreisen und diese Sichtweise ist nicht zu fassen:<br>\u201eDie vielen Menschen, die jeden Tag in dem Krieg ihr Leben lassen\u201c<br><br>Die AFD wird wohl von russische Seite unterst\u00fctzt und finanziert,<br>so dass nur die &#8222;russische Sicht&#8220; f\u00fcr eine Beurteilung interessiert?<br>Es ist doch nur verst\u00e4ndlich, dass von Putin der Befehl wird erteilt,<br>wenn Pr\u00e4sident Selensky den Bundestag besucht, man dann enteilt.<br><br><strong>\u00a9<\/strong> Rainer Dambroth \u2013 11.06.2024 \u2013 <strong><a href=\"http:\/\/www.overline-poetry.de\/\">www.overline-poetry.de<\/a><\/strong><br><br><strong><a href=\"https:\/\/www.overline-design.de\/poetry\/wp-admin\/post.php?post=6100&amp;action=edit\">Sahra Wagenknecht und Putin<\/a><\/strong><br><strong><a href=\"https:\/\/www.overline-design.de\/poetry\/wp-admin\/post.php?post=7055&amp;action=edit\">Sahra Wagenknecht, Putins Missionarin?!<\/a><\/strong><br><strong><a href=\"https:\/\/www.overline-design.de\/poetry\/wp-admin\/post.php?post=8731&amp;action=edit\">Zu naive W\u00e4hler werden unser Europa zerst\u00f6ren!<\/a><\/strong><\/p>\n","protected":false},"excerpt":{"rendered":"<p>Dieses ist als ein Affront gegen Pr\u00e4sident Selensky zu interpretierenaber so ist es gelungen, den Bundestag kurzzeitig zu entnazifizierenWurde im Auftrag von Putin wurde dieses als \u201eShow-Act\u201c inszeniert?Oder gezeigt, das die Ukraine die beiden Parteien nicht interessiert. Es ist den Bundestagsmandatstr\u00e4gern eine Pflicht, auch zuzumuten,zuzuh\u00f6ren, wenn von Putin brutal versucht, ein Land \u201eauszubluten\u201c.Oder hatten die [&hellip;]<\/p>\n","protected":false},"author":3,"featured_media":0,"parent":0,"menu_order":0,"comment_status":"closed","ping_status":"closed","template":"","meta":{"footnotes":""},"class_list":["post-8768","page","type-page","status-publish","hentry"],"jetpack_sharing_enabled":true,"_links":{"self":[{"href":"https:\/\/www.overline-design.de\/poetry\/index.php?rest_route=\/wp\/v2\/pages\/8768","targetHints":{"allow":["GET"]}}],"collection":[{"href":"https:\/\/www.overline-design.de\/poetry\/index.php?rest_route=\/wp\/v2\/pages"}],"about":[{"href":"https:\/\/www.overline-design.de\/poetry\/index.php?rest_route=\/wp\/v2\/types\/page"}],"author":[{"embeddable":true,"href":"https:\/\/www.overline-design.de\/poetry\/index.php?rest_route=\/wp\/v2\/users\/3"}],"replies":[{"embeddable":true,"href":"https:\/\/www.overline-design.de\/poetry\/index.php?rest_route=%2Fwp%2Fv2%2Fcomments&post=8768"}],"version-history":[{"count":11,"href":"https:\/\/www.overline-design.de\/poetry\/index.php?rest_route=\/wp\/v2\/pages\/8768\/revisions"}],"predecessor-version":[{"id":9681,"href":"https:\/\/www.overline-design.de\/poetry\/index.php?rest_route=\/wp\/v2\/pages\/8768\/revisions\/9681"}],"wp:attachment":[{"href":"https:\/\/www.overline-design.de\/poetry\/index.php?rest_route=%2Fwp%2Fv2%2Fmedia&parent=8768"}],"curies":[{"name":"wp","href":"https:\/\/api.w.org\/{rel}","templated":true}]}}