
{"id":883,"date":"2020-11-08T18:09:13","date_gmt":"2020-11-08T18:09:13","guid":{"rendered":"https:\/\/overline-design.de\/poetry\/?page_id=883"},"modified":"2022-12-10T15:31:33","modified_gmt":"2022-12-10T15:31:33","slug":"senioren-memory","status":"publish","type":"page","link":"https:\/\/www.overline-design.de\/poetry\/?page_id=883","title":{"rendered":"Senioren Memory"},"content":{"rendered":"\n<p>Jeder stellt sich mit dem Namen vor<br>alle wiederholen ihn dann im Chor<br>So lernen wir uns alle wieder kennen<br>k\u00f6nnen uns dann beim Namen nennen.<\/p>\n\n\n\n<p>Ich fange an: &#8222;Rainer ist mein Name<br>und Karin hei\u00dft neben mir die Dame&#8220;.<br>In zehn Jahren gibt es f\u00fcr jeden ein Schild<br>darauf steht der Name und dazu das Bild.<\/p>\n\n\n\n<p>Die Wiedererkennung ist hier das Ziel<br>und Senioren-Memory hei\u00dft das Spiel.<br>Wer alle Personen richtig zuordnen kann,<br>hat gewonnen, dann ist der n\u00e4chste dran.<\/p>\n\n\n\n<p>Kann der Spieler eine Person erkennen<br>und mit richtigen Namen dann benennen.<br>Wer noch den Namen einer zweiten wei\u00df,<br>der ist noch fit im Kopf und noch kein Greis.<\/p>\n\n\n\n<p>\u00a9 Rainer Dambroth &#8211; 01.10.2018 &#8211; <strong><a href=\"https:\/\/www.overline-poetry.de\">www.overline-poetry.de<\/a><\/strong> <br><\/p>\n","protected":false},"excerpt":{"rendered":"<p>Jeder stellt sich mit dem Namen voralle wiederholen ihn dann im ChorSo lernen wir uns alle wieder kennenk\u00f6nnen uns dann beim Namen nennen. Ich fange an: &#8222;Rainer ist mein Nameund Karin hei\u00dft neben mir die Dame&#8220;.In zehn Jahren gibt es f\u00fcr jeden ein Schilddarauf steht der Name und dazu das Bild. Die Wiedererkennung ist hier [&hellip;]<\/p>\n","protected":false},"author":3,"featured_media":0,"parent":0,"menu_order":0,"comment_status":"closed","ping_status":"closed","template":"","meta":{"footnotes":""},"class_list":["post-883","page","type-page","status-publish","hentry"],"jetpack_sharing_enabled":true,"_links":{"self":[{"href":"https:\/\/www.overline-design.de\/poetry\/index.php?rest_route=\/wp\/v2\/pages\/883","targetHints":{"allow":["GET"]}}],"collection":[{"href":"https:\/\/www.overline-design.de\/poetry\/index.php?rest_route=\/wp\/v2\/pages"}],"about":[{"href":"https:\/\/www.overline-design.de\/poetry\/index.php?rest_route=\/wp\/v2\/types\/page"}],"author":[{"embeddable":true,"href":"https:\/\/www.overline-design.de\/poetry\/index.php?rest_route=\/wp\/v2\/users\/3"}],"replies":[{"embeddable":true,"href":"https:\/\/www.overline-design.de\/poetry\/index.php?rest_route=%2Fwp%2Fv2%2Fcomments&post=883"}],"version-history":[{"count":7,"href":"https:\/\/www.overline-design.de\/poetry\/index.php?rest_route=\/wp\/v2\/pages\/883\/revisions"}],"predecessor-version":[{"id":6505,"href":"https:\/\/www.overline-design.de\/poetry\/index.php?rest_route=\/wp\/v2\/pages\/883\/revisions\/6505"}],"wp:attachment":[{"href":"https:\/\/www.overline-design.de\/poetry\/index.php?rest_route=%2Fwp%2Fv2%2Fmedia&parent=883"}],"curies":[{"name":"wp","href":"https:\/\/api.w.org\/{rel}","templated":true}]}}