
{"id":8833,"date":"2024-07-07T00:01:00","date_gmt":"2024-07-07T00:01:00","guid":{"rendered":"https:\/\/www.overline-design.de\/poetry\/?page_id=8833"},"modified":"2024-07-17T14:34:14","modified_gmt":"2024-07-17T14:34:14","slug":"melis-sekmen-wechselt-die-pferde","status":"publish","type":"page","link":"https:\/\/www.overline-design.de\/poetry\/?page_id=8833","title":{"rendered":"Melis Sekmen wechselt die Pferde"},"content":{"rendered":"\n<p>Die Gr\u00fcnen Politikerin <strong>Melis Sekmen<\/strong> wechselt die Pferde im Galopp,<br>darum kommentiere ich ihren politischen Schritt auch ganz salopp.<br>Einfach die Pferde wechseln, zeigt sich moralisch als kein fairer Zug,<br>denn dieses Mandat geh\u00f6rt der gr\u00fcnen Partei, somit ist das Betrug.<br><br>\u00dcber die Liste, dann geh\u00f6rt dieses Mandat der \u201ebetroffenen\u201c Partei<br>und dieses f\u00fcr einen Parteiwechsel zu nutzen, das ist nicht einerlei.<br>Aber w\u00e4re dieses mit einem Direktmandat durch den W\u00e4hler votiert,<br>w\u00e4re es akzeptabel, wenn <strong>Melis Sekmen<\/strong> \u201eeine gro\u00dfe Lippe riskiert\u201c.<br><br>Der Sarkast behauptet: \u201eDas Ratten ein sinkendes Schiff verlassen\u201c,<br>aber wir wollen ohne Sarkasmus doch \u201edie Kirche im Dorf belassen\u201c<br>Diese Vorgehensweise und Abtr\u00fcnnigkeit ist so nicht zu akzeptieren,<br>aber da wollte die <strong>Melis Sekmen<\/strong> wohl nicht ihre \u201ePfr\u00fcnde\u201c verlieren.<br><br>Wenn einem die politischen Strategien der Ministerien nicht gef\u00e4llt,<br>dann verzichtet man auf sein Mandat und nat\u00fcrlich auf gutes Geld.<br>Man tritt aus der Partei aus und gibt man sein Mandat dann zur\u00fcck,<br>macht Platz f\u00fcr den N\u00e4chsten der Liste und der versucht sein Gl\u00fcck.<br><br>Das dieser \u201e\u00dcberlauf\u201c von der Konkurrenz entsprechend aufbereitet<br>und man gemeinsam werbewirksam dann vor die Kameras schreitet<br>Diesen \u00dcberlauf als Gewinn f\u00fcr die konkurrierende Partei deklarieren,<br>heisst, sie morallose \u201eB\u00e4umchen-wechsel-dich\u201c-Mandate akzeptieren.<br><br>Oder war es ein &#8222;unmoralisches Angebot&#8220; f\u00fcr diesen Partei\u00fcbertritt?<br>Aber dieses politische B\u00fchnenspiel bekommen die W\u00e4hler nicht mit!<br>Wenn die Bundespolitiker ihre Parteifarbe nach dem Winde drehen,<br>sind sie nicht gefestigt, weil sie ihre eigenen Vorteile wollen sehen.<br><br><strong>\u00a9<\/strong> Rainer Dambroth &#8211; 07.07.2024 &#8211; <strong><a href=\"http:\/\/www.overline-poetry.de\/\">www.overline-poetry.de<\/a><\/strong><br><br><strong>Melis Sekmen, seit 2021 Abgeordnete im Bundestag f\u00fcr die Gr\u00fcnen, wechselt in die CDU-Fraktion. 03.07.2024<\/strong><br><br><br><\/p>\n","protected":false},"excerpt":{"rendered":"<p>Die Gr\u00fcnen Politikerin Melis Sekmen wechselt die Pferde im Galopp,darum kommentiere ich ihren politischen Schritt auch ganz salopp.Einfach die Pferde wechseln, zeigt sich moralisch als kein fairer Zug,denn dieses Mandat geh\u00f6rt der gr\u00fcnen Partei, somit ist das Betrug. \u00dcber die Liste, dann geh\u00f6rt dieses Mandat der \u201ebetroffenen\u201c Parteiund dieses f\u00fcr einen Parteiwechsel zu nutzen, das [&hellip;]<\/p>\n","protected":false},"author":3,"featured_media":0,"parent":0,"menu_order":0,"comment_status":"closed","ping_status":"closed","template":"","meta":{"footnotes":""},"class_list":["post-8833","page","type-page","status-publish","hentry"],"jetpack_sharing_enabled":true,"_links":{"self":[{"href":"https:\/\/www.overline-design.de\/poetry\/index.php?rest_route=\/wp\/v2\/pages\/8833","targetHints":{"allow":["GET"]}}],"collection":[{"href":"https:\/\/www.overline-design.de\/poetry\/index.php?rest_route=\/wp\/v2\/pages"}],"about":[{"href":"https:\/\/www.overline-design.de\/poetry\/index.php?rest_route=\/wp\/v2\/types\/page"}],"author":[{"embeddable":true,"href":"https:\/\/www.overline-design.de\/poetry\/index.php?rest_route=\/wp\/v2\/users\/3"}],"replies":[{"embeddable":true,"href":"https:\/\/www.overline-design.de\/poetry\/index.php?rest_route=%2Fwp%2Fv2%2Fcomments&post=8833"}],"version-history":[{"count":6,"href":"https:\/\/www.overline-design.de\/poetry\/index.php?rest_route=\/wp\/v2\/pages\/8833\/revisions"}],"predecessor-version":[{"id":8874,"href":"https:\/\/www.overline-design.de\/poetry\/index.php?rest_route=\/wp\/v2\/pages\/8833\/revisions\/8874"}],"wp:attachment":[{"href":"https:\/\/www.overline-design.de\/poetry\/index.php?rest_route=%2Fwp%2Fv2%2Fmedia&parent=8833"}],"curies":[{"name":"wp","href":"https:\/\/api.w.org\/{rel}","templated":true}]}}