
{"id":8846,"date":"2024-07-14T00:02:00","date_gmt":"2024-07-14T00:02:00","guid":{"rendered":"https:\/\/www.overline-design.de\/poetry\/?page_id=8846"},"modified":"2024-07-13T11:33:33","modified_gmt":"2024-07-13T11:33:33","slug":"sahra-wagenknecht-operiert-bei-illner-mit-falschen-zahlen","status":"publish","type":"page","link":"https:\/\/www.overline-design.de\/poetry\/?page_id=8846","title":{"rendered":"Sahra Wagenknecht operiert bei Illner mit falschen Zahlen"},"content":{"rendered":"\n<p><strong>Sahra Wagenknecht<\/strong> \u201eoperiert\u201c f\u00fcr ihre W\u00e4hler mit falschen Zahlen<br>und prophezeit mit Gebetsm\u00fchlen: \u201eF\u00fcr die Menschen viele Qualen\u201c.<br>Sie auch den Raketenangriff auf das Kinderkrankenhaus \u201egesch\u00f6nt\u201c,<br>indem sie die Fakten verdreht und die Abwehr der Ukraine verh\u00f6hnt.<br>Durch die Abwehr h\u00e4tten Raketenteile das Krankenhaus getroffen,<br>dadurch dieses Ungl\u00fcck passiert und sie w\u00fcrde auf Einsicht hoffen.<br><br>Der russischen Angriffskrieg w\u00fcrde durch die USA verst\u00e4rkt forciert,<br>denn Putin f\u00fchlte sich bedroht und will das Russland nichts passiert.<br>Man konnte an den betroffenen Mienen der Teilnehmenden ersehen,<br>ist <strong>Sahra Wagenknecht<\/strong> \u201everblendet\u201c oder will Tatsachen nicht sehen.<br>Ist doch Despot Putin, der durch seinen Angriff die Ukrane bedr\u00e4ngt,<br>den <strong>Sahra Wagenknecht<\/strong> als Friedensidol sieht und woran sie h\u00e4ngt.<br><br>Amerika wird von ihr als der Welt gr\u00f6\u00dfter Kriegstreiber dargestellt<br>und sie hofft wohl, das dem Despoten Putin die Verteidigung gef\u00e4llt.<br>Wie verblendet kann man als selbst ernannter \u201eFriedensengel\u201c sein,<br>dass man auf Aussagen von der russischen Propaganda f\u00e4llt herein.<br>Wem Amerika als Klassenfeind und Russland als Bruderland erz\u00e4hlt,<br>dem eine objektive Beurteilung des Angriffs gegen die Ukraine fehlt.<br><br>Das wir nach Putins Kriegsandrohung sch\u00fctzen m\u00fcssen unser Land,<br>dieses wird von <strong>Sahra Wagenknecht<\/strong> abgelehnt, ohne Sachverstand.<br>Wir sollten nur unbewaffnet diplomatisch uns mit Putin arrangieren,<br>sonst werden noch viele unschuldige Menschen ihr Leben verlieren.<br>Der Despot Putin nicht auf gew\u00fcnschter diplomatischer Ebene denkt,<br>er erkennt nur milit\u00e4rische St\u00e4rke, wonach er seine Strategien lenkt.<br><br><strong>\u00a9 Rainer Dambroth \u2013 11.07.2024 \u2013 <a href=\"http:\/\/www.overline-poetry.de\/\">www.overline-poetry.de<\/a><\/strong><\/p>\n\n\n\n<p>Talkrunde am 11.07.2024 bei Maybritt Illner mit Omid Nouripour (B&#8217;90\/\/Die Gr\u00fcnen), Sahra Wagenknecht(BSW), Claudia Major(Sicherheits- und Verteidigungsexpertin), Ben Hodges (Generalleutnant a.D.) und Claus Kleber<br><br><br><\/p>\n\n\n\n<p><br><br><br><\/p>\n","protected":false},"excerpt":{"rendered":"<p>Sahra Wagenknecht \u201eoperiert\u201c f\u00fcr ihre W\u00e4hler mit falschen Zahlenund prophezeit mit Gebetsm\u00fchlen: \u201eF\u00fcr die Menschen viele Qualen\u201c.Sie auch den Raketenangriff auf das Kinderkrankenhaus \u201egesch\u00f6nt\u201c,indem sie die Fakten verdreht und die Abwehr der Ukraine verh\u00f6hnt.Durch die Abwehr h\u00e4tten Raketenteile das Krankenhaus getroffen,dadurch dieses Ungl\u00fcck passiert und sie w\u00fcrde auf Einsicht hoffen. Der russischen Angriffskrieg w\u00fcrde durch [&hellip;]<\/p>\n","protected":false},"author":3,"featured_media":0,"parent":0,"menu_order":0,"comment_status":"closed","ping_status":"closed","template":"","meta":{"footnotes":""},"class_list":["post-8846","page","type-page","status-publish","hentry"],"jetpack_sharing_enabled":true,"_links":{"self":[{"href":"https:\/\/www.overline-design.de\/poetry\/index.php?rest_route=\/wp\/v2\/pages\/8846","targetHints":{"allow":["GET"]}}],"collection":[{"href":"https:\/\/www.overline-design.de\/poetry\/index.php?rest_route=\/wp\/v2\/pages"}],"about":[{"href":"https:\/\/www.overline-design.de\/poetry\/index.php?rest_route=\/wp\/v2\/types\/page"}],"author":[{"embeddable":true,"href":"https:\/\/www.overline-design.de\/poetry\/index.php?rest_route=\/wp\/v2\/users\/3"}],"replies":[{"embeddable":true,"href":"https:\/\/www.overline-design.de\/poetry\/index.php?rest_route=%2Fwp%2Fv2%2Fcomments&post=8846"}],"version-history":[{"count":5,"href":"https:\/\/www.overline-design.de\/poetry\/index.php?rest_route=\/wp\/v2\/pages\/8846\/revisions"}],"predecessor-version":[{"id":8858,"href":"https:\/\/www.overline-design.de\/poetry\/index.php?rest_route=\/wp\/v2\/pages\/8846\/revisions\/8858"}],"wp:attachment":[{"href":"https:\/\/www.overline-design.de\/poetry\/index.php?rest_route=%2Fwp%2Fv2%2Fmedia&parent=8846"}],"curies":[{"name":"wp","href":"https:\/\/api.w.org\/{rel}","templated":true}]}}