
{"id":8875,"date":"2024-07-28T00:02:00","date_gmt":"2024-07-28T00:02:00","guid":{"rendered":"https:\/\/www.overline-design.de\/poetry\/?page_id=8875"},"modified":"2024-08-02T06:37:03","modified_gmt":"2024-08-02T06:37:03","slug":"eine-fuehrungskraft-fuehrt-und-zerstoert-nicht","status":"publish","type":"page","link":"https:\/\/www.overline-design.de\/poetry\/?page_id=8875","title":{"rendered":"Eine gute F\u00fchrungskraft f\u00fchrt"},"content":{"rendered":"\n<p>Eine gute F\u00fchrungskraft, wer auch Pf\u00f6rtner und die Putzfrau kennt<br>und wenn sie besonders gut sind, sie auch bei ihrem Namen nennt.<br>Ich habe einen Betriebsleiter gekannt, f\u00fcr den war es eine \u201ePflicht\u201c<br>und von dieser Grundeinstellung abzuweichen, gab es f\u00fcr ihn nicht.<br><br>Nach dem Eintritt in den Ruhestand, kam dann ein BWL-Absolvent,<br>der nur noch die Statistiken und die Erfolgskurven der Firma kennt.<br>F\u00fcr ihn sind Untergebene \u201everbrauchsf\u00e4higes\u201c Menschenmaterial,<br>was jeder Zeit ausgetauscht, bevor sie dann werden zu einer Qual.<br><br>Sie sollen nur noch arbeiten und bei der Arbeit nicht zu viel denken,<br>er allein werde ab jetzt den Betrieb \u201ebetriebswirtschaftlich\u201c lenken.<br>Viele Mitarbeiter wurden in den vorzeitigen Vorruhestand geschickt,<br>sie bekamen eine Abfindung, somit war eine gute Statistik gegl\u00fcckt.<br><br>Die Verbleibenden sich nicht mehr mit diesem Betrieb identifizieren,<br>denn es reicht, wenn sie ihre Gesundheit f\u00fcr den Betrieb riskieren.<br>Die Mitarbeiter sich ab jetzt mehr f\u00fcr Freizeitangebote interessieren,<br>denn sie wollen nicht zu viel Zeit mehr in diesen Betrieben verlieren.<br><br>Die Fehlentscheidungen und Sch\u00e4den, die in dem Betrieb passierten,<br>auch die jeweils zust\u00e4ndigen Mitarbeiter nicht mehr interessierten.<br>Die zusammenhaltende Gemeinschaft vielfach verloren gegangen,<br>weil jeder doch bestrebt, wie er schnell kann nach oben gelangen.<br><br>Ab Dato wurde der Betrieb dann betriebswirtschaftlich umgebaut,<br>jeder f\u00fchrende Mitarbeiter jetzt nur noch die Statistiken anschaut.<br>Irgendwann stehen wir vor Problemen, denn \u00fcberall fehlt Personal,<br>aber man h\u00e4tte dieses vermeiden k\u00f6nnen, denn man hatte die Wahl.<br><br>Getreu von dem Autor Fallada \u201eEin Mann will nach oben\u201c als Roman,<br>da konnte man gut erleben, wie weit ein \u201eAufsteiger\u201c gehen kann.<br>Ihr Lebensarbeitsmotto:\u201eNach oben buckeln und nach unten treten\u201c,<br>denn sie wollen sich auf ihrer \u201eKarriereleiter\u201c doch nicht versp\u00e4ten.<br><br><strong>\u00a9<\/strong> Rainer Dambroth \u2013 28.07.2024 \u2013 <strong><a href=\"http:\/\/www.overline-poetry.de\/\">www.overline-poetry.de<\/a><\/strong><\/p>\n","protected":false},"excerpt":{"rendered":"<p>Eine gute F\u00fchrungskraft, wer auch Pf\u00f6rtner und die Putzfrau kenntund wenn sie besonders gut sind, sie auch bei ihrem Namen nennt.Ich habe einen Betriebsleiter gekannt, f\u00fcr den war es eine \u201ePflicht\u201cund von dieser Grundeinstellung abzuweichen, gab es f\u00fcr ihn nicht. Nach dem Eintritt in den Ruhestand, kam dann ein BWL-Absolvent,der nur noch die Statistiken und [&hellip;]<\/p>\n","protected":false},"author":3,"featured_media":0,"parent":0,"menu_order":0,"comment_status":"closed","ping_status":"closed","template":"","meta":{"footnotes":""},"class_list":["post-8875","page","type-page","status-publish","hentry"],"jetpack_sharing_enabled":true,"_links":{"self":[{"href":"https:\/\/www.overline-design.de\/poetry\/index.php?rest_route=\/wp\/v2\/pages\/8875","targetHints":{"allow":["GET"]}}],"collection":[{"href":"https:\/\/www.overline-design.de\/poetry\/index.php?rest_route=\/wp\/v2\/pages"}],"about":[{"href":"https:\/\/www.overline-design.de\/poetry\/index.php?rest_route=\/wp\/v2\/types\/page"}],"author":[{"embeddable":true,"href":"https:\/\/www.overline-design.de\/poetry\/index.php?rest_route=\/wp\/v2\/users\/3"}],"replies":[{"embeddable":true,"href":"https:\/\/www.overline-design.de\/poetry\/index.php?rest_route=%2Fwp%2Fv2%2Fcomments&post=8875"}],"version-history":[{"count":6,"href":"https:\/\/www.overline-design.de\/poetry\/index.php?rest_route=\/wp\/v2\/pages\/8875\/revisions"}],"predecessor-version":[{"id":8907,"href":"https:\/\/www.overline-design.de\/poetry\/index.php?rest_route=\/wp\/v2\/pages\/8875\/revisions\/8907"}],"wp:attachment":[{"href":"https:\/\/www.overline-design.de\/poetry\/index.php?rest_route=%2Fwp%2Fv2%2Fmedia&parent=8875"}],"curies":[{"name":"wp","href":"https:\/\/api.w.org\/{rel}","templated":true}]}}