
{"id":8912,"date":"2024-08-11T00:05:00","date_gmt":"2024-08-11T00:05:00","guid":{"rendered":"https:\/\/www.overline-design.de\/poetry\/?page_id=8912"},"modified":"2024-08-08T15:22:20","modified_gmt":"2024-08-08T15:22:20","slug":"respekt-vor-service-und-reinigungspersonal","status":"publish","type":"page","link":"https:\/\/www.overline-design.de\/poetry\/?page_id=8912","title":{"rendered":"Respekt vor Service- und Reinigungspersonal"},"content":{"rendered":"\n<p>Das Reinigungspersonal auf den Stra\u00dfen, Geb\u00e4uden und Toiletten,<br>durch ihre erbrachte Leistung schon mehr Respekt verdient h\u00e4tten.<br>Auch der Ton, mit dem oft abf\u00e4llig dem Servicepersonal begegnet,<br>ist eine Art, die dann nicht mit dem notwendigen Respekt gesegnet.<br><br>Sie sorgen, dass \u201eMensch\u201c nicht im selbst produzierten M\u00fcll erstickt<br>und in saubere Sanit\u00e4rbecken oder durch saubere Scheiben blickt.<br>Beim n\u00e4chsten Sanit\u00e4rbesuch oder \u201eBlick in die Ferne\u201c denkt daran,<br>wer dieses f\u00fcr euch wieder benutzbar gereinigt, ob Frau oder Mann.<br><br>Auch die vielen \u201edienstbereiten Geister\u201c in dem Gastronomiebereich,<br>wenn sie Spa\u00df an ihrem Job haben, kommen sie meist auch gleich.<br>Sie freuen sich, wenn G\u00e4ste zufrieden und erleben sch\u00f6ne Stunden,<br>dann nur die G\u00e4ste dieses anerkennen und die Rechnung aufrunden!<br><br>Immer weniger wollen im Service oder in der Reinigung arbeiten,<br>denn die sp\u00e4ten Arbeitszeiten wollen einem keine Freude bereiten.<br>Man will mit Freunden Spa\u00df haben und gemeinsam gehen \u201eauf Tour\u201c,<br>aber gehen sie zum Essen, bleibt die Frage: \u201eWer bedient hier nur?\u201c<br><br>Auch die \u201eReinigungsengel\u201c m\u00fcssen t\u00e4glich ihren Dienst versehen,<br>wenn die B\u00fcros verlassen oder die Mitarbeiter nach Hause gehen.<br>W\u00e4hrend sie die B\u00fcros oder Produktionshallen dann sauber pflegen,<br>haben die Anderen Ruhezeit oder werden sich schon schlafen legen.<br><br>Einen \u201eZeitkollegen\u201c in einer Firma nach seinem Urlaubsziel befragt:<br>\u201eEr w\u00fcrde in die DomRep fliegen und am Pool liegen\u201c, so er gesagt,<br>\u201eEr w\u00fcrde die Bimbos dann nach seiner Pfeife dann tanzen lassen\u201c.<br>Ich habe mich fremdgesch\u00e4mt, konnte diese Aussage nicht fassen.<br><br>Gerade in diesen L\u00e4ndern ist man auf den Tourismus angewiesen,<br>die durch ihre Fernreisen in diese L\u00e4nder bringen wichtige Devisen.<br>Meist werden sie zu Beginn der Saison vom Hotel dann angeheuert<br>und zum Ende der Saison dann wieder arbeitslos, somit \u201egefeuert\u201c.<br><br><strong>\u00a9<\/strong> Rainer Dambroth \u2013 11.08.2024 \u2013 <strong><a href=\"http:\/\/www.overline-poetry.de\/\">www.overline-poetry.de<\/a><\/strong><br><br><\/p>\n","protected":false},"excerpt":{"rendered":"<p>Das Reinigungspersonal auf den Stra\u00dfen, Geb\u00e4uden und Toiletten,durch ihre erbrachte Leistung schon mehr Respekt verdient h\u00e4tten.Auch der Ton, mit dem oft abf\u00e4llig dem Servicepersonal begegnet,ist eine Art, die dann nicht mit dem notwendigen Respekt gesegnet. Sie sorgen, dass \u201eMensch\u201c nicht im selbst produzierten M\u00fcll ersticktund in saubere Sanit\u00e4rbecken oder durch saubere Scheiben blickt.Beim n\u00e4chsten Sanit\u00e4rbesuch [&hellip;]<\/p>\n","protected":false},"author":3,"featured_media":0,"parent":0,"menu_order":0,"comment_status":"closed","ping_status":"closed","template":"","meta":{"footnotes":""},"class_list":["post-8912","page","type-page","status-publish","hentry"],"jetpack_sharing_enabled":true,"_links":{"self":[{"href":"https:\/\/www.overline-design.de\/poetry\/index.php?rest_route=\/wp\/v2\/pages\/8912","targetHints":{"allow":["GET"]}}],"collection":[{"href":"https:\/\/www.overline-design.de\/poetry\/index.php?rest_route=\/wp\/v2\/pages"}],"about":[{"href":"https:\/\/www.overline-design.de\/poetry\/index.php?rest_route=\/wp\/v2\/types\/page"}],"author":[{"embeddable":true,"href":"https:\/\/www.overline-design.de\/poetry\/index.php?rest_route=\/wp\/v2\/users\/3"}],"replies":[{"embeddable":true,"href":"https:\/\/www.overline-design.de\/poetry\/index.php?rest_route=%2Fwp%2Fv2%2Fcomments&post=8912"}],"version-history":[{"count":4,"href":"https:\/\/www.overline-design.de\/poetry\/index.php?rest_route=\/wp\/v2\/pages\/8912\/revisions"}],"predecessor-version":[{"id":8916,"href":"https:\/\/www.overline-design.de\/poetry\/index.php?rest_route=\/wp\/v2\/pages\/8912\/revisions\/8916"}],"wp:attachment":[{"href":"https:\/\/www.overline-design.de\/poetry\/index.php?rest_route=%2Fwp%2Fv2%2Fmedia&parent=8912"}],"curies":[{"name":"wp","href":"https:\/\/api.w.org\/{rel}","templated":true}]}}