
{"id":8966,"date":"2024-08-18T09:53:38","date_gmt":"2024-08-18T09:53:38","guid":{"rendered":"https:\/\/www.overline-design.de\/poetry\/?page_id=8966"},"modified":"2025-01-15T05:20:40","modified_gmt":"2025-01-15T05:20:40","slug":"wissing-will-macht-nicht-wissing-macht-nichts","status":"publish","type":"page","link":"https:\/\/www.overline-design.de\/poetry\/?page_id=8966","title":{"rendered":"Wissing will Macht &#8211; nicht Wissing macht nichts"},"content":{"rendered":"\n<p>Verkehrsminister Volker Wissing von der FDP, einer \u201eProtest-Partei\u201c,<br>denkt sich, mit dem &#8222;schlecht re(a)gieren&#8220;, da ist doch nichts dabei.<br>So wird weiter nur an \u201eDie freie Fahrt auf den Autobahnen\u201c gedacht<br>und vorrangig Lobbyarbeit f\u00fcr Hersteller von Verbrennern gemacht.<br><br>Man ist mit in der Regierung, sieht sich doch mehr in der Opposition<br>und bei vielen Regierungsentscheidungen erkennt man dieses schon.<br>Nach Verhandlungsabschl\u00fcssen man beleidigt zu den Medien rennt<br>und man den Konflikt in der Presse, Funk oder Fernsehen benennt.<br><br>Wenn in der Regierung wurde ein Regierungsbeschluss festgesetzt,<br>eilt FDP-Chef Lindner in die \u00d6ffentlichkeit und zeigt sich entsetzt.<br>Zu Schulzeiten, hat ein solcher \u201eVerpetzer\u201c einem Sorgen bereitet,<br>wenn mit: \u201eHerr Lehrer ich wei\u00df was\u201c, er stolz nach vorne schreitet.<br><br>Christian Lindner sich doch in der Rolle als \u201eVerpetzer\u201c sehr gef\u00e4llt,<br>man kann nur hoffen, dass daf\u00fcr die FDP weniger Stimmen z\u00e4hlt.<br>Denn so zeigt sich nicht die Qualit\u00e4t einer soliden Regierungsarbeit,<br>sondern w\u00fcnscht, dass diese Regierung erreicht das Ende ihrer Zeit.<br><br>Ist es mangelndes Selbstwertgef\u00fchl, warum Lindner bleibt nicht still<br>und warum er mit \u201eRegierungskonflikten\u201c in die \u00d6ffentlichkeit will.<br>Lindner, wie die Opposition, gemachte Fehler der Regierung erkl\u00e4rt!<br>Somit der B\u00fcrger alles \u00fcber die \u201eunf\u00e4hige Zusammenarbeit\u201c erf\u00e4hrt.<br><br>Was will Lindner nur erreichen mit seinem st\u00e4ndigen \u201eVerpetzen\u201c?<br>Das die B\u00fcrger sich \u00fcber dieses Regierungs-Trio nur noch entsetzen?<br>Man treibt die W\u00e4hler bei einer Wahl nur in die Unentschlossenheit!<br>Parteien, wie die AFD, dieses f\u00fcr sich nutzen, als &#8222;Zeichen der Zeit&#8220;.<br><br>Die \u201eechte\u201c Opposition, die CDU, sich nur in Kleinkariertheit verliert<br>und sogar die gemachten Fehler aus ihrer Regierungszeit kritisiert.<br>Mit den Problemen nach der 2015 ankommenden Fl\u00fcchtlingswelle,<br>kamen sie auch mit geforderten R\u00fcckf\u00fchrungen nicht von der Stelle.<br><br><strong>\u00a9 Rainer Dambroth &#8211; 18.08.2024 &#8211; <a href=\"http:\/\/www.overline-poetry.de\/\">www.overline-poetry.de<\/a><\/strong><\/p>\n","protected":false},"excerpt":{"rendered":"<p>Verkehrsminister Volker Wissing von der FDP, einer \u201eProtest-Partei\u201c,denkt sich, mit dem &#8222;schlecht re(a)gieren&#8220;, da ist doch nichts dabei.So wird weiter nur an \u201eDie freie Fahrt auf den Autobahnen\u201c gedachtund vorrangig Lobbyarbeit f\u00fcr Hersteller von Verbrennern gemacht. Man ist mit in der Regierung, sieht sich doch mehr in der Oppositionund bei vielen Regierungsentscheidungen erkennt man dieses [&hellip;]<\/p>\n","protected":false},"author":3,"featured_media":0,"parent":0,"menu_order":0,"comment_status":"closed","ping_status":"closed","template":"","meta":{"footnotes":""},"class_list":["post-8966","page","type-page","status-publish","hentry"],"jetpack_sharing_enabled":true,"_links":{"self":[{"href":"https:\/\/www.overline-design.de\/poetry\/index.php?rest_route=\/wp\/v2\/pages\/8966","targetHints":{"allow":["GET"]}}],"collection":[{"href":"https:\/\/www.overline-design.de\/poetry\/index.php?rest_route=\/wp\/v2\/pages"}],"about":[{"href":"https:\/\/www.overline-design.de\/poetry\/index.php?rest_route=\/wp\/v2\/types\/page"}],"author":[{"embeddable":true,"href":"https:\/\/www.overline-design.de\/poetry\/index.php?rest_route=\/wp\/v2\/users\/3"}],"replies":[{"embeddable":true,"href":"https:\/\/www.overline-design.de\/poetry\/index.php?rest_route=%2Fwp%2Fv2%2Fcomments&post=8966"}],"version-history":[{"count":6,"href":"https:\/\/www.overline-design.de\/poetry\/index.php?rest_route=\/wp\/v2\/pages\/8966\/revisions"}],"predecessor-version":[{"id":9817,"href":"https:\/\/www.overline-design.de\/poetry\/index.php?rest_route=\/wp\/v2\/pages\/8966\/revisions\/9817"}],"wp:attachment":[{"href":"https:\/\/www.overline-design.de\/poetry\/index.php?rest_route=%2Fwp%2Fv2%2Fmedia&parent=8966"}],"curies":[{"name":"wp","href":"https:\/\/api.w.org\/{rel}","templated":true}]}}