
{"id":8986,"date":"2024-08-25T00:02:00","date_gmt":"2024-08-25T00:02:00","guid":{"rendered":"https:\/\/www.overline-design.de\/poetry\/?page_id=8986"},"modified":"2024-08-22T16:23:13","modified_gmt":"2024-08-22T16:23:13","slug":"donald-trump-der-von-gott-gesandte","status":"publish","type":"page","link":"https:\/\/www.overline-design.de\/poetry\/?page_id=8986","title":{"rendered":"Donald Trump \u2013 der von Gott gesandte"},"content":{"rendered":"\n<p>Sogar die evangelistische Kirche sich f\u00fcr Donald Trump verwendet,<br>denn der Donald Trump, so h\u00f6rte man, \u201ewurde von Gott entsendet\u201c.<br>Donald Trump zu vergleichen mit einem von Gott gesandten Boten,<br>dadurch machen sich die Evangelisten f\u00fcr Donald Trump zu Idioten.<br><br>Donald Trump, der sich daraufhin schon als &#8222;Gottgleich&#8220; betrachtet<br>und seine Gegnerschaft mit \u00fcbelsten Beschimpfungen missachtet.<br>Selbst die Gl\u00e4ubigsten sollten doch erkennen, was gerade passiert,<br>wenn Donald Trump dann wieder durch Hetze den Mob mobilisiert.<br><br>Donald Trump der st\u00e4ndig mit L\u00fcgen eines der zehn Gebote bricht,<br>einen solchen L\u00fcgner, den will man als Pr\u00e4sident f\u00fcr Amerika nicht.<br>Er sieht sich mit \u201eherausragenden\u201c Pers\u00f6nlichkeiten in einer Person,<br>so blendet er W\u00e4hler mit seinen nicht erbrachten Leistungen schon.<br><br>Ein Pr\u00e4sidentenbewerber, der nur mit \u201ehirnlosen\u201c Spr\u00fcchen reagiert,<br>weil ihm die Benutzung vom eigenen Gehirn wohl nicht interessiert.<br>Sind die Republikaner denn so euphorisch und v\u00f6llig \u201edurchgeknallt\u201c,<br>um zu erkennen, das Donald Trump als Pr\u00e4sident &#8222;schon viel zu alt\u201c.<br><br>Seine Wahlkampfauftritte bestehen nur aus purer Hetze und L\u00fcgen,<br>bei seinen Auftritten behauptet er, das die \u201eAnderen\u201c ihn betr\u00fcgen.<br>Auch ein Erz-Konservativer wurde ihm als Vize an die Seite gestellt<br>und so gehofft, dass auch dieser den konservativen W\u00e4hlern gef\u00e4llt.<br><br>Als Regierungsgrundlage dient die Bibel, mit der er zur Zeit agiert,<br>denn den streng gl\u00e4ubigen Evangelisten er mit Bibelinhalten hofiert.<br>Mit deren Zuspruch und \u201eSegnung\u201c will er an die Regierungsmacht<br>und mit Schritt in die tiefste Bibelgeschichte: \u201eAmerika gute Nacht!\u201c<br><br><strong>\u00a9 Rainer Dambroth &#8211; 25.08.2024 &#8211; <a href=\"https:\/\/www.overline-poetry.de\/\">www.overline-poetry.de<\/a><\/strong><br><br><a href=\"https:\/\/www.overline-design.de\/poetry\/?page_id=8333\" data-type=\"link\" data-id=\"https:\/\/www.overline-design.de\/poetry\/?page_id=8333\"><strong>Donald Trump als Pr\u00e4sident und die Folgen f\u00fcr Europa<\/strong><\/a><br><strong><a href=\"https:\/\/www.overline-design.de\/poetry\/wp-admin\/post.php?post=6248&amp;action=edit\">Der amerikanische Vulkan Trump spuckt wieder \u201eLaber\u201c<\/a><\/strong><br><\/p>\n","protected":false},"excerpt":{"rendered":"<p>Sogar die evangelistische Kirche sich f\u00fcr Donald Trump verwendet,denn der Donald Trump, so h\u00f6rte man, \u201ewurde von Gott entsendet\u201c.Donald Trump zu vergleichen mit einem von Gott gesandten Boten,dadurch machen sich die Evangelisten f\u00fcr Donald Trump zu Idioten. Donald Trump, der sich daraufhin schon als &#8222;Gottgleich&#8220; betrachtetund seine Gegnerschaft mit \u00fcbelsten Beschimpfungen missachtet.Selbst die Gl\u00e4ubigsten sollten [&hellip;]<\/p>\n","protected":false},"author":3,"featured_media":0,"parent":0,"menu_order":0,"comment_status":"closed","ping_status":"closed","template":"","meta":{"footnotes":""},"class_list":["post-8986","page","type-page","status-publish","hentry"],"jetpack_sharing_enabled":true,"_links":{"self":[{"href":"https:\/\/www.overline-design.de\/poetry\/index.php?rest_route=\/wp\/v2\/pages\/8986","targetHints":{"allow":["GET"]}}],"collection":[{"href":"https:\/\/www.overline-design.de\/poetry\/index.php?rest_route=\/wp\/v2\/pages"}],"about":[{"href":"https:\/\/www.overline-design.de\/poetry\/index.php?rest_route=\/wp\/v2\/types\/page"}],"author":[{"embeddable":true,"href":"https:\/\/www.overline-design.de\/poetry\/index.php?rest_route=\/wp\/v2\/users\/3"}],"replies":[{"embeddable":true,"href":"https:\/\/www.overline-design.de\/poetry\/index.php?rest_route=%2Fwp%2Fv2%2Fcomments&post=8986"}],"version-history":[{"count":7,"href":"https:\/\/www.overline-design.de\/poetry\/index.php?rest_route=\/wp\/v2\/pages\/8986\/revisions"}],"predecessor-version":[{"id":8998,"href":"https:\/\/www.overline-design.de\/poetry\/index.php?rest_route=\/wp\/v2\/pages\/8986\/revisions\/8998"}],"wp:attachment":[{"href":"https:\/\/www.overline-design.de\/poetry\/index.php?rest_route=%2Fwp%2Fv2%2Fmedia&parent=8986"}],"curies":[{"name":"wp","href":"https:\/\/api.w.org\/{rel}","templated":true}]}}