
{"id":9033,"date":"2024-08-31T00:02:00","date_gmt":"2024-08-31T00:02:00","guid":{"rendered":"https:\/\/www.overline-design.de\/poetry\/?page_id=9033"},"modified":"2024-09-03T15:19:43","modified_gmt":"2024-09-03T15:19:43","slug":"die-afd-mit-bjoern-hoecke-luegt-sich-an-die-macht","status":"publish","type":"page","link":"https:\/\/www.overline-design.de\/poetry\/?page_id=9033","title":{"rendered":"Die AFD mit Bj\u00f6rn H\u00f6cke l\u00fcgt sich an die Macht"},"content":{"rendered":"\n<p>H\u00f6cke ist geplant aus dem Westen nach Ostdeutschland umgezogen<br>und um an die Macht zu kommen, werden B\u00fcrger bewusst belogen.<br>Er h\u00e4tte aktiv f\u00fcr den Mauerfall der ehemaligen DDR mit gek\u00e4mpft,<br>aber da war er siebzehn und im Westen, so die Wahrheit ged\u00e4mpft.<br><br>Es werden von der <strong>AFD<\/strong> im Osten bewusst gro\u00dfe \u00c4ngste gestreut,<br>das man eine Nichtwahl der <strong>AFD<\/strong> im Osten doch sehr schnell bereut.<br>Die Menschen in Ostdeutschland um den Arbeitsplatzverlust bangen,<br>aber man sollte sich f\u00fcrchten, wenn von der <strong>AFD<\/strong> wird \u201eeingefangen\u201c.<br><br>Dabei ist es doch umgekehrt, als potentielle <strong>AFD<\/strong>-W\u00e4hler es ahnen,<br>denn Unternehmen im Osten vor einer Macht durch die <strong>AFD<\/strong> warnen.<br>Die ans\u00e4ssigen Unternehmen sich wehren gegen \u201eAusl\u00e4nderhetze\u201c,<br>auch ausl\u00e4ndische Arbeitnehmer mit Qualifikation man sehr sch\u00e4tze.<br><br>Ans\u00e4ssige Unternehmen bei <strong>AFD<\/strong>-Macht mit Abwanderung drohen,<br>denn bei Macht\u00fcbernahme durch <strong>AFD<\/strong> wird der Ton weiter verrohen.<br>Der H\u00f6cke frustriert w\u00fctend den Unternehmen den Bankrott erkl\u00e4rt.<br>So kann erkennen, wie feige F\u00fchrer H\u00f6cke von der <strong>AFD<\/strong> sich wehrt!<br><br>Neue Firmen im Osten angesiedelt, dadurch Arbeitspl\u00e4tze entstehen<br>und B\u00fcrger in Ostdeutschland sollten dieses als gro\u00dfe Chance sehen.<br>Nur dazu sollten die Menschen gewillt und m\u00fcssen sich \u201eaufraffen\u201c.<br>Arbeiten f\u00fcr ihr Leben, denn wir sind nicht im Land der \u201eSchlaraffen\u201c!<br><br>So einf\u00e4ltig werden die B\u00fcrger in Ostdeutschland wohl nicht sein,<br>so dass sie auf die skandierten Wahlparolen der <strong>AFD<\/strong> fallen herein.<br>Wenn ich bei den <strong>AFD<\/strong>-Aufm\u00e4rschen die Mitl\u00e4ufer der Gruppe sehe,<br>ich die berechtigten \u00c4ngste unserer ausl\u00e4ndischen B\u00fcrger verstehe.<br><br><strong>\u00a9 Rainer Dambroth &#8211; 31.08.2024 &#8211; <a href=\"https:\/\/www.overline-poetry.de\/\"><strong>www.overline-poetry.de<\/strong><\/a><\/strong><br><br><strong>\u201cMan darf nicht warten, bis aus dem Schneeball eine Lawine geworden ist. Man muss den rollenden Schneeball zertreten. Die Lawine h\u00e4lt keiner mehr auf. Sie ruht erst, wenn sie alles unter sich begraben hat.<\/strong>&#8222;<strong><br>Erich K\u00e4stner<\/strong><br><br><strong><a href=\"https:\/\/www.overline-design.de\/poetry\/wp-admin\/post.php?post=8744&amp;action=edit\">Warum w\u00e4hlte Ostdeutschland so extrem?<\/a><\/strong><br><strong><a href=\"https:\/\/www.overline-design.de\/poetry\/wp-admin\/post.php?post=7578&amp;action=edit\">Zu viele \u201eOssis\u201c suchen F\u00fchrung (oder F\u00fchrer?)!<\/a><\/strong><br><strong><a href=\"https:\/\/www.overline-design.de\/poetry\/wp-admin\/post.php?post=9013&amp;action=edit\">Zu naive W\u00e4hler in Ostdeutschland werden unsere Demokratie zerst\u00f6ren!<\/a><\/strong><br><br><\/p>\n","protected":false},"excerpt":{"rendered":"<p>H\u00f6cke ist geplant aus dem Westen nach Ostdeutschland umgezogenund um an die Macht zu kommen, werden B\u00fcrger bewusst belogen.Er h\u00e4tte aktiv f\u00fcr den Mauerfall der ehemaligen DDR mit gek\u00e4mpft,aber da war er siebzehn und im Westen, so die Wahrheit ged\u00e4mpft. Es werden von der AFD im Osten bewusst gro\u00dfe \u00c4ngste gestreut,das man eine Nichtwahl der [&hellip;]<\/p>\n","protected":false},"author":3,"featured_media":0,"parent":0,"menu_order":0,"comment_status":"closed","ping_status":"closed","template":"","meta":{"footnotes":""},"class_list":["post-9033","page","type-page","status-publish","hentry"],"jetpack_sharing_enabled":true,"_links":{"self":[{"href":"https:\/\/www.overline-design.de\/poetry\/index.php?rest_route=\/wp\/v2\/pages\/9033","targetHints":{"allow":["GET"]}}],"collection":[{"href":"https:\/\/www.overline-design.de\/poetry\/index.php?rest_route=\/wp\/v2\/pages"}],"about":[{"href":"https:\/\/www.overline-design.de\/poetry\/index.php?rest_route=\/wp\/v2\/types\/page"}],"author":[{"embeddable":true,"href":"https:\/\/www.overline-design.de\/poetry\/index.php?rest_route=\/wp\/v2\/users\/3"}],"replies":[{"embeddable":true,"href":"https:\/\/www.overline-design.de\/poetry\/index.php?rest_route=%2Fwp%2Fv2%2Fcomments&post=9033"}],"version-history":[{"count":8,"href":"https:\/\/www.overline-design.de\/poetry\/index.php?rest_route=\/wp\/v2\/pages\/9033\/revisions"}],"predecessor-version":[{"id":9068,"href":"https:\/\/www.overline-design.de\/poetry\/index.php?rest_route=\/wp\/v2\/pages\/9033\/revisions\/9068"}],"wp:attachment":[{"href":"https:\/\/www.overline-design.de\/poetry\/index.php?rest_route=%2Fwp%2Fv2%2Fmedia&parent=9033"}],"curies":[{"name":"wp","href":"https:\/\/api.w.org\/{rel}","templated":true}]}}