
{"id":9069,"date":"2024-09-07T16:49:23","date_gmt":"2024-09-07T16:49:23","guid":{"rendered":"https:\/\/www.overline-design.de\/poetry\/?page_id=9069"},"modified":"2024-12-13T08:45:14","modified_gmt":"2024-12-13T08:45:14","slug":"hoecke-der-rattenfaenger-von-thueringen","status":"publish","type":"page","link":"https:\/\/www.overline-design.de\/poetry\/?page_id=9069","title":{"rendered":"H\u00f6cke, der &#8222;Rattenf\u00e4nger von Th\u00fcringen&#8220;"},"content":{"rendered":"\n<p>Die Regierenden haben ihre \u201eQuittung\u201c von den \u201eOssis\u201c bekommen,<br>denn im Osten haben die <strong>AFD<\/strong> und <strong>BSW<\/strong> viele W\u00e4hler \u00fcbernommen.<br>Denn der st\u00e4ndige Streit in der Koalition hat die W\u00e4hler verschreckt,<br>die Verursacher, haupts\u00e4chlich die <strong>FDP<\/strong>, dieses wohl nicht \u201egecheckt\u201c.<br><br>Das Sprichwort lautet \u201eWenn zwei sich streiten, freut sich der Dritte\u201c<br>Gefreut <strong>AFD<\/strong> und <strong>BSW<\/strong>, aber verloren die <strong>FDP<\/strong>, als &#8222;Partei der Mitte&#8220;.<br>Auch <strong>SPD<\/strong> und <strong>Gr\u00fcne<\/strong> mussten bei den Ost-Wahlen \u201eFedern lassen\u201c,<br>dass <strong>AFD<\/strong> den Streit f\u00fcr die Wahl genutzt hat, scheint zu verblassen.<br><br>Die zurzeit regierenden Parteien haben nicht alles falsch gemacht,<br>denn sie haben doch vieles organisatorisch auf den Weg gebracht.<br>Sie wurden nach der \u00dcbernahme mit vielen Problemen konfrontiert,<br>aber sie haben auf Energiekrise und russische Abh\u00e4ngigkeit pariert.<br><br>Man hat die \u201ebrennenden Probleme\u201c weit \u201eaus den Augen verloren\u201c<br>und Bj\u00f6rn H\u00f6cke hat diese als Wahlprogramm f\u00fcr sich auserkoren.<br>Die Ausl\u00e4nderfeindlichkeit wurde vor den \u201eWahlkarren\u201c gespannt<br>und als Hauptverantwortliches f\u00fcr die Probleme im Osten benannt.<br><br>Die Menschen im Osten h\u00e4tten Angst vor Ausl\u00e4ndern in ihrem Ort<br>darum w\u00fcnscht man sich, dass diese Ausl\u00e4nder schnell wieder fort.<br>Menschen sollten mehr Angst vor gewaltbereiter <strong>AFD<\/strong>-Gefolgschaft,<br>die mit Aufm\u00e4rschen nicht f\u00fcr friedliches Zusammenleben schafft.<br><br>Von der <strong>AFD<\/strong> werden alle Schutz suchenden Ausl\u00e4nder d\u00e4monisiert<br>und man fordert, dass sie von der Allgemeinheit werden separiert.<br>Die wahrscheinlich n\u00e4chste Forderung: \u201eDas sie auff\u00e4llig markiert\u201c,<br>dann hat man sofort die m\u00f6glichen Schuldigen, falls etwas passiert!<br><br>Anwerbung von ausl\u00e4ndischen Medizinern f\u00fcr den Osten ohne Sinn,<br>denn aus Angst vor den <strong>AFD<\/strong>-\u00dcbergriffen will dort keiner mehr hin,<br>Die ausl\u00e4ndische Mediziner werden in sozialen Medien angefeindet,<br>man droht ihnen und ihren Familien, das sie sollen \u201eausgemeindet\u201c.<br><br>Der hippokratische Eid sollte f\u00fcr die <strong>AFD<\/strong>-Gefolgschaft ausgesetzt<br>und in Notf\u00e4llen w\u00e4re f\u00fcr das <strong>AFD<\/strong>-Gefolge die Praxis nicht besetzt.<br>Auch in der Betreuung l\u00e4sst man den Personenkreis der AFD allein,<br>denn es sollen doch keine ausl\u00e4ndischen Pfleger als Betreuer sein.<br><br>Das die Produzierenden sind auf ausl\u00e4ndische Kr\u00e4fte angewiesen,<br>dazu von der <strong>AFD<\/strong> nur die Deutschen als Arbeitskr\u00e4fte angepriesen.<br>Man k\u00f6nne mit den ostdeutschen B\u00fcrgern doch nicht alles besetzen<br>und w\u00fcsste eine geordnete Zuwanderung dann wohl zu sch\u00e4tzen.<br><br>Jetzt werden von den demokratischen Parteien die Wunden geleckt,<br>als h\u00e4tte man die Regierungsvers\u00e4umnisse auch jetzt erst entdeckt.<br>Gerade die <strong>CDU\/CSU<\/strong> jetzt mit einer Regierungs\u00fcbernahme \u201et\u00f6nen\u201c,<br>Wollten sie die Vers\u00e4umnisse ihrer Regierungszeit damit \u201esch\u00f6nen\u201c?<br><br>Auch unter der <strong>CDU<\/strong>-Regierung hatte die <strong>AFD<\/strong> prozentual zugelegt,<br>denn auch in dieser Zeit wurden dringliche Probleme nicht bewegt.<br>Nach der Ern\u00fcchterung durch die Wahlen in Th\u00fcringer und Sachsen,<br>die Probleme einer parlamentarische Zusammenarbeit nur wachsen.<strong><br><\/strong><br>Ein Gesch\u00e4ftsmann aus dem Osten kann diese Wahl nicht verstehen,<br>denn die Probleme im Osten k\u00f6nnten so dramatisch nicht gesehen.<br>Viele Probleme werden von der <strong>AFD<\/strong> dramatischer doch aufgezeigt,<br>damit die Ost-W\u00e4hlerschaft ist ihnen wohlgesonnen und zugeneigt.<br><br><strong>\u00a9 Rainer Dambroth &#8211; 07.09.2024 &#8211; <a href=\"http:\/\/www.overline-poetry.de\/\">www.overline-poetry.de<\/a><br><br>Rattenf\u00e4nger = Person, die Menschen durch rhetorisches Geschick zu verlocken vermag.<br>Internet<br><\/strong><br><strong>Landtagswahl: Wir st\u00e4rken unser Profil der Mitte<\/strong><br><strong>FDP.de<\/strong><br><br><strong><a href=\"https:\/\/www.overline-design.de\/poetry\/wp-admin\/post.php?post=4522&amp;action=edit\">Die Orgel der alten Bundesregierung<\/a><\/strong><br><strong><a href=\"https:\/\/www.overline-design.de\/poetry\/wp-admin\/post.php?post=4522&amp;action=edit\">Die Orgel der alten Bundesregierung<\/a><\/strong><br><strong><a href=\"https:\/\/www.overline-design.de\/poetry\/wp-admin\/post.php?post=7266&amp;action=edit\">Das Regierungsschiff mit Ampelsteuerung<\/a><\/strong><br><strong><a href=\"https:\/\/www.overline-design.de\/poetry\/wp-admin\/post.php?post=9051&amp;action=edit\">Chemnitz, noch europ\u00e4ische Kulturhauptstadt?<\/a><\/strong><br><\/p>\n\n\n\n<p><br><br><\/p>\n","protected":false},"excerpt":{"rendered":"<p>Die Regierenden haben ihre \u201eQuittung\u201c von den \u201eOssis\u201c bekommen,denn im Osten haben die AFD und BSW viele W\u00e4hler \u00fcbernommen.Denn der st\u00e4ndige Streit in der Koalition hat die W\u00e4hler verschreckt,die Verursacher, haupts\u00e4chlich die FDP, dieses wohl nicht \u201egecheckt\u201c. Das Sprichwort lautet \u201eWenn zwei sich streiten, freut sich der Dritte\u201cGefreut AFD und BSW, aber verloren die FDP, [&hellip;]<\/p>\n","protected":false},"author":3,"featured_media":0,"parent":0,"menu_order":0,"comment_status":"closed","ping_status":"closed","template":"","meta":{"footnotes":""},"class_list":["post-9069","page","type-page","status-publish","hentry"],"jetpack_sharing_enabled":true,"_links":{"self":[{"href":"https:\/\/www.overline-design.de\/poetry\/index.php?rest_route=\/wp\/v2\/pages\/9069","targetHints":{"allow":["GET"]}}],"collection":[{"href":"https:\/\/www.overline-design.de\/poetry\/index.php?rest_route=\/wp\/v2\/pages"}],"about":[{"href":"https:\/\/www.overline-design.de\/poetry\/index.php?rest_route=\/wp\/v2\/types\/page"}],"author":[{"embeddable":true,"href":"https:\/\/www.overline-design.de\/poetry\/index.php?rest_route=\/wp\/v2\/users\/3"}],"replies":[{"embeddable":true,"href":"https:\/\/www.overline-design.de\/poetry\/index.php?rest_route=%2Fwp%2Fv2%2Fcomments&post=9069"}],"version-history":[{"count":8,"href":"https:\/\/www.overline-design.de\/poetry\/index.php?rest_route=\/wp\/v2\/pages\/9069\/revisions"}],"predecessor-version":[{"id":9595,"href":"https:\/\/www.overline-design.de\/poetry\/index.php?rest_route=\/wp\/v2\/pages\/9069\/revisions\/9595"}],"wp:attachment":[{"href":"https:\/\/www.overline-design.de\/poetry\/index.php?rest_route=%2Fwp%2Fv2%2Fmedia&parent=9069"}],"curies":[{"name":"wp","href":"https:\/\/api.w.org\/{rel}","templated":true}]}}