
{"id":9086,"date":"2024-09-09T07:33:08","date_gmt":"2024-09-09T07:33:08","guid":{"rendered":"https:\/\/www.overline-design.de\/poetry\/?page_id=9086"},"modified":"2024-10-29T17:47:14","modified_gmt":"2024-10-29T17:47:14","slug":"die-wahl-zwischen-cholera-und-pest-koalitionsverhandlungen-in-thueringen-und-sachsen","status":"publish","type":"page","link":"https:\/\/www.overline-design.de\/poetry\/?page_id=9086","title":{"rendered":"Die Wahl zwischen Cholera und Pest: Koalitionsverhandlungen in Th\u00fcringen,  Sachsen und Brandenburg"},"content":{"rendered":"\n<p>Alle Koalitionsverhandlungen in Th\u00fcringen und Sachsen stehen still,<br>wenn das B\u00fcndnis Sahra Wagenknecht nicht mehr verhandeln will.<br>Um die Koalition in Th\u00fcringen gegen AFD Prozente hinzubekommen,<br>m\u00fcssten von der CDU \u201eviele zu schluckende Kr\u00f6ten\u201c hingenommen.<br><br>Man w\u00e4hlte BSW, Sahra Wagenknecht, denn man wollte den Frieden,<br>aber die daran gekn\u00fcpften Bedingungen sind doch sehr verschieden.<br>Sahra Wagenknecht will nicht, das wir uns gegen Russland sch\u00fctzen <br>und keine Abwehr der Natopartner gegen russische Angriffe n\u00fctzen.<br><br>Wir w\u00fcrden nur aufr\u00fcsten, damit Russland zur Aufr\u00fcstung dr\u00e4ngen,<br>um so quer zu denken, muss man doch sehr an Russland h\u00e4ngen.<br>Weitere Waffenlieferung an die Ukraine sollten endlich eingestellt,<br>Ein Schelm, wer B\u00f6ses dabei denkt, aber dem Putin dieses gef\u00e4llt!<br><br>Diese Art der Verhandlung mehr in Richtung einer Erpressung geht.<br>Gro\u00dfe Frage, ob man damit die geplante Regierungszeit \u00fcbersteht?<br>Es soll hier doch \u201enur\u201c Politik f\u00fcr ein \u00f6stliches Bundesland gemacht,<br>nicht schon als einen Eingriff in die aktuelle Bundespolitik gedacht.<br><br>Die Frustrierten, die AFD w\u00e4hlten, gegen die Regierung aus Protest,<br>haben sich entschieden, ohne die Folgen zu erahnen, f\u00fcr die &#8222;Pest&#8220;.<br>Vor fast hundert Jahren, wurde in Th\u00fcringen dieser Albtraum wahr<br>und diese \u201eVogelschiss\u201c-Geschichte den Protestw\u00e4hlern nicht klar.<strong><br><br>\u00a9 Rainer Dambroth &#8211; 09.09.2024 &#8211; <a href=\"http:\/\/www.overline-poetry.de\/\"><strong>www.overline-poetry.de<\/strong><\/a><\/strong><br><br><em>In Th\u00fcringen sicherten sich die Nationalsozialisten nach der Landtagswahl 1929 zum ersten Mal in Deutschland Ministerposten \u2013 und unterwanderte mit einem Erm\u00e4chtigungsgesetz sogleich die Demokratie. Damit wurde Th\u00fcringen zum Probelauf, von dem die NSDAP 1933 nach Hitlers Ernennung zum Reichskanzler profitierte<br>Geo<br><\/em><br><em>Nationalsozialismus 1918 bis 1945<br>Als &#8222;Nationalsozialismus&#8220; bezeichnete sich eine politische Bewegung, die in Deutschland nach dem Ersten Weltkrieg, der 1918 zu Ende war, entstand. Die Nationalsozialisten machten sich die Not der Menschen zunutze und verfolgten ihre undemokratischen Ziele mit gro\u00dfem Fanatismus.<br>Internet<\/em><\/p>\n","protected":false},"excerpt":{"rendered":"<p>Alle Koalitionsverhandlungen in Th\u00fcringen und Sachsen stehen still,wenn das B\u00fcndnis Sahra Wagenknecht nicht mehr verhandeln will.Um die Koalition in Th\u00fcringen gegen AFD Prozente hinzubekommen,m\u00fcssten von der CDU \u201eviele zu schluckende Kr\u00f6ten\u201c hingenommen. Man w\u00e4hlte BSW, Sahra Wagenknecht, denn man wollte den Frieden,aber die daran gekn\u00fcpften Bedingungen sind doch sehr verschieden.Sahra Wagenknecht will nicht, das wir [&hellip;]<\/p>\n","protected":false},"author":3,"featured_media":0,"parent":0,"menu_order":0,"comment_status":"closed","ping_status":"closed","template":"","meta":{"footnotes":""},"class_list":["post-9086","page","type-page","status-publish","hentry"],"jetpack_sharing_enabled":true,"_links":{"self":[{"href":"https:\/\/www.overline-design.de\/poetry\/index.php?rest_route=\/wp\/v2\/pages\/9086","targetHints":{"allow":["GET"]}}],"collection":[{"href":"https:\/\/www.overline-design.de\/poetry\/index.php?rest_route=\/wp\/v2\/pages"}],"about":[{"href":"https:\/\/www.overline-design.de\/poetry\/index.php?rest_route=\/wp\/v2\/types\/page"}],"author":[{"embeddable":true,"href":"https:\/\/www.overline-design.de\/poetry\/index.php?rest_route=\/wp\/v2\/users\/3"}],"replies":[{"embeddable":true,"href":"https:\/\/www.overline-design.de\/poetry\/index.php?rest_route=%2Fwp%2Fv2%2Fcomments&post=9086"}],"version-history":[{"count":10,"href":"https:\/\/www.overline-design.de\/poetry\/index.php?rest_route=\/wp\/v2\/pages\/9086\/revisions"}],"predecessor-version":[{"id":9318,"href":"https:\/\/www.overline-design.de\/poetry\/index.php?rest_route=\/wp\/v2\/pages\/9086\/revisions\/9318"}],"wp:attachment":[{"href":"https:\/\/www.overline-design.de\/poetry\/index.php?rest_route=%2Fwp%2Fv2%2Fmedia&parent=9086"}],"curies":[{"name":"wp","href":"https:\/\/api.w.org\/{rel}","templated":true}]}}