
{"id":9184,"date":"2024-10-06T00:02:00","date_gmt":"2024-10-06T00:02:00","guid":{"rendered":"https:\/\/www.overline-design.de\/poetry\/?page_id=9184"},"modified":"2024-10-19T06:59:05","modified_gmt":"2024-10-19T06:59:05","slug":"sollte-man-die-afd-verbieten","status":"publish","type":"page","link":"https:\/\/www.overline-design.de\/poetry\/?page_id=9184","title":{"rendered":"Sollte die AFD verboten werden?"},"content":{"rendered":"\n<p>Vom Grundsatz schon, aber damit w\u00fcrde man ihre Position st\u00e4rken,<br>denn W\u00e4hler den \u201ekeimenden Nationalsozialismus\u201c nicht bemerken.<br>Ungewollt wird dadurch die <strong>AFD<\/strong> in eine Opferrolle hinein getrieben,<br>wo doch ein Drittel der Menschen in Ostdeutschland die <strong>AFD<\/strong> lieben.<br>Die W\u00e4hler der <strong>AFD<\/strong> werden auf die Stra\u00dfe gehen und protestieren,<br>denn sie wollen ihr abgegebenes W\u00e4hlervotum doch nicht verlieren.<br><br>Auch in den europ\u00e4ischen Nachbarl\u00e4ndern und vielfach auf der Welt<br>den Menschen diese Ausl\u00e4nderfeindlichkeit dieser Populisten gef\u00e4llt.<br>Die Menschheit wird dann wieder nach Rassen &#8222;v\u00f6lkisch&#8220; aussortiert<br>und an sich &#8222;vermischende Kulturen&#8220; ist man nicht mehr interessiert.<br>Franzosen und Niederl\u00e4ndern f\u00e4llt der Kolonialismus auf die \u201eF\u00fc\u00dfe\u201c,<br>weil er heute als \u201eausgegrenztes Problemfeld\u201c die Nation &#8222;begr\u00fc\u00dfe&#8220;.<br><br>Die deutsche <strong>Vogelschiss<\/strong>-Geschichte war an Schuldigen interessiert,<br>worauf sich der Hass der Nation konnte dann gezielt \u201ekonzentriert\u201c.<br>Auch sie brauchten f\u00fcr Regierungsfehler ein Opfer f\u00fcr Aggressoren,<br>sonst h\u00e4tten die Nationalisten ihre Regierungsgewalt bald verloren.<br>Jetzt konzentriert sich in Ostdeutschland auf Migranten gro\u00dfe Wut:<br>Man m\u00fcsse sehr leiden, aber ankommenden Asylanten geht es gut.<br><br>Donald Trump hat dieses Thema auf seine Wahlplakate geschrieben,<br>die W\u00e4hler dieses Wahlkampfthema an ihrem Altpr\u00e4sidenten lieben.<br>Ob in Ungarn, in Frankreich, in \u00d6sterreich oder in den Niederlanden,<br>die Rechtspopulisten mit dem Migrationsthema \u201eNahrung\u201c fanden.<br>Man sollte sachlich und europaweit sich mit diesem Thema befassen,<br>sonst haben die Nationalisten ihren Erfolg, die Migranten zu hassen.<br><br>Die reichen Industrienationen sollten helfen, den \u00e4rmeren L\u00e4ndern,<br>durch Aufbau von Industrie ihre Lebensbedingungen zu ver\u00e4ndern.<br>Dadurch k\u00f6nnten die Fl\u00fcchtlinge in ihren Heimatl\u00e4ndern verbleiben<br>und brauchen nicht mit Hoffnung \u00fcber die Weltmeere dann treiben.<br>Wir sollten aber f\u00fcr \u201eKriegsfl\u00fcchtlinge\u201c die T\u00fcren nicht verschlie\u00dfen,<br>denn wenn wir sie nicht sch\u00fctzen, <strong>dann wird man sie erschie\u00dfen!<\/strong><br><br><strong>\u00a9 Rainer Dambroth &#8211; 06.10.2024 &#8211; <a href=\"https:\/\/www.overline-poetry.de\/\">www.overline-poetry.de<\/a><\/strong><\/p>\n\n\n\n<p>&#8222;Den <strong>Vogelschiss<\/strong> in der deutschen Geschichte&#8220; ist eine Definition von Alexander Gauland, <strong>AFD<\/strong>, f\u00fcr die Zeit des Nationalismus.<br><br><em>Man darf nicht warten, bis aus dem Schneeball eine Lawine geworden ist. Man muss den rollenden Schneeball zertreten. Die Lawine h\u00e4lt keiner mehr auf.<br>Erich K\u00e4stner<\/em><\/p>\n","protected":false},"excerpt":{"rendered":"<p>Vom Grundsatz schon, aber damit w\u00fcrde man ihre Position st\u00e4rken,denn W\u00e4hler den \u201ekeimenden Nationalsozialismus\u201c nicht bemerken.Ungewollt wird dadurch die AFD in eine Opferrolle hinein getrieben,wo doch ein Drittel der Menschen in Ostdeutschland die AFD lieben.Die W\u00e4hler der AFD werden auf die Stra\u00dfe gehen und protestieren,denn sie wollen ihr abgegebenes W\u00e4hlervotum doch nicht verlieren. Auch in [&hellip;]<\/p>\n","protected":false},"author":3,"featured_media":0,"parent":0,"menu_order":0,"comment_status":"closed","ping_status":"closed","template":"","meta":{"footnotes":""},"class_list":["post-9184","page","type-page","status-publish","hentry"],"jetpack_sharing_enabled":true,"_links":{"self":[{"href":"https:\/\/www.overline-design.de\/poetry\/index.php?rest_route=\/wp\/v2\/pages\/9184","targetHints":{"allow":["GET"]}}],"collection":[{"href":"https:\/\/www.overline-design.de\/poetry\/index.php?rest_route=\/wp\/v2\/pages"}],"about":[{"href":"https:\/\/www.overline-design.de\/poetry\/index.php?rest_route=\/wp\/v2\/types\/page"}],"author":[{"embeddable":true,"href":"https:\/\/www.overline-design.de\/poetry\/index.php?rest_route=\/wp\/v2\/users\/3"}],"replies":[{"embeddable":true,"href":"https:\/\/www.overline-design.de\/poetry\/index.php?rest_route=%2Fwp%2Fv2%2Fcomments&post=9184"}],"version-history":[{"count":12,"href":"https:\/\/www.overline-design.de\/poetry\/index.php?rest_route=\/wp\/v2\/pages\/9184\/revisions"}],"predecessor-version":[{"id":10232,"href":"https:\/\/www.overline-design.de\/poetry\/index.php?rest_route=\/wp\/v2\/pages\/9184\/revisions\/10232"}],"wp:attachment":[{"href":"https:\/\/www.overline-design.de\/poetry\/index.php?rest_route=%2Fwp%2Fv2%2Fmedia&parent=9184"}],"curies":[{"name":"wp","href":"https:\/\/api.w.org\/{rel}","templated":true}]}}