
{"id":9201,"date":"2024-10-07T00:05:00","date_gmt":"2024-10-07T00:05:00","guid":{"rendered":"https:\/\/www.overline-design.de\/poetry\/?page_id=9201"},"modified":"2024-10-06T10:32:41","modified_gmt":"2024-10-06T10:32:41","slug":"die-fdp-verliert-bei-den-landtagswahlen","status":"publish","type":"page","link":"https:\/\/www.overline-design.de\/poetry\/?page_id=9201","title":{"rendered":"Die FDP verliert bei den Landtagswahlen"},"content":{"rendered":"\n<p>Die <strong>FDP<\/strong> verliert bei Landtagswahlen \u201eden Boden unter den F\u00fc\u00dfen\u201c,<br>bei ihrem \u201estrategischen Vorgehen\u201c, kann man dieses nur begr\u00fc\u00dfen.<br>Die W\u00e4hler bei Landtagswahlen den \u201eWankelmut\u201c der <strong>FDP<\/strong> erkennen,<br>um hier als Kritikpunkt die mangelnde Verl\u00e4sslichkeit zu benennen.<br><br>Wenn doch hinter verschlossenen T\u00fcren wurde eine Einigung erzielt,<br>\u00f6ffentlich \u00fcber Korrekturen spricht, also \u201emit falschen Karten spielt\u201c.<br>Ob die \u00f6ffentliche Kritik als Forderung von der <strong>FDP<\/strong>-Partei gedacht?<br>Aber dieses hat zu Frust gef\u00fchrt und um m\u00f6gliche W\u00e4hler gebracht.<br><br>Die <strong>FDP<\/strong> mit den Forderungen zur Migrationen sich der <strong>CDU<\/strong> anh\u00e4ngt,<br>mit Hinblick auf eine m\u00f6gliche Zusammenarbeit einen Flirt anf\u00e4ngt?<br>Vielleicht die <strong>FDP<\/strong> dieses als &#8222;Anbiederung&#8220; in Richtung <strong>CDU<\/strong> lenkt?<br>Man muss nicht dreimal raten: \u201eEin Schelm wer B\u00f6ses dabei denkt!\u201c<br><br>Sollte die<strong> FDP<\/strong> die Koalition verlassen, die neue Partnerschaft sehen,<br>w\u00e4re es m\u00f6glich, dass die <strong>SPD<\/strong> wird mit der <strong>CDU<\/strong> zusammen gehen.<br>Dann w\u00e4re auch die Option einer Mitregierung f\u00fcr die <strong>FDP<\/strong> verbaut,<br>sodass dann auch hier die <strong>FDP<\/strong> dann verloren \u201ein die R\u00f6hre schaut\u201c.<br><br>Christian Lindner von der <strong>FDP<\/strong>, k\u00e4mpft gegen \u201eden Rest der Welt\u201c<br>und er dreht an den Stellschrauben der Finanzen, wie es ihm gef\u00e4llt.<br>Wurde bei den Kabinettsitzungen eine Vorgehensweise festgesetzt,<br>dann man die \u201eWehrhaftigkeit\u201c von Lindner doch sehr untersch\u00e4tzt.<br><br>Ob das sein Protest oder er wurde von seiner Partei dazu getrieben?<br>In einer Koalition arbeitet man zusammen, sonst wird man zerrieben!<br>Mit \u201egeschwollenen Worten\u201c in Talkrunden er seine Position erkl\u00e4rt,<br>man \u00fcber den Protest der <strong>FDP<\/strong> und so Interna der Regierung erf\u00e4hrt.<br><br><strong>\u00a9 Rainer Dambroth &#8211; 07.10.2024 &#8211; <a href=\"https:\/\/www.overline-poetry.de\/\"><strong>www.overline-poetry.de<\/strong><\/a><\/strong><br><br><strong><a href=\"https:\/\/www.overline-design.de\/poetry\/wp-admin\/post.php?post=5640&amp;action=edit\">FDP \u2013 Partei der Mitte?<\/a><\/strong><br><strong><a href=\"https:\/\/www.overline-design.de\/poetry\/wp-admin\/post.php?post=7942&amp;action=edit\">Eine Minderheit darf nicht die Mehrheit blockieren<\/a><\/strong><br><strong><a href=\"https:\/\/www.overline-design.de\/poetry\/wp-admin\/post.php?post=7408&amp;action=edit\">FDP \u2013 Frei demontierende Partei mit \u201eR\u00fcckw\u00e4rtssalto\u201c<\/a><\/strong><br><\/p>\n","protected":false},"excerpt":{"rendered":"<p>Die FDP verliert bei Landtagswahlen \u201eden Boden unter den F\u00fc\u00dfen\u201c,bei ihrem \u201estrategischen Vorgehen\u201c, kann man dieses nur begr\u00fc\u00dfen.Die W\u00e4hler bei Landtagswahlen den \u201eWankelmut\u201c der FDP erkennen,um hier als Kritikpunkt die mangelnde Verl\u00e4sslichkeit zu benennen. Wenn doch hinter verschlossenen T\u00fcren wurde eine Einigung erzielt,\u00f6ffentlich \u00fcber Korrekturen spricht, also \u201emit falschen Karten spielt\u201c.Ob die \u00f6ffentliche Kritik als [&hellip;]<\/p>\n","protected":false},"author":3,"featured_media":0,"parent":0,"menu_order":0,"comment_status":"closed","ping_status":"closed","template":"","meta":{"footnotes":""},"class_list":["post-9201","page","type-page","status-publish","hentry"],"jetpack_sharing_enabled":true,"_links":{"self":[{"href":"https:\/\/www.overline-design.de\/poetry\/index.php?rest_route=\/wp\/v2\/pages\/9201","targetHints":{"allow":["GET"]}}],"collection":[{"href":"https:\/\/www.overline-design.de\/poetry\/index.php?rest_route=\/wp\/v2\/pages"}],"about":[{"href":"https:\/\/www.overline-design.de\/poetry\/index.php?rest_route=\/wp\/v2\/types\/page"}],"author":[{"embeddable":true,"href":"https:\/\/www.overline-design.de\/poetry\/index.php?rest_route=\/wp\/v2\/users\/3"}],"replies":[{"embeddable":true,"href":"https:\/\/www.overline-design.de\/poetry\/index.php?rest_route=%2Fwp%2Fv2%2Fcomments&post=9201"}],"version-history":[{"count":7,"href":"https:\/\/www.overline-design.de\/poetry\/index.php?rest_route=\/wp\/v2\/pages\/9201\/revisions"}],"predecessor-version":[{"id":9211,"href":"https:\/\/www.overline-design.de\/poetry\/index.php?rest_route=\/wp\/v2\/pages\/9201\/revisions\/9211"}],"wp:attachment":[{"href":"https:\/\/www.overline-design.de\/poetry\/index.php?rest_route=%2Fwp%2Fv2%2Fmedia&parent=9201"}],"curies":[{"name":"wp","href":"https:\/\/api.w.org\/{rel}","templated":true}]}}