
{"id":9228,"date":"2024-10-20T00:02:00","date_gmt":"2024-10-20T00:02:00","guid":{"rendered":"https:\/\/www.overline-design.de\/poetry\/?page_id=9228"},"modified":"2024-10-20T04:38:09","modified_gmt":"2024-10-20T04:38:09","slug":"donald-trump-eine-wuerdeloser-alt-praesident","status":"publish","type":"page","link":"https:\/\/www.overline-design.de\/poetry\/?page_id=9228","title":{"rendered":"Donald Trump \u2013 ein w\u00fcrdeloser Pr\u00e4sident"},"content":{"rendered":"\n<p><strong>Donald Trump<\/strong> wurde bereits \u201evon allen guten Geistern verlassen\u201c,<br>so dass eine gute Erinnerung an ihm wird sehr schnell verblassen.<br>Wenn <strong>Donald Trump<\/strong> von den W\u00e4hlern zum Pr\u00e4sidenten gemacht,<br>dieser Clown als amerikanischer Pr\u00e4sident? \u201eAmerika gute Nacht!\u201c<br><br>So wird den Demokraten die Hauptschuld am Hurrikan zugedacht,<br>wenn es dieses Ereignis nicht so traurig w\u00e4re, man dar\u00fcber gelacht.<br>Was treibt <strong>Donald Trump<\/strong> dazu an, m\u00f6gliche W\u00e4hler zu betr\u00fcgen,<br>mit Unwahrheiten und Halbwahrheiten sich an die Macht zu l\u00fcgen?<br><br><strong>Donald Trump<\/strong> kann es als pathologischer Narzisst nicht ertragen,<br>bei der Pr\u00e4sidentenwahl mit \u201enur einem zweiten Platz\u201c zu versagen.<br>An erster Stelle, bei der Wahl, stehen seine pers\u00f6nlichen Interessen.<br>Hauptsache seine Fangemeinde wird aus seiner Hand dann fressen.<br><br><strong>Donald Trump<\/strong> sieht sich siegessicher und hat seine Fans instruiert,<br>wenn er nicht zum Sieger gek\u00fcrt, dann wurde die Wahl manipuliert.<br>Die entt\u00e4uschten Fans werden mit Gewalt das verlorene Amt holen,<br>denn fehlende Stimmen wurden dann von Demokraten \u201egestohlen\u201c.<\/p>\n\n\n\n<p>Um bibeltreue W\u00e4hler zu animieren, <strong>Donald Trump<\/strong> eine Bibel hebt.<br>Er stellt sich als Gl\u00e4ubigen dar, der nach den Geboten der Bibel lebt.<br>Das er st\u00e4ndig in seinem Leben t\u00e4glich die Gebote der Bibel bricht,<br>das st\u00f6rt ihn als &#8222;der von Gott gesandte\u201c und als Polit-Clown nicht.<br><br><strong>\u00a9 Rainer Dambroth &#8211; 20.10.2024 &#8211; <a href=\"http:\/\/www.overline-poetry.de\/\"><strong>www.overline-poetry.de<\/strong><\/a><\/strong><br><br><strong><a href=\"https:\/\/www.overline-design.de\/poetry\/wp-admin\/post.php?post=8986&amp;action=edit\">Donald Trump \u2013 der von Gott gesandte<\/a><\/strong><br><strong><a href=\"https:\/\/www.overline-design.de\/poetry\/wp-admin\/post.php?post=8333&amp;action=edit\">Donald Trump als Pr\u00e4sident und die Folgen f\u00fcr Europa<\/a><\/strong><br><strong><a href=\"https:\/\/www.overline-design.de\/poetry\/wp-admin\/post.php?post=8620&amp;action=edit\">Wiederwahl Donald Trump als Pr\u00e4sident \u2013 ein Desaster f\u00fcr Amerika!<\/a><\/strong><br><br><em>Pathologischer Narzisst = &#8230;&#8230;. ein durchgehendes Bed\u00fcrfnis nach Bewunderung und ein Mangel an Einf\u00fchlungverm\u00f6gen in andere Personen &#8230;&#8230; Personen mit dieser St\u00f6rung legen ein \u00fcbertriebenes Selbstwertgef\u00fchl an den Tag &#8230;&#8230;. ein Bed\u00fcrfnis an Macht und Anerkennung &#8230;&#8230;.<br>Ausz\u00fcge aus dem Internet<\/em><br><br><em>Ein Clown [ oder, auch ] ist ein Artist, dessen prim\u00e4re Kunst es ist, Menschen zum Lachen zu bringen. Der Begriff \u201eClown\u201c kommt von einem englischen Begriff mit der Bedeutung \u201eBauernt\u00f6lpel\u201c, im Englischen seit etwa 1600 f\u00fcr \u201eNarr, Spa\u00dfmacher\u201c verwendet; deutsch seit dem 18. Jahrhundert.<br>Wikipedia<br><br>Das Publikum lacht. Und der Mann, der 2016 als Polit-Clown die US-Politik auf den Kopf stellte, findet das gar nicht lustig.<br>frankfurterrundschau<br><br>Ausz\u00fcge aus einem IPG Newsletter:<br><strong>&#8230;..<\/strong> Ein halbseiden-erfolgloser Unternehmer und Reality-TV-Star hat sich an die Spitze einer altehrw\u00fcrdigen politischen Partei gep\u00f6belt. <strong>&#8230;..<\/strong><br><strong>&#8230;..<\/strong> Getrieben von nichts als geiferndem Ressentiment, bornierter Dummheit, Frauenfeindlichkeit, Ausl\u00e4nderfeindlichkeit, Intellektuellenfeindlichkeit, ach was \u2013 getrieben von Feindschaft gegen alles, was nicht Trump ist. Sein R\u00fcstzeug: der Skandal. Frauen: menstruierende Schlampen, Mexikaner: brutale Vergewaltiger. Europ\u00e4er: jammernde Verlierer, Chinesen: b\u00f6sartige Betr\u00fcger, Journalisten: L\u00fcgner <strong>&#8230;..<\/strong><\/em><\/p>\n","protected":false},"excerpt":{"rendered":"<p>Donald Trump wurde bereits \u201evon allen guten Geistern verlassen\u201c,so dass eine gute Erinnerung an ihm wird sehr schnell verblassen.Wenn Donald Trump von den W\u00e4hlern zum Pr\u00e4sidenten gemacht,dieser Clown als amerikanischer Pr\u00e4sident? \u201eAmerika gute Nacht!\u201c So wird den Demokraten die Hauptschuld am Hurrikan zugedacht,wenn es dieses Ereignis nicht so traurig w\u00e4re, man dar\u00fcber gelacht.Was treibt Donald [&hellip;]<\/p>\n","protected":false},"author":3,"featured_media":0,"parent":0,"menu_order":0,"comment_status":"closed","ping_status":"closed","template":"","meta":{"footnotes":""},"class_list":["post-9228","page","type-page","status-publish","hentry"],"jetpack_sharing_enabled":true,"_links":{"self":[{"href":"https:\/\/www.overline-design.de\/poetry\/index.php?rest_route=\/wp\/v2\/pages\/9228","targetHints":{"allow":["GET"]}}],"collection":[{"href":"https:\/\/www.overline-design.de\/poetry\/index.php?rest_route=\/wp\/v2\/pages"}],"about":[{"href":"https:\/\/www.overline-design.de\/poetry\/index.php?rest_route=\/wp\/v2\/types\/page"}],"author":[{"embeddable":true,"href":"https:\/\/www.overline-design.de\/poetry\/index.php?rest_route=\/wp\/v2\/users\/3"}],"replies":[{"embeddable":true,"href":"https:\/\/www.overline-design.de\/poetry\/index.php?rest_route=%2Fwp%2Fv2%2Fcomments&post=9228"}],"version-history":[{"count":12,"href":"https:\/\/www.overline-design.de\/poetry\/index.php?rest_route=\/wp\/v2\/pages\/9228\/revisions"}],"predecessor-version":[{"id":9273,"href":"https:\/\/www.overline-design.de\/poetry\/index.php?rest_route=\/wp\/v2\/pages\/9228\/revisions\/9273"}],"wp:attachment":[{"href":"https:\/\/www.overline-design.de\/poetry\/index.php?rest_route=%2Fwp%2Fv2%2Fmedia&parent=9228"}],"curies":[{"name":"wp","href":"https:\/\/api.w.org\/{rel}","templated":true}]}}