
{"id":926,"date":"2020-11-10T18:23:53","date_gmt":"2020-11-10T18:23:53","guid":{"rendered":"https:\/\/overline-design.de\/poetry\/?page_id=926"},"modified":"2025-01-11T18:24:47","modified_gmt":"2025-01-11T18:24:47","slug":"unsere-broetje-heizung-in-memorium","status":"publish","type":"page","link":"https:\/\/www.overline-design.de\/poetry\/?page_id=926","title":{"rendered":"Unsere Br\u00f6tje-Heizung (+ in Memorium)"},"content":{"rendered":"\n<p>Unsere Br\u00f6tje ist eine Therme<br>sollte versorgen uns mit W\u00e4rme<br>Mein Tamagotchi wie ich sie nenne,<br>weil ich ihre kleinen Macken kenne.<\/p>\n\n\n\n<p>Bin ich au\u00dfer Haus, dass ihr es wisst,<br>werde ich ziemlich schnell vermisst.<br>Das Telefon klingelt, ich mu\u00df nach Haus,<br>denn die Heizung ist schon wieder aus.<\/p>\n\n\n\n<p>Und die Nacht ist auch schnell vorbei,<br>wenn sie leuchtet die &#8222;blinkende Zwei&#8220;.<br>Meist reicht ein Druck auf den Reset<br>und ich kann wieder zur\u00fcck ins Bett.<\/p>\n\n\n\n<p>Diesen Stress schon zwanzig Jahre,<br>da ergrauen einem fast die Haare.<br>Die Nerven liegen schon ganz blank,<br>denn die Heizung macht mich krank.<\/p>\n\n\n\n<p>Die erste Gedanke am fr\u00fchen Morgen,<br>l\u00e4uft sie noch, oder macht sie Sorgen.<br>Denn wenn es drau\u00dfen besonders kalt,<br>dann wird man im Bett nicht sehr alt.<\/p>\n\n\n\n<p>Nur im Sommer, da l\u00e4uft sie gut,<br>wenn von der Sonne die hei\u00dfe Glut,<br>die wohlige W\u00e4rme bringt ins Haus,<br>da geht die Heizung dann selten aus.<\/p>\n\n\n\n<p>Dem Installateur war wohl nicht klar,<br>was f\u00fcr ein Schrott das Ganze war.<br>Um mit der Heizung nicht zu stranden,<br>habe ich die Technik schnell verstanden.<\/p>\n\n\n\n<p>Damit f\u00fcr den Installateur es sich lohnt,<br>h\u00e4tte er gleich bei der Heizung gewohnt.<br>Er musste aber nicht mehr zu uns kommen,<br>denn die Wartung habe ich \u00fcbernommen.<\/p>\n\n\n\n<p>Wahrscheinlich mehr als einem lieb,<br>war die Heizung im Testbetrieb.<br>Da wurde gedreht und auch geregelt<br>und die Temperaturen &#8222;eingepegelt&#8220;.<\/p>\n\n\n\n<p>Die Fehlkaufeinsicht mit dem Ger\u00e4t,<br>die kam bei mit schon fast zu sp\u00e4t.<br>Denn nur von dem reinem Gucken,<br>h\u00e4tte die Heizung nicht diese Mucken.<\/p>\n\n\n\n<p>Zu Anfang war der Techniker oft im Haus,<br>nur heute kenne ich mich bestens aus.<br>Ich wei\u00df dann wo es der Heizung plagt,<br>wenn sie wieder den Dienst versagt.<\/p>\n\n\n\n<p>So habe ich selbst gefegt und gereinigt,<br>j\u00e4hrlich vom Schornsteinfeger gepeinigt.<br>Und der stellte beim Wertemessen klar,<br>dass die Heizung im besten Zustand war.<\/p>\n\n\n\n<p>Nach \u00fcber zwanzig Jahren so ist es halt,<br>da wird die Heizung nun auch noch alt.<br>Jetzt wird sie inkontinent, das ist Frust<br>und nun hat zum Heizen oft keine Lust.<\/p>\n\n\n\n<p>Nun hat sie den Geist ganz aufgegeben<br>und hat keine Lust am Heizerleben.<br>Erkenntnis: Heiztechnik aus zweiter Hand<br>kommt mir nicht mehr an die Wand.<\/p>\n\n\n\n<p>Jetzt ist an der Wand eine neue Therme,<br>die uns verl\u00e4sslich versorgt mit W\u00e4rme.<br>Auch Warmwasser f\u00fcr Dusche und Bad<br>stellt st\u00e4ndig sie bereit und das separat.<\/p>\n\n\n\n<p>\u00a9 Rainer Dambroth &#8211; 04.01.2015\/10.05.2015 &#8211; <strong><a href=\"https:\/\/www.overline-poetry.de\">www.overline-poetry.de<\/a><\/strong><br><\/p>\n","protected":false},"excerpt":{"rendered":"<p>Unsere Br\u00f6tje ist eine Thermesollte versorgen uns mit W\u00e4rmeMein Tamagotchi wie ich sie nenne,weil ich ihre kleinen Macken kenne. Bin ich au\u00dfer Haus, dass ihr es wisst,werde ich ziemlich schnell vermisst.Das Telefon klingelt, ich mu\u00df nach Haus,denn die Heizung ist schon wieder aus. Und die Nacht ist auch schnell vorbei,wenn sie leuchtet die &#8222;blinkende Zwei&#8220;.Meist [&hellip;]<\/p>\n","protected":false},"author":3,"featured_media":0,"parent":0,"menu_order":0,"comment_status":"closed","ping_status":"closed","template":"","meta":{"footnotes":""},"class_list":["post-926","page","type-page","status-publish","hentry"],"jetpack_sharing_enabled":true,"_links":{"self":[{"href":"https:\/\/www.overline-design.de\/poetry\/index.php?rest_route=\/wp\/v2\/pages\/926","targetHints":{"allow":["GET"]}}],"collection":[{"href":"https:\/\/www.overline-design.de\/poetry\/index.php?rest_route=\/wp\/v2\/pages"}],"about":[{"href":"https:\/\/www.overline-design.de\/poetry\/index.php?rest_route=\/wp\/v2\/types\/page"}],"author":[{"embeddable":true,"href":"https:\/\/www.overline-design.de\/poetry\/index.php?rest_route=\/wp\/v2\/users\/3"}],"replies":[{"embeddable":true,"href":"https:\/\/www.overline-design.de\/poetry\/index.php?rest_route=%2Fwp%2Fv2%2Fcomments&post=926"}],"version-history":[{"count":9,"href":"https:\/\/www.overline-design.de\/poetry\/index.php?rest_route=\/wp\/v2\/pages\/926\/revisions"}],"predecessor-version":[{"id":9806,"href":"https:\/\/www.overline-design.de\/poetry\/index.php?rest_route=\/wp\/v2\/pages\/926\/revisions\/9806"}],"wp:attachment":[{"href":"https:\/\/www.overline-design.de\/poetry\/index.php?rest_route=%2Fwp%2Fv2%2Fmedia&parent=926"}],"curies":[{"name":"wp","href":"https:\/\/api.w.org\/{rel}","templated":true}]}}