
{"id":9274,"date":"2024-10-27T00:02:00","date_gmt":"2024-10-27T00:02:00","guid":{"rendered":"https:\/\/www.overline-design.de\/poetry\/?page_id=9274"},"modified":"2024-10-24T16:21:37","modified_gmt":"2024-10-24T16:21:37","slug":"preiserhoehung-ueber-gewichtsreduktion","status":"publish","type":"page","link":"https:\/\/www.overline-design.de\/poetry\/?page_id=9274","title":{"rendered":"Preiserh\u00f6hung \u00fcber Gewichtsreduktion"},"content":{"rendered":"\n<p>Lebensmittel verteuern sich zur Zeit \u00fcber Reduktion vom Gewicht<br>und weil es nur ganz marginal ist, bemerkt es der Verbraucher nicht.<br>Die Einwaage in der Verpackung wird man nur ein wenig reduzieren,<br>so dass Verbraucher beim Produktvergleich den \u00dcberblick verlieren.<br>Die Verpackungen werden schmaler, flacher oder nicht voll gepackt<br>und so wird ein zus\u00e4tzlicher Gewinn f\u00fcr die Hersteller \u201eeingesackt\u201c.<br><br>Bei <strong>Pringles<\/strong> waren bis zur Bewerbung <strong>200g<\/strong> in der Verpackung drin<br>und f\u00fcr kurze Zeit wurden <strong>35g<\/strong> als \u201eZugabe\u201c beworben, so der Sinn.<br>Mit Abverkauf der Aktionsware auf die gew\u00fcnschten <strong>165 g<\/strong> reduziert.<br>So man mit weniger Materialeinsatz einen satten Gewinn produziert.<br>Der Verbraucher wird an die reduzierten Inhaltseinwaagen gew\u00f6hnt<br>und ein Preisvergleich wird durch diesen Trick geschickt \u201egesch\u00f6nt\u201c.<br><br>Hat man zu bestimmten Produktmarken einen \u201eGewohnheitsbezug\u201c<br>so nenne ich dieses Vorgehen der Produzenten: <strong>Verbraucherbetrug<\/strong>.<br>Hier werden in kleinen Schritten die Produktinhalte minimal &#8222;geleert&#8220;,<br>man will nicht, der Verbraucher dieses bemerkt und sich beschwert.<br>Denn der Kilopreis f\u00fcr die Ware bleibt somit unver\u00e4ndert bestehen,<br>nur wird der Verbraucher weniger Inhalt in der Verpackung sehen.<br><br>Weil angeblich der Rohstoff Vollmilch f\u00fcr die Herstellung Butter fehlt,<br>wird den Verbrauchern von \u201enotwendigen Preiserh\u00f6hungen\u201c erz\u00e4hlt.<br>Der Produktkilopreis auf dem Preisschild wird sehr klein dargestellt.<br>Die Absicht ist, das beim Vergleich dieses nicht sofort ins Auge f\u00e4llt.<br>Die Mischfett-Butter im Becher, statt mit <strong>250g<\/strong> nur mit <strong>200g<\/strong> bef\u00fcllt.<br>So bleibt der Kilopreis erhalten und eine Preissteigerung so verh\u00fcllt!<br><br><strong>\u00a9 Rainer Dambroth &#8211; 27.10.2024 &#8211; <a href=\"http:\/\/www.overline-poetry.de\/\">www.overline-poetry.de<\/a><br><\/strong><br><strong><a href=\"https:\/\/www.overline-design.de\/poetry\/wp-admin\/post.php?post=2320&amp;action=edit\">Mogelpackung \u2013 die indirekte Preiserh\u00f6hung<\/a><\/strong><br><strong><a href=\"https:\/\/www.overline-design.de\/poetry\/wp-admin\/post.php?post=6919&amp;action=edit\">Die Hersteller \u201eklauen\u201c ihre Produkte aus den Verpackungen!<\/a><\/strong><br><\/p>\n\n\n\n<p><br><br><br><\/p>\n","protected":false},"excerpt":{"rendered":"<p>Lebensmittel verteuern sich zur Zeit \u00fcber Reduktion vom Gewichtund weil es nur ganz marginal ist, bemerkt es der Verbraucher nicht.Die Einwaage in der Verpackung wird man nur ein wenig reduzieren,so dass Verbraucher beim Produktvergleich den \u00dcberblick verlieren.Die Verpackungen werden schmaler, flacher oder nicht voll gepacktund so wird ein zus\u00e4tzlicher Gewinn f\u00fcr die Hersteller \u201eeingesackt\u201c. Bei [&hellip;]<\/p>\n","protected":false},"author":3,"featured_media":0,"parent":0,"menu_order":0,"comment_status":"closed","ping_status":"closed","template":"","meta":{"footnotes":""},"class_list":["post-9274","page","type-page","status-publish","hentry"],"jetpack_sharing_enabled":true,"_links":{"self":[{"href":"https:\/\/www.overline-design.de\/poetry\/index.php?rest_route=\/wp\/v2\/pages\/9274","targetHints":{"allow":["GET"]}}],"collection":[{"href":"https:\/\/www.overline-design.de\/poetry\/index.php?rest_route=\/wp\/v2\/pages"}],"about":[{"href":"https:\/\/www.overline-design.de\/poetry\/index.php?rest_route=\/wp\/v2\/types\/page"}],"author":[{"embeddable":true,"href":"https:\/\/www.overline-design.de\/poetry\/index.php?rest_route=\/wp\/v2\/users\/3"}],"replies":[{"embeddable":true,"href":"https:\/\/www.overline-design.de\/poetry\/index.php?rest_route=%2Fwp%2Fv2%2Fcomments&post=9274"}],"version-history":[{"count":10,"href":"https:\/\/www.overline-design.de\/poetry\/index.php?rest_route=\/wp\/v2\/pages\/9274\/revisions"}],"predecessor-version":[{"id":9294,"href":"https:\/\/www.overline-design.de\/poetry\/index.php?rest_route=\/wp\/v2\/pages\/9274\/revisions\/9294"}],"wp:attachment":[{"href":"https:\/\/www.overline-design.de\/poetry\/index.php?rest_route=%2Fwp%2Fv2%2Fmedia&parent=9274"}],"curies":[{"name":"wp","href":"https:\/\/api.w.org\/{rel}","templated":true}]}}