
{"id":9295,"date":"2024-11-03T00:02:00","date_gmt":"2024-11-03T00:02:00","guid":{"rendered":"https:\/\/www.overline-design.de\/poetry\/?page_id=9295"},"modified":"2024-12-20T07:16:19","modified_gmt":"2024-12-20T07:16:19","slug":"markus-soeder-das-bayrische-kasperle","status":"publish","type":"page","link":"https:\/\/www.overline-design.de\/poetry\/?page_id=9295","title":{"rendered":"Markus S\u00f6der, das bayrische Kasperle"},"content":{"rendered":"\n<p><strong>Markus S\u00f6der<\/strong> ist der regierende \u201eK\u00f6nig\u201c aus dem bayrischen Reich,<br>beschimpft die <strong>Gr\u00fcnen<\/strong>, weil sie Forderungen nicht erf\u00fcllen so gleich.<br>So drischt der <strong>S\u00f6der<\/strong>, wie das Kasperle, auf das \u201e<strong>gr\u00fcne<\/strong>\u201c Krokodil ein<br>und seine Forderung an die <strong>Gr\u00fcnen<\/strong> \u201eLasst endlich das Regieren sein&#8220;<br><strong>Markus S\u00f6der<\/strong> sich mit seiner <strong>CSU<\/strong> in die Bundespolitik hinein dr\u00e4ngt<br>und f\u00fcr sein &#8222;K\u00f6nigreich Bayern&#8220;, sich &#8222;weit aus dem Fenster h\u00e4ngt&#8220;.<br><br>\u201eHochmut kommt vor dem Fall\u201c, dieses an <strong>Markus S\u00f6der<\/strong> gerichtet,<br>in der Vergangenheit konnte von der <strong>CSU<\/strong> nichts Positives berichtet.<br>Nicht vieles von den <strong>Gr\u00fcnen<\/strong> wurde richtungsweisend falsch gelenkt,<br><strong>Markus S\u00f6der<\/strong> will an die Macht, &#8222;ein Schelm wer B\u00f6ses dabei denkt&#8220;.<br>Er w\u00fcrde gerne als Kanzler mit der <strong>CDU<\/strong> die Regierung \u00fcbernehmen<br>und aus dem &#8222;K\u00f6nigreich Bayern&#8220; dann nach Berlin &#8222;hin bequemen&#8220;.<br><br><strong>S\u00f6der<\/strong> treibt mit der Regierungskritik W\u00e4hler zur <strong>AFD<\/strong> und <strong>BSW<\/strong> hin,<br>denn bayrisch wie er denkt, ergeben seine Hasstiraden keinen Sinn.<br>Was st\u00f6rt ihm sein Geschw\u00e4tz von gestern, seine Regierungskritik,<br>denn mit der \u201eallm\u00e4chtigen <strong>CSU<\/strong>\u201c machte er auch keine gute Politik.<br>\u201eSelbstgef\u00e4llig\u201c in der Darstellung, wird seine Person ausgerichtet,<br>mit einer v\u00f6llig \u00fcbertriebenen \u00d6ffentlichkeitsarbeit, man berichtet.<br><br>Eines sollte von dem bayrischen <strong>CSU<\/strong> W\u00e4hler doch schon beachtet,<br>die alleinige Regierung unter <strong>Markus S\u00f6der<\/strong> schon \u201eteilentmachtet\u201c.<br>Eine alleinig herrschende Regierung wurde ihm nicht mehr gegeben<br>und so die Zwangskoalition mit <strong>Freien W\u00e4hlern<\/strong> konnte man erleben.<br>Der Hubert Aiwanger das Ministerium der Wirtschaft in Bayern f\u00fchrt<br>und der will nicht, dass <strong>Markus S\u00f6der<\/strong> in seinen T\u00f6pfen herum r\u00fchrt.<br><br>Wenn <strong>S\u00f6der<\/strong> ist \u00fcberzeugt, vom Erfolg von seinem Flugtaxi-Projekt,<br>dann sollte sich doch Bayern verb\u00fcrgen, bei Erfolg geb\u00fchrt Respekt.<br>Warum sollte die Bundesregierung sich f\u00fcr dieses Projekt verb\u00fcrgen<br>und wenn es erfolglos, war das Projekt \u201ezum H\u00e4ngen und W\u00fcrgen\u201c.<br>Wieder h\u00e4tten die <strong>Gr\u00fcnen<\/strong> bei einer Bundesb\u00fcrgschaft \u201eMist gebaut\u201c,<br>weil sie nicht zuvor nicht dem <strong>S\u00f6der<\/strong> genau auf die Finger &#8222;g&#8217;schaut&#8220;.<br><br>Flugtaxis sind als Prestigeprojekt f\u00fcr die Superreichen nur zu sehen,<br>das gemeine Volk wird einen Nutzen von Flugtaxis nicht verstehen.<br>Wenn das Projekt \u201egestrandet\u201c und die B\u00fcrgschaft musste &#8222;greifen&#8220;,<br>waren es bestimmt die <strong>Gr\u00fcnen<\/strong>, die dieses Projekt lie\u00dfen \u201eschleifen\u201c.<br><strong>Markus S\u00f6der<\/strong> sollte in Bayern doch eher die <strong>AFD<\/strong> im Fokus behalten,<br>weil die <strong>AFD<\/strong> auch hier, &#8222;heimlich, still und leise&#8220;, Prozente entfalten. <br><br><strong>\u00a9 Rainer Dambroth &#8211; 03.11.2024 &#8211; <\/strong><a href=\"http:\/\/www.overline-poetry.de\">www.overline-poetry.de<\/a><br><br><strong>Kasper ist der komische Held des Kaspertheaters<\/strong>, eines meist mit Handpuppen gespielten Puppentheaters. Es wird angenommen, dass die Rolle des Kaspers unter anderem auf den Hanswurst des Wiener Volkstheaters zur\u00fcckgeht. Die Puppenfigur Kasper ist im deutschen Sprachraum seit Ende des 18. Jahrhunderts bekannt. <br><em>Wikipedia<\/em><\/p>\n\n\n\n<p><\/p>\n","protected":false},"excerpt":{"rendered":"<p>Markus S\u00f6der ist der regierende \u201eK\u00f6nig\u201c aus dem bayrischen Reich,beschimpft die Gr\u00fcnen, weil sie Forderungen nicht erf\u00fcllen so gleich.So drischt der S\u00f6der, wie das Kasperle, auf das \u201egr\u00fcne\u201c Krokodil einund seine Forderung an die Gr\u00fcnen \u201eLasst endlich das Regieren sein&#8220;Markus S\u00f6der sich mit seiner CSU in die Bundespolitik hinein dr\u00e4ngtund f\u00fcr sein &#8222;K\u00f6nigreich Bayern&#8220;, sich [&hellip;]<\/p>\n","protected":false},"author":3,"featured_media":0,"parent":0,"menu_order":0,"comment_status":"closed","ping_status":"closed","template":"","meta":{"footnotes":""},"class_list":["post-9295","page","type-page","status-publish","hentry"],"jetpack_sharing_enabled":true,"_links":{"self":[{"href":"https:\/\/www.overline-design.de\/poetry\/index.php?rest_route=\/wp\/v2\/pages\/9295","targetHints":{"allow":["GET"]}}],"collection":[{"href":"https:\/\/www.overline-design.de\/poetry\/index.php?rest_route=\/wp\/v2\/pages"}],"about":[{"href":"https:\/\/www.overline-design.de\/poetry\/index.php?rest_route=\/wp\/v2\/types\/page"}],"author":[{"embeddable":true,"href":"https:\/\/www.overline-design.de\/poetry\/index.php?rest_route=\/wp\/v2\/users\/3"}],"replies":[{"embeddable":true,"href":"https:\/\/www.overline-design.de\/poetry\/index.php?rest_route=%2Fwp%2Fv2%2Fcomments&post=9295"}],"version-history":[{"count":6,"href":"https:\/\/www.overline-design.de\/poetry\/index.php?rest_route=\/wp\/v2\/pages\/9295\/revisions"}],"predecessor-version":[{"id":9634,"href":"https:\/\/www.overline-design.de\/poetry\/index.php?rest_route=\/wp\/v2\/pages\/9295\/revisions\/9634"}],"wp:attachment":[{"href":"https:\/\/www.overline-design.de\/poetry\/index.php?rest_route=%2Fwp%2Fv2%2Fmedia&parent=9295"}],"curies":[{"name":"wp","href":"https:\/\/api.w.org\/{rel}","templated":true}]}}