
{"id":9332,"date":"2024-11-10T00:02:00","date_gmt":"2024-11-10T00:02:00","guid":{"rendered":"https:\/\/www.overline-design.de\/poetry\/?page_id=9332"},"modified":"2024-11-08T09:29:26","modified_gmt":"2024-11-08T09:29:26","slug":"der-alte-donald-trump-wird-der-neue-praesident","status":"publish","type":"page","link":"https:\/\/www.overline-design.de\/poetry\/?page_id=9332","title":{"rendered":"Der alte Donald Trump wird der neue Pr\u00e4sident"},"content":{"rendered":"\n<p>Amerika hat den alten <strong>Donald Trump<\/strong> zu ihren Pr\u00e4sidenten gew\u00e4hlt,<br>denn in Amerika wurden f\u00fcr seinen Wahlsieg die Stimmen gez\u00e4hlt.<br>Kamala Harris sich f\u00fcr den Fortbestand der Demokratie eingesetzt,<br>aber den Kampfgeist \u201eAmerica first\u201c von <strong>Donald Trump<\/strong> untersch\u00e4tzt<br><br>Der Politclown <strong>Donald Trump<\/strong> tritt wieder in die Zirkusmanege ein<br>und die erste Amtshandlung wird Begnadigung f\u00fcr seine Taten sein.<br>Als Pr\u00e4sident ist er immun, kann nicht in Verantwortung genommen,<br>sobald er in der Zirkusmanege, dem \u201eWei\u00dfen Haus\u201c, angekommen.<br><br><strong>Donald Trump<\/strong> hat sich f\u00fcr seine Regierungszeit viel vorgenommen,<br>dabei wird auch die Allianz mit der Nato \u201eunter die R\u00e4der kommen\u201c.<br>Europa wird den starken Partner Amerika an seiner Seite verlieren,<br>denn <strong>Donald Trump<\/strong> wird f\u00fcr den Frieden in Europa nichts riskieren.<br><br>Die Amerikaner der Ukraine weitere Waffenlieferungen verwehren<br>und damit die Chance, gegen <strong>Despot Putins<\/strong> Krieg aufzubegehren.<br>F\u00fcr die Ukraine wird damit die Hoffnung auf Demokratie begraben<br>denn <strong>Despot Putin<\/strong> kann die Ukraine, weil unbewaffnet, jetzt haben.<br><br>Der <strong>Despot Putin<\/strong> im deutschen Bundestag eine Friedensrede h\u00e4lt,<br>aber im Stillen schon plant, wie man \u201eabtr\u00fcnnige Staaten\u201c \u00fcberf\u00e4llt.<br>Wie der Wolf, der sich Schafen als harmloser Vegetarier pr\u00e4sentiert,<br>aber in Planung mit seinem Rudel \u00dcberf\u00e4lle auf Schafherden riskiert.<br><br>Ben\u00f6tigte Rohstoffe wurden durch <strong>Despot Putin<\/strong> billig bereitgestellt,<br>dieses der produzierenden Industrie und auch Verbrauchern gef\u00e4llt.<br>Aber wenn Augen bei einen Angriffskrieg m\u00fcssen daf\u00fcr geschlossen,<br>dann sind die Rohstoffe \u201eblutig\u201c, weil Menschen werden erschossen.<br><br>Europa hat in den letzten Jahren von friedlichen Nachbarn getr\u00e4umt<br>und wurde wach, nachdem <strong>Despot Putin<\/strong> in der Ukraine abger\u00e4umt.<br>Europa ist in &#8222;Schockstarre&#8220; verfallen und musste sich erst sortieren,<br>hat ohne Protest toleriert, als die Ukraine Gebiete &#8222;musste verlieren&#8220;.<br><br><strong>Sahra Wagenknecht<\/strong> f\u00fcr den <strong>Despot Putin<\/strong> ihr \u201eFriedensziel\u201c erreicht,<br>der kann jetzt ohne Verhandlungen die Ukraine annektieren so leicht.<br>Ohne Amerika kann Europa nicht den Frieden f\u00fcr die Ukraine bringen<br>und <strong>Despot Putin<\/strong> wird die &#8222;wehrlose&#8220; Ukraine zur Aufgabe zwingen.<br><br><strong>\u00a9 Rainer Dambroth &#8211; 06.11.2024 &#8211; <a href=\"http:\/\/www.overline-poetry.de\/\">www.overline-poetry.de<\/a><\/strong><br><br><\/p>\n","protected":false},"excerpt":{"rendered":"<p>Amerika hat den alten Donald Trump zu ihren Pr\u00e4sidenten gew\u00e4hlt,denn in Amerika wurden f\u00fcr seinen Wahlsieg die Stimmen gez\u00e4hlt.Kamala Harris sich f\u00fcr den Fortbestand der Demokratie eingesetzt,aber den Kampfgeist \u201eAmerica first\u201c von Donald Trump untersch\u00e4tzt Der Politclown Donald Trump tritt wieder in die Zirkusmanege einund die erste Amtshandlung wird Begnadigung f\u00fcr seine Taten sein.Als Pr\u00e4sident [&hellip;]<\/p>\n","protected":false},"author":3,"featured_media":0,"parent":0,"menu_order":0,"comment_status":"closed","ping_status":"closed","template":"","meta":{"footnotes":""},"class_list":["post-9332","page","type-page","status-publish","hentry"],"jetpack_sharing_enabled":true,"_links":{"self":[{"href":"https:\/\/www.overline-design.de\/poetry\/index.php?rest_route=\/wp\/v2\/pages\/9332","targetHints":{"allow":["GET"]}}],"collection":[{"href":"https:\/\/www.overline-design.de\/poetry\/index.php?rest_route=\/wp\/v2\/pages"}],"about":[{"href":"https:\/\/www.overline-design.de\/poetry\/index.php?rest_route=\/wp\/v2\/types\/page"}],"author":[{"embeddable":true,"href":"https:\/\/www.overline-design.de\/poetry\/index.php?rest_route=\/wp\/v2\/users\/3"}],"replies":[{"embeddable":true,"href":"https:\/\/www.overline-design.de\/poetry\/index.php?rest_route=%2Fwp%2Fv2%2Fcomments&post=9332"}],"version-history":[{"count":8,"href":"https:\/\/www.overline-design.de\/poetry\/index.php?rest_route=\/wp\/v2\/pages\/9332\/revisions"}],"predecessor-version":[{"id":9356,"href":"https:\/\/www.overline-design.de\/poetry\/index.php?rest_route=\/wp\/v2\/pages\/9332\/revisions\/9356"}],"wp:attachment":[{"href":"https:\/\/www.overline-design.de\/poetry\/index.php?rest_route=%2Fwp%2Fv2%2Fmedia&parent=9332"}],"curies":[{"name":"wp","href":"https:\/\/api.w.org\/{rel}","templated":true}]}}