
{"id":9364,"date":"2024-11-17T00:02:00","date_gmt":"2024-11-17T00:02:00","guid":{"rendered":"https:\/\/www.overline-design.de\/poetry\/?page_id=9364"},"modified":"2024-11-24T08:44:40","modified_gmt":"2024-11-24T08:44:40","slug":"fdp-freie-demontierende-partei-die-scheidung-vom-bundeskassenwart","status":"publish","type":"page","link":"https:\/\/www.overline-design.de\/poetry\/?page_id=9364","title":{"rendered":"FDP? Frei Demontierende Partei &#8211; Die Scheidung vom Bundeskassenwart"},"content":{"rendered":"\n<p>Die Demontage der Ampel-Regierung durch die <strong>FDP<\/strong> ist vollbracht,<br>durch Klientel-Politik der <strong>FDP<\/strong> der Ampelkoalition ein Ende gemacht.<br><strong>Lindner<\/strong> h\u00e4tte gerne seinen \u201eAbgang\u201c als Triumph f\u00fcr sich genossen.<br><strong>Scholz<\/strong> kam <strong>Lindner<\/strong> zuvor, so <strong>Lindner<\/strong> seinen Triumph &#8222;verschossen&#8220;.<br><br><strong>Lindner<\/strong> dem Kanzler &#8222;Nicht verhandelbare Forderungen&#8220; pr\u00e4sentiert,<br>weil mit der Koalition unvereinbar, diese Forderungsliste &#8222;abserviert&#8220;.<br>Es ist Erpressung, wenn &#8222;Nicht-Verhandelbares&#8220; soll so durchgesetzt,<br>aber er hat, vom sonst ruhigen Kanzler, dessen Reaktion untersch\u00e4tzt.<br><br>Als Konsequenz wurde Christian<strong> Lindner<\/strong> vom Kanzler dann entlassen,<br>weil von <strong>Scholz<\/strong> war diese Entweder-Oder-Erpressung nicht zu fassen.<br>So kam Kanzler <strong>Olaf Scholz<\/strong> dem Kassenwart <strong>Christian Lindner<\/strong> zuvor,<br>denn der wollte die Regierung verlassen, so wurde es sein \u201eEigentor\u201c.<br><br>Der Vorschlag von <strong>Christian Lindner<\/strong>, Politikprofi(?), naiv vorgebracht,<br>bei Ver\u00e4nderungen der Grundlagen er an Nachverhandlung gedacht.<br>Bei einer begonnenen Koalition, wie soll das denn nur funktionieren?<br>Nach jeder Ver\u00e4nderung sich die Kolationspartner &#8222;neu orientieren&#8220;?<br><br>Eine Koalition ist wie eine Ehe und das gilt f\u00fcr die ganze &#8222;Lebenszeit&#8220;,<br>in der man auch bei Ver\u00e4nderungen f\u00fcr eine Zusammenarbeit bereit.<br>Eine Partnerschaft, die st\u00e4ndig mit Vertrags\u00e4nderungen neu justiert,<br>bei der man schon bald die Lust an der Zwangspartnerschaft verliert.<br><br>M\u00f6gen die Argumente von <strong>Lindner<\/strong> auch der Wahrheit entsprechen,<br>aber so geht man nicht miteinander um, sonst wird es sich r\u00e4chen.<br>Den Eid, zu handeln zum Wohle des Landes, er st\u00e4ndig gebrochen,<br>so wurden interne Informationen an die Medien \u201edurchgestochen\u201c.<br><br><strong>Christian Lindner<\/strong> ist der frisch geschiedene Kassenwart der Nation.<br>Ich urteile nicht \u00fcber seine f\u00fcr diesen Job erforderliche Qualifikation,<br>aber ich verurteile hier sein st\u00e4ndiges \u201eVerpetzen\u201c, die Indiskretion,<br>oder handelte er schon im Auftrag der <strong>CDU<\/strong>-Opposition, als Spion?<br><br>Er bietet sich der m\u00f6glichen <strong>CDU<\/strong>-Regierung als Finanzminister an,<br>als wenn die Opposition darauf wartet, weil sie es nicht leisten kann.<br>Das w\u00e4re ein Armutszeugnis f\u00fcr die zu w\u00e4hlende Regierungspolitik,<br>jetzt mit <strong>FDP<\/strong> zu koalieren, beweist mangelndes taktisches Geschick.<br><br><strong>\u00a9 Rainer Dambroth &#8211; 06.11.2024 &#8211; <a href=\"http:\/\/www.overline-poetry.de\/\"><strong>www.overline-poetry.de<\/strong><\/a><\/strong><\/p>\n","protected":false},"excerpt":{"rendered":"<p>Die Demontage der Ampel-Regierung durch die FDP ist vollbracht,durch Klientel-Politik der FDP der Ampelkoalition ein Ende gemacht.Lindner h\u00e4tte gerne seinen \u201eAbgang\u201c als Triumph f\u00fcr sich genossen.Scholz kam Lindner zuvor, so Lindner seinen Triumph &#8222;verschossen&#8220;. Lindner dem Kanzler &#8222;Nicht verhandelbare Forderungen&#8220; pr\u00e4sentiert,weil mit der Koalition unvereinbar, diese Forderungsliste &#8222;abserviert&#8220;.Es ist Erpressung, wenn &#8222;Nicht-Verhandelbares&#8220; soll so durchgesetzt,aber [&hellip;]<\/p>\n","protected":false},"author":3,"featured_media":0,"parent":0,"menu_order":0,"comment_status":"closed","ping_status":"closed","template":"","meta":{"footnotes":""},"class_list":["post-9364","page","type-page","status-publish","hentry"],"jetpack_sharing_enabled":true,"_links":{"self":[{"href":"https:\/\/www.overline-design.de\/poetry\/index.php?rest_route=\/wp\/v2\/pages\/9364","targetHints":{"allow":["GET"]}}],"collection":[{"href":"https:\/\/www.overline-design.de\/poetry\/index.php?rest_route=\/wp\/v2\/pages"}],"about":[{"href":"https:\/\/www.overline-design.de\/poetry\/index.php?rest_route=\/wp\/v2\/types\/page"}],"author":[{"embeddable":true,"href":"https:\/\/www.overline-design.de\/poetry\/index.php?rest_route=\/wp\/v2\/users\/3"}],"replies":[{"embeddable":true,"href":"https:\/\/www.overline-design.de\/poetry\/index.php?rest_route=%2Fwp%2Fv2%2Fcomments&post=9364"}],"version-history":[{"count":16,"href":"https:\/\/www.overline-design.de\/poetry\/index.php?rest_route=\/wp\/v2\/pages\/9364\/revisions"}],"predecessor-version":[{"id":9405,"href":"https:\/\/www.overline-design.de\/poetry\/index.php?rest_route=\/wp\/v2\/pages\/9364\/revisions\/9405"}],"wp:attachment":[{"href":"https:\/\/www.overline-design.de\/poetry\/index.php?rest_route=%2Fwp%2Fv2%2Fmedia&parent=9364"}],"curies":[{"name":"wp","href":"https:\/\/api.w.org\/{rel}","templated":true}]}}