
{"id":9430,"date":"2024-11-19T23:00:00","date_gmt":"2024-11-19T23:00:00","guid":{"rendered":"https:\/\/www.overline-design.de\/poetry\/?page_id=9430"},"modified":"2024-11-21T08:33:15","modified_gmt":"2024-11-21T08:33:15","slug":"1000-tage-putins-krieg-gegen-die-ukraine","status":"publish","type":"page","link":"https:\/\/www.overline-design.de\/poetry\/?page_id=9430","title":{"rendered":"1000 Tage &#8211; Putins Krieg gegen die Ukraine"},"content":{"rendered":"\n<p>Alle wollen Frieden in der Ukraine und auf der ganzen Welt erleben,<br>Putin will Geschichte schreiben und sich als russischer Zar erheben.<br>Ich habe in Europa, auch gegen\u00fcber Russland, an Frieden geglaubt<br>und wurde entt\u00e4uscht, was sich der Despot Putin jetzt so &#8222;erlaubt&#8220;.<br><br>Durch die Wahl in Amerika der Ukraine &#8222;ein starker Partner&#8220; entf\u00e4llt,<br>sodass nicht auf die gro\u00dfe Unterst\u00fctzung von Amerika kann gez\u00e4hlt.<br>Die Wahl von Donald Trump spielt dem Despoten Putin in die Karten,<br>nun kann er die Ukraine annektieren und braucht nicht mehr warten.<br><br>Sahra Wagenknecht ihren W\u00e4hlern ihre \u201eFriedensabsichten\u201c erkl\u00e4rt,<br>aber wie den Frieden erreichen, das der BSW-W\u00e4hler nicht erf\u00e4hrt.<br>Sahra Wagenknecht, BSW, l\u00e4\u00dft ihre \u201eGebetsm\u00fchlen\u201c wieder kreisen.<br>Es sollte doch endlich verhandelt, aber wie, kann sie nicht beweisen.<br><br>Sahra Wagenknecht will bei den Koalitionsverhandlungen erreichen,<br>man eine Stationierung zur Abwehr gegen Russland wird streichen.<br>Wir sollten uns nur schutzlos gegen einen russischen Angriff zeigen:<br>&#8222;Despot Putin ist friedlich und wird sich nie zu einem Angriff neigen&#8220;<br><br>Ist Sahra Wagenknecht doch mit dem Despoten Putin so verbandelt<br>so dass sie nach Putins Willen und im Sinne von Russland handelt:<br>\u201eJeden Tag w\u00fcrden Menschen in der Ukraine doch ihr Leben lassen\u201c,<br>aber wer der \u201eKriegsverbrecher\u201c ist, scheint bei ihr zu verblassen.<br><br>Auf Angaben \u00fcber die gefallenen russischen Soldaten sie verzichtet,<br>aber \u00fcber das \u201eKriegselend in der Ukraine\u201c sie ausgiebig berichtet.<br>Ist Sahra Wagenknecht berechnend oder verdr\u00e4ngt sie die Realit\u00e4t,<br>indem sie so an Russland klebt, aber zur Einsicht ist es nie zu sp\u00e4t!<br><br><strong>\u00a9 Rainer Dambroth &#8211; 19.11.2024 &#8211; <a href=\"http:\/\/www.overline-poetry.de\/\">www.overline-poetry.de<\/a><br><br>Talkrunde bei Sandra Maischberger mit: Sahra Wagenknecht (BSW), Katrin G\u00f6hring-Eckardt (B\u00fcndnis 90\/Die Gr\u00fcnen), Martin Schulz (Ex-SPD-Parteivorsitzender und Ex-Kanzlerkandidat). Kommentatoren: Hanna Bethke, B\u00e4rbel Sch\u00e4fer, Julie Kurz.<\/strong><\/p>\n","protected":false},"excerpt":{"rendered":"<p>Alle wollen Frieden in der Ukraine und auf der ganzen Welt erleben,Putin will Geschichte schreiben und sich als russischer Zar erheben.Ich habe in Europa, auch gegen\u00fcber Russland, an Frieden geglaubtund wurde entt\u00e4uscht, was sich der Despot Putin jetzt so &#8222;erlaubt&#8220;. Durch die Wahl in Amerika der Ukraine &#8222;ein starker Partner&#8220; entf\u00e4llt,sodass nicht auf die gro\u00dfe [&hellip;]<\/p>\n","protected":false},"author":3,"featured_media":0,"parent":0,"menu_order":0,"comment_status":"closed","ping_status":"closed","template":"","meta":{"footnotes":""},"class_list":["post-9430","page","type-page","status-publish","hentry"],"jetpack_sharing_enabled":true,"_links":{"self":[{"href":"https:\/\/www.overline-design.de\/poetry\/index.php?rest_route=\/wp\/v2\/pages\/9430","targetHints":{"allow":["GET"]}}],"collection":[{"href":"https:\/\/www.overline-design.de\/poetry\/index.php?rest_route=\/wp\/v2\/pages"}],"about":[{"href":"https:\/\/www.overline-design.de\/poetry\/index.php?rest_route=\/wp\/v2\/types\/page"}],"author":[{"embeddable":true,"href":"https:\/\/www.overline-design.de\/poetry\/index.php?rest_route=\/wp\/v2\/users\/3"}],"replies":[{"embeddable":true,"href":"https:\/\/www.overline-design.de\/poetry\/index.php?rest_route=%2Fwp%2Fv2%2Fcomments&post=9430"}],"version-history":[{"count":4,"href":"https:\/\/www.overline-design.de\/poetry\/index.php?rest_route=\/wp\/v2\/pages\/9430\/revisions"}],"predecessor-version":[{"id":9437,"href":"https:\/\/www.overline-design.de\/poetry\/index.php?rest_route=\/wp\/v2\/pages\/9430\/revisions\/9437"}],"wp:attachment":[{"href":"https:\/\/www.overline-design.de\/poetry\/index.php?rest_route=%2Fwp%2Fv2%2Fmedia&parent=9430"}],"curies":[{"name":"wp","href":"https:\/\/api.w.org\/{rel}","templated":true}]}}