
{"id":9451,"date":"2024-12-01T00:02:00","date_gmt":"2024-12-01T00:02:00","guid":{"rendered":"https:\/\/www.overline-design.de\/poetry\/?page_id=9451"},"modified":"2024-12-01T05:39:14","modified_gmt":"2024-12-01T05:39:14","slug":"sind-die-auslaenderbehoerden-falsch-besetzt","status":"publish","type":"page","link":"https:\/\/www.overline-design.de\/poetry\/?page_id=9451","title":{"rendered":"Sind die Ausl\u00e4nderbeh\u00f6rden falsch besetzt?"},"content":{"rendered":"\n<p>H\u00f6rt man aktuell die Nachrichten, dann ist man doch ganz entsetzt,<br>denn unsere Ausl\u00e4nderbeh\u00f6rden scheinen falsch oder unterbesetzt.<br>Haben junge <strong>\u201eEinwanderer\u201c<\/strong> ihre Lehre begonnen und sich bew\u00e4hrt<br>wird ihnen, seitens der Beh\u00f6rde, ein weiterer &#8222;Aufenthalt&#8220; verwehrt.<br>Man kann nur mit Unverst\u00e4ndnis auf die Beh\u00f6rdenabl\u00e4ufe reagieren,<br>denn sie scheinen doch \u00fcberfordert oder den \u00dcberblick zu verlieren.<br><br>Wir suchen in vielen Bereichen doch \u201eh\u00e4nderingend\u201c Fachpersonal,<br>durch den tr\u00e4gen Beh\u00f6rdenapparat werden viele Abl\u00e4ufe zur Qual.<br>Interessierte <strong>\u201eEinwanderer\u201c<\/strong> werden von ihren Berufen ferngehalten,<br>weil Beh\u00f6rden nur mit Paragraphen die <strong>\u201eEinwanderer\u201c<\/strong> verwalten.<br>Viele der <strong>\u201eEinwanderer\u201c<\/strong> sind in den unterbesetzten Berufen williger<br>und noch nicht durch Work-Life-Balance verdorben, somit \u201ebilliger\u201c.<br><br>Hier aufgezeigt, was in Deutschland bei Beh\u00f6rden wird bem\u00e4ngelt,<br>durch \u00dcberregulierung der Beh\u00f6rden werden B\u00fcrger nur geg\u00e4ngelt.<br>Es werden sich st\u00e4ndig neue Regeln und Anordnungen ausgedacht,<br>wie man den Umgang mit <strong>\u201eEinwanderer\u201c<\/strong> noch mal schwerer macht.<br>Kommen <strong>\u201eEinwanderer\u201c<\/strong> in Deutschland mit dem Gesetz in Konflikt,<br>sollten sie ohne \u201eWenn und aber\u201c wieder in ihre Heimat geschickt.<br><br>Wir sollten <strong>\u201eEinwanderer\u201c<\/strong> bei der Arbeit in ihrer Sprache begleiten<br>und nach Feierabend zum Lernen der deutschen Sprache anleiten.<br>So dann die <strong>\u201eEinwanderer\u201c<\/strong> schneller in unserem System integriert,<br>durch \u201ebremsende \u00fcberbordende B\u00fcrokratie\u201c man nur Zeit verliert.<br>Wir haben personellen Notstand in der Kranken- und Altenpflege,<br>da stehen B\u00fcrokratie und Verwaltung <strong>\u201eEingewanderten\u201c<\/strong> im Wege.<br><br><strong>\u00a9 Rainer Dambroth &#8211; 01.12.2024 &#8211; <a href=\"http:\/\/www.overline-poetry.de\/\">www.overline-poetry.de<\/a><\/strong><br><br><strong><a href=\"https:\/\/www.overline-design.de\/poetry\/wp-admin\/post.php?post=5011&amp;action=edit\">Amtsschimmelreiter<\/a><\/strong><br><strong><a href=\"https:\/\/www.overline-design.de\/poetry\/wp-admin\/post.php?post=5366&amp;action=edit\">Die beh\u00f6rdliche \u201eWillkommenskultur\u201c<\/a><\/strong><br><strong><a href=\"https:\/\/www.overline-design.de\/poetry\/wp-admin\/post.php?post=8327&amp;action=edit\">Die \u00fcberregulierende Verwaltung abschaffen<\/a><\/strong><br><strong><a href=\"https:\/\/www.overline-design.de\/poetry\/wp-admin\/post.php?post=1429&amp;action=edit\">Wem Gott gibt ein Amt, dem gibt er auch Verstand<\/a><\/strong><br><br><\/p>\n","protected":false},"excerpt":{"rendered":"<p>H\u00f6rt man aktuell die Nachrichten, dann ist man doch ganz entsetzt,denn unsere Ausl\u00e4nderbeh\u00f6rden scheinen falsch oder unterbesetzt.Haben junge \u201eEinwanderer\u201c ihre Lehre begonnen und sich bew\u00e4hrtwird ihnen, seitens der Beh\u00f6rde, ein weiterer &#8222;Aufenthalt&#8220; verwehrt.Man kann nur mit Unverst\u00e4ndnis auf die Beh\u00f6rdenabl\u00e4ufe reagieren,denn sie scheinen doch \u00fcberfordert oder den \u00dcberblick zu verlieren. Wir suchen in vielen Bereichen [&hellip;]<\/p>\n","protected":false},"author":3,"featured_media":0,"parent":0,"menu_order":0,"comment_status":"closed","ping_status":"closed","template":"","meta":{"footnotes":""},"class_list":["post-9451","page","type-page","status-publish","hentry"],"jetpack_sharing_enabled":true,"_links":{"self":[{"href":"https:\/\/www.overline-design.de\/poetry\/index.php?rest_route=\/wp\/v2\/pages\/9451","targetHints":{"allow":["GET"]}}],"collection":[{"href":"https:\/\/www.overline-design.de\/poetry\/index.php?rest_route=\/wp\/v2\/pages"}],"about":[{"href":"https:\/\/www.overline-design.de\/poetry\/index.php?rest_route=\/wp\/v2\/types\/page"}],"author":[{"embeddable":true,"href":"https:\/\/www.overline-design.de\/poetry\/index.php?rest_route=\/wp\/v2\/users\/3"}],"replies":[{"embeddable":true,"href":"https:\/\/www.overline-design.de\/poetry\/index.php?rest_route=%2Fwp%2Fv2%2Fcomments&post=9451"}],"version-history":[{"count":8,"href":"https:\/\/www.overline-design.de\/poetry\/index.php?rest_route=\/wp\/v2\/pages\/9451\/revisions"}],"predecessor-version":[{"id":9463,"href":"https:\/\/www.overline-design.de\/poetry\/index.php?rest_route=\/wp\/v2\/pages\/9451\/revisions\/9463"}],"wp:attachment":[{"href":"https:\/\/www.overline-design.de\/poetry\/index.php?rest_route=%2Fwp%2Fv2%2Fmedia&parent=9451"}],"curies":[{"name":"wp","href":"https:\/\/api.w.org\/{rel}","templated":true}]}}