
{"id":9496,"date":"2024-12-08T00:02:00","date_gmt":"2024-12-08T00:02:00","guid":{"rendered":"https:\/\/www.overline-design.de\/poetry\/?page_id=9496"},"modified":"2024-12-05T17:47:52","modified_gmt":"2024-12-05T17:47:52","slug":"regierungswechsel-mit-macht-vorwaerts-in-die-vergangenheit","status":"publish","type":"page","link":"https:\/\/www.overline-design.de\/poetry\/?page_id=9496","title":{"rendered":"Regierungswechsel \u2013 Mit Macht vorw\u00e4rts in die Vergangenheit!"},"content":{"rendered":"\n<p>Die <strong>Ampelregierung<\/strong> ist Geschichte, denn 2025 wird wieder gew\u00e4hlt<br>und jede Partei lebt mit Hoffnung, dass f\u00fcr sie die Stimmen gez\u00e4hlt.<br>Die Minister\u00e4mter sollten nur an daf\u00fcr bef\u00e4higte Personen vergeben,<br>sonst wir, wegen \u201e\u00dcberforderung\u201c, wieder eine Katastrophe erleben.<br>Es graut einem davor, dass wieder Posten mit Parteigranden besetzt,<br>die von der Materie wenig Ahnung und bei deren Tun man entsetzt.<br><br>Der <strong>CDU\/CSU<\/strong> geht es nicht ums \u201eMachen\u201c, sondern nur um \u201eMacht\u201c<br>Dinge wieder zu vers\u00e4umen, wo die Regierenden mit Kritik bedacht.<br>Zuerst werden wieder alle Regierungsbeschl\u00fcsse zur\u00fcckgenommen,<br>so wir beim Stand 2021 vor der Regierungs\u00fcbergabe angekommen.<br>\u201eCannabis Freigabe\u201c und das B\u00fcrgergeld werden wieder abgeschafft,<br>denn die B\u00fcrger sollen nicht \u201echillen\u201c und arbeiten mit eigener Kraft.<br><br>Die lauteste Stimme von \u201ePrinz Eitel\u201c aus Bayern, <strong>Markus S\u00f6der<\/strong>, t\u00f6nt.<br>Seine einzige Tat und als die T\u00e4ter, werden nur <strong>Die Gr\u00fcnen<\/strong> verh\u00f6hnt.<br><strong>Markus S\u00f6der<\/strong> jeden Tag vorm Zauberspiegel steht und diesen fragt:<br>\u201eWer hat mit der Energie, dem Verkehr und Digitalisierung versagt?\u201c<br>Der Zauberspiegel antwortet \u201e<strong>Markus S\u00f6der<\/strong> und die bayrische <strong>CSU<\/strong>,<br>lass deine Eitelkeit vorm Spiegel und mich mit der Fragerei in Ruh!\u201c<br><br><strong>Markus S\u00f6der<\/strong> sieht sich als der K\u00f6nig f\u00fcr \u201eDeutschland und Bayern\u201c<br>will in dem Schloss Bellevue seine Thronbesteigung als K\u00f6nig feiern.<br><strong>Markus S\u00f6der<\/strong> schon vom Amt als \u201eneuer\u201c Bundespr\u00e4sident tr\u00e4umt<br>und erwartet, dass <strong>Frank-Walter Steinmeier<\/strong> den Platz f\u00fcr ihn r\u00e4umt.<br>Doch bis zu der Wahl des Bundespr\u00e4sidenten, dauert es seine Zeit,<br>aber der bayrischer Bierzeltpr\u00e4sident macht sich schon mal bereit.<br><br>Der <strong>SPD<\/strong> haftet die mangelnde F\u00fchrungsqualit\u00e4t als gro\u00dfer Makel an,<br>dadurch mangelndes Vertrauen, w\u00e4re sie wieder als Regierung dran.<br><strong>Olaf Scholz<\/strong> sich als der gro\u00dfe Gewinner der Bundeswahl schon sieht,<br>bekommt er eigentlich noch mit, was hier in Deutschland geschieht?<br><strong>Olaf Scholz<\/strong> von sich \u00fcberzeugt, er h\u00e4tte doch alles richtig gemacht,<br>aber hat er vernommen, wie in der \u201erealen Welt\u201c \u00fcber ihn gedacht?<br><br><strong>Die<\/strong> <strong>Gr\u00fcnen<\/strong> sehr gut auf die Energiekrise durch Putins Krieg pariert<br>und so gew\u00e4hrleistet, dass in der Vergangenheit kein B\u00fcrger erfriert.<br>Aber unsere Wirtschaft den \u201eStillstand\u201c erreicht, hier fehlt Zuversicht,<br>denn die Wirtschaft braucht Perspektiven, sonst investiert sie nicht.<br>Politik in Regierungsverantwortung ist nicht als Lehre zu verstehen,<br>wo man durch Anforderungen lernt und dieses offen so zu gestehen.<br><br>Wenn Wirtschaftsminister <strong>Habeck<\/strong> eine Regierungsstrategie erkl\u00e4rt,<br>h\u00f6rt es sich doch immer an, als w\u00e4re irgend etwas daran verkehrt.<br>Er sich mit Hilfe von wirren Metaphern sich an Problemen \u201eprobiert\u201c,<br>so der Interessierte dieses nicht versteht oder die Geduld verliert.<br><strong>Die Gr\u00fcnen<\/strong> wollen bei der n\u00e4chsten Bundeswahl den Kanzler stellen,<br>aber sie sollten die Tage einer Regierungsbeteiligung besser z\u00e4hlen.<br><br>F\u00fcr die<strong> FDP<\/strong> fehlt Grundvertrauen, w\u00e4ren sie als Mitregierung dran,<br>denn sie hat bereits gezeigt, dass sie auch \u201eschlecht regieren\u201c kann.<br>Die <strong>FDP<\/strong> macht stets \u201enur die b\u00f6se Miene\u201c zu jedem Regierungsziel<br>und so sprengt so Koalitionsketten, weil sie \u201eschlecht regieren\u201c will.<br>Wegen dem &#8222;Eigentor&#8220; sollten ihre W\u00e4hler die \u201erote Karte\u201c riskieren<br>und ihr die Zeit geben, die sie braucht, um sich zu \u201eregenerieren\u201c.<br><br>Die <strong>AFD<\/strong> schon konspirativ die Diktatur in Deutschland vorausplant<br>und der \u201eRechtsdrall\u201c geht dann schneller, als der B\u00fcrger es geahnt.<br>Rechtsverkehr auf unseren Stra\u00dfen ist den B\u00fcrgern schon bekannt,<br>\u201eVerkehr der Rechten\u201c f\u00fcr den Volkszuwachs als notwendig benannt.<br>Die Remigration wird als einziges Parteiprogramm voran geschoben,<br>B\u00fcrger mit ausl\u00e4ndischen Wurzeln sind nicht mehr gut aufgehoben.<br><br>Bei <strong>Sahra Wagenknecht<\/strong> sich alles auf nur ihre Person konzentriert,<br>als \u201eOne (Wo)man Band\u201c, sie sich allein auf \u201eKonzerten\u201c pr\u00e4sentiert.<br><strong>B\u00fcndnis Sahra Wagenknecht<\/strong> nur mit ihrem Namen als Marke wirbt?<br>Sie bef\u00fcrchtet wohl, das mit \u201evielen K\u00f6chen dann der Brei verdirbt\u201c.<br>Ich hoffe, das ihre Klientel wird diesen \u201einhaltslosen Spuk\u201c beenden<br>und man sich wieder demokratischer Ordnung wird dann zuwenden.<br><br><strong>Die Linke<\/strong> zu Russland als den \u201egro\u00dfen Friedenspartner\u201c hingeneigt,<br>wobei \u201eRussland und Frieden\u201c, sich doch als ein gro\u00dfer Irrtum zeigt.<br><strong>Die Linke<\/strong> aus den DDR-Zeiten mit Russland verbunden noch zu fest,<br>so dass man ein Feindbild Russland und Kritik an Putin nicht zul\u00e4sst.<br>Die Nato als Kriegstreiber gegen \u201erussische Interessen\u201c dargestellt,<br>und sie fordern nur Diplomatie, aber dieses dem Putin nicht gef\u00e4llt.<br><br><strong>\u00a9 Rainer Dambroth &#8211; 01.12.2024 &#8211; <a href=\"http:\/\/www.overline-poetry.de\/\"><strong>www.overline-poetry.de<\/strong><\/a><\/strong><br><br><\/p>\n\n\n\n<p><br><\/p>\n","protected":false},"excerpt":{"rendered":"<p>Die Ampelregierung ist Geschichte, denn 2025 wird wieder gew\u00e4hltund jede Partei lebt mit Hoffnung, dass f\u00fcr sie die Stimmen gez\u00e4hlt.Die Minister\u00e4mter sollten nur an daf\u00fcr bef\u00e4higte Personen vergeben,sonst wir, wegen \u201e\u00dcberforderung\u201c, wieder eine Katastrophe erleben.Es graut einem davor, dass wieder Posten mit Parteigranden besetzt,die von der Materie wenig Ahnung und bei deren Tun man entsetzt. [&hellip;]<\/p>\n","protected":false},"author":3,"featured_media":0,"parent":0,"menu_order":0,"comment_status":"closed","ping_status":"closed","template":"","meta":{"footnotes":""},"class_list":["post-9496","page","type-page","status-publish","hentry"],"jetpack_sharing_enabled":true,"_links":{"self":[{"href":"https:\/\/www.overline-design.de\/poetry\/index.php?rest_route=\/wp\/v2\/pages\/9496","targetHints":{"allow":["GET"]}}],"collection":[{"href":"https:\/\/www.overline-design.de\/poetry\/index.php?rest_route=\/wp\/v2\/pages"}],"about":[{"href":"https:\/\/www.overline-design.de\/poetry\/index.php?rest_route=\/wp\/v2\/types\/page"}],"author":[{"embeddable":true,"href":"https:\/\/www.overline-design.de\/poetry\/index.php?rest_route=\/wp\/v2\/users\/3"}],"replies":[{"embeddable":true,"href":"https:\/\/www.overline-design.de\/poetry\/index.php?rest_route=%2Fwp%2Fv2%2Fcomments&post=9496"}],"version-history":[{"count":11,"href":"https:\/\/www.overline-design.de\/poetry\/index.php?rest_route=\/wp\/v2\/pages\/9496\/revisions"}],"predecessor-version":[{"id":9559,"href":"https:\/\/www.overline-design.de\/poetry\/index.php?rest_route=\/wp\/v2\/pages\/9496\/revisions\/9559"}],"wp:attachment":[{"href":"https:\/\/www.overline-design.de\/poetry\/index.php?rest_route=%2Fwp%2Fv2%2Fmedia&parent=9496"}],"curies":[{"name":"wp","href":"https:\/\/api.w.org\/{rel}","templated":true}]}}