
{"id":9518,"date":"2024-11-28T23:51:00","date_gmt":"2024-11-28T23:51:00","guid":{"rendered":"https:\/\/www.overline-design.de\/poetry\/?page_id=9518"},"modified":"2024-12-02T17:35:25","modified_gmt":"2024-12-02T17:35:25","slug":"ein-200-jahre-altes-koehlerhaus-im-sauerland-droht-der-abriss","status":"publish","type":"page","link":"https:\/\/www.overline-design.de\/poetry\/?page_id=9518","title":{"rendered":"Ein 200 Jahre altes K\u00f6hlerhaus im Sauerland droht der Abriss"},"content":{"rendered":"\n<p>Ein 200 Jahre altes und unter Denkmalschutz stehendes K\u00f6hlerhaus,<br>droht wegen der \u201efehlender Baugenehmigung\u201c der Abriss, das \u201eAus\u201c.<br>In einem Landkreis im Sauerland wurden Bauakten \u201edurchgeschaut&#8220;<br>und festgestellt, das dieses Geb\u00e4ude ohne Baugenehmigung gebaut.<br><br>Als dieses Geb\u00e4udeensemble im Jahre 1835 gebaut, dann bewohnt,<br>gab es keine Baugenehmigung, wo es sich jetzt das &#8222;Streiten&#8220; lohnt.<br>Nun werden beim zust\u00e4ndigen Landkreis die Amtsschimmel geritten<br>und vor Gericht mit der Denkmalbeh\u00f6rde um den Abriss gestritten.<br><br>Hier wird den B\u00fcrgern unsere \u00fcberbordende Verwaltung aufgezeigt,<br>wohin wir mit unserer Amtsschimmelreiterei sind schon hingeneigt.<br>Haben die Amtsschimmel in dem Paragraphenreitstall nichts zu tun?<br>Sie sollten Sinnvolles leisten und sinnlose Streitereien lassen \u201eruhn\u201c.<br><br>Nur weil einer in einer Beh\u00f6rde ein Amt inne hat, will er es beleben,<br>wenn auch nur, um die Paragraphen gegen B\u00fcrgern hoch zu heben.<br>In Amtsschimmelreitst\u00e4llen wird wahrscheinlich nur daran gedacht,<br>wie dem \u201erechtschaffenen B\u00fcrger\u201c kann das Leben schwer gemacht.<br><br>Man sollte vom Amtsschimmelreitstall wieder B\u00fcrgern\u00e4he beweisen,<br>anstatt sich nur anzustrengen, ungeliebte Geb\u00e4ude niederzurei\u00dfen.<br>Der Amtsschimmel wiehert und macht weiter seinen t\u00e4glichen Mist,<br>wohl wissend, das ein sinnloser Streit auch f\u00fcr Gerichte belastet ist.<br><br>So kann man seine Macht zeigen und mit seinem Erfolgen prahlen,<br>denn diesen Gerichtsstreit, wird man dann mit Steuergeld bezahlen.<br>Die Denkmalbeh\u00f6rden sollten den Zerfall von Geb\u00e4uden sch\u00fctzen,<br>sonst wird es den Nachkommen nicht mehr als &#8222;Denkmal&#8220; n\u00fctzen! <br><br> <strong>\u00a9 Rainer Dambroth &#8211; 28.11.2024 &#8211; <a href=\"http:\/\/www.overline-poetry.de\/\"><strong>www.overline-poetry.de<\/strong><\/a><\/strong><br><br><strong><a href=\"https:\/\/www.overline-design.de\/poetry\/wp-admin\/post.php?post=5011&amp;action=edit\">Amtsschimmelreiter<\/a><\/strong><br><strong><a href=\"https:\/\/www.overline-design.de\/poetry\/wp-admin\/post.php?post=6750&amp;action=edit\">Denkmalschutz \u2013 der Treppenwitz!<\/a><\/strong><br><strong><a href=\"https:\/\/www.overline-design.de\/poetry\/wp-admin\/post.php?post=5366&amp;action=edit\">Die beh\u00f6rdliche \u201eWillkommenskultur\u201c<\/a><\/strong><br><strong><a href=\"https:\/\/www.overline-design.de\/poetry\/wp-admin\/post.php?post=1429&amp;action=edit\">Wem Gott gibt ein Amt, dem gibt er auch Verstand<\/a><\/strong><br><\/p>\n","protected":false},"excerpt":{"rendered":"<p>Ein 200 Jahre altes und unter Denkmalschutz stehendes K\u00f6hlerhaus,droht wegen der \u201efehlender Baugenehmigung\u201c der Abriss, das \u201eAus\u201c.In einem Landkreis im Sauerland wurden Bauakten \u201edurchgeschaut&#8220;und festgestellt, das dieses Geb\u00e4ude ohne Baugenehmigung gebaut. Als dieses Geb\u00e4udeensemble im Jahre 1835 gebaut, dann bewohnt,gab es keine Baugenehmigung, wo es sich jetzt das &#8222;Streiten&#8220; lohnt.Nun werden beim zust\u00e4ndigen Landkreis die [&hellip;]<\/p>\n","protected":false},"author":3,"featured_media":0,"parent":0,"menu_order":0,"comment_status":"closed","ping_status":"closed","template":"","meta":{"footnotes":""},"class_list":["post-9518","page","type-page","status-publish","hentry"],"jetpack_sharing_enabled":true,"_links":{"self":[{"href":"https:\/\/www.overline-design.de\/poetry\/index.php?rest_route=\/wp\/v2\/pages\/9518","targetHints":{"allow":["GET"]}}],"collection":[{"href":"https:\/\/www.overline-design.de\/poetry\/index.php?rest_route=\/wp\/v2\/pages"}],"about":[{"href":"https:\/\/www.overline-design.de\/poetry\/index.php?rest_route=\/wp\/v2\/types\/page"}],"author":[{"embeddable":true,"href":"https:\/\/www.overline-design.de\/poetry\/index.php?rest_route=\/wp\/v2\/users\/3"}],"replies":[{"embeddable":true,"href":"https:\/\/www.overline-design.de\/poetry\/index.php?rest_route=%2Fwp%2Fv2%2Fcomments&post=9518"}],"version-history":[{"count":11,"href":"https:\/\/www.overline-design.de\/poetry\/index.php?rest_route=\/wp\/v2\/pages\/9518\/revisions"}],"predecessor-version":[{"id":9529,"href":"https:\/\/www.overline-design.de\/poetry\/index.php?rest_route=\/wp\/v2\/pages\/9518\/revisions\/9529"}],"wp:attachment":[{"href":"https:\/\/www.overline-design.de\/poetry\/index.php?rest_route=%2Fwp%2Fv2%2Fmedia&parent=9518"}],"curies":[{"name":"wp","href":"https:\/\/api.w.org\/{rel}","templated":true}]}}