
{"id":9561,"date":"2024-12-15T00:01:00","date_gmt":"2024-12-15T00:01:00","guid":{"rendered":"https:\/\/www.overline-design.de\/poetry\/?page_id=9561"},"modified":"2024-12-14T17:02:50","modified_gmt":"2024-12-14T17:02:50","slug":"misstmanagement-bei-vw","status":"publish","type":"page","link":"https:\/\/www.overline-design.de\/poetry\/?page_id=9561","title":{"rendered":"Miss(t)management bei VW"},"content":{"rendered":"\n<p>Bei <strong>VW<\/strong> fehlt vom Management jede \u201ezukunftsorientierte Strategie\u201c<br>und es erscheint, sie befragen stets den Wahrsager, \u00fcber das \u201ewie\u201c.<br><strong>VW<\/strong> hat den Anschluss an die Elektroantriebstechnologie \u201everpennt\u201c,<br>jetzt man verzweifelt der verloren gegangenen Zeit hinterher rennt.<br><br>So wurden bei <strong>VW<\/strong> weiter Verbrenner am laufenden Band produziert,<br>aber es fehlen K\u00e4ufer f\u00fcr Verbrenner, somit es nicht mehr interessiert.<br>Demn\u00e4chst verkauft <strong>VW<\/strong> die<strong> VW<\/strong>-Sonderposten aus \u00dcberproduktion,<br>finanzieren so Vorstandsboni, aber Belegschaft verzichtet auf Lohn.<br><br>Vorzeitig hat der <strong>VW<\/strong>-Vorstand die Weichen f\u00fcr Produktion zu stellen.<br>Rechtzeitig Entscheidungen f\u00fcr einen betrieblichen Umbau zu f\u00e4llen. <br>F\u00fcr eine m\u00f6gliche Konsultation schon fast rote Linien \u00fcberschritten,<br>aber mit Mitarbeitern und Gewerkschaft um Arbeitspl\u00e4tze gestritten<br><br>Die Manager auf die vergangene Erfolgsgeschichte von <strong>VW<\/strong> gesetzt,<br>aber die Marktentwicklung f\u00fcr die Zukunft wurde total untersch\u00e4tzt.<br>Die Zukunft geh\u00f6rt nicht Verbrennern, sondern der Elektromobilit\u00e4t<br>und die Chinesen f\u00fchren uns auch \u201epreislich\u201c vor, wie so etwas geht.<br><br><strong>\u00a9 Rainer Dambroth &#8211; 10.12.2024 &#8211; <a href=\"http:\/\/www.overline-poetry.de\/\"><strong>www.overline-poetry.de<\/strong><\/a><\/strong><\/p>\n","protected":false},"excerpt":{"rendered":"<p>Bei VW fehlt vom Management jede \u201ezukunftsorientierte Strategie\u201cund es erscheint, sie befragen stets den Wahrsager, \u00fcber das \u201ewie\u201c.VW hat den Anschluss an die Elektroantriebstechnologie \u201everpennt\u201c,jetzt man verzweifelt der verloren gegangenen Zeit hinterher rennt. So wurden bei VW weiter Verbrenner am laufenden Band produziert,aber es fehlen K\u00e4ufer f\u00fcr Verbrenner, somit es nicht mehr interessiert.Demn\u00e4chst verkauft VW [&hellip;]<\/p>\n","protected":false},"author":3,"featured_media":0,"parent":0,"menu_order":0,"comment_status":"closed","ping_status":"closed","template":"","meta":{"footnotes":""},"class_list":["post-9561","page","type-page","status-publish","hentry"],"jetpack_sharing_enabled":true,"_links":{"self":[{"href":"https:\/\/www.overline-design.de\/poetry\/index.php?rest_route=\/wp\/v2\/pages\/9561","targetHints":{"allow":["GET"]}}],"collection":[{"href":"https:\/\/www.overline-design.de\/poetry\/index.php?rest_route=\/wp\/v2\/pages"}],"about":[{"href":"https:\/\/www.overline-design.de\/poetry\/index.php?rest_route=\/wp\/v2\/types\/page"}],"author":[{"embeddable":true,"href":"https:\/\/www.overline-design.de\/poetry\/index.php?rest_route=\/wp\/v2\/users\/3"}],"replies":[{"embeddable":true,"href":"https:\/\/www.overline-design.de\/poetry\/index.php?rest_route=%2Fwp%2Fv2%2Fcomments&post=9561"}],"version-history":[{"count":3,"href":"https:\/\/www.overline-design.de\/poetry\/index.php?rest_route=\/wp\/v2\/pages\/9561\/revisions"}],"predecessor-version":[{"id":9597,"href":"https:\/\/www.overline-design.de\/poetry\/index.php?rest_route=\/wp\/v2\/pages\/9561\/revisions\/9597"}],"wp:attachment":[{"href":"https:\/\/www.overline-design.de\/poetry\/index.php?rest_route=%2Fwp%2Fv2%2Fmedia&parent=9561"}],"curies":[{"name":"wp","href":"https:\/\/api.w.org\/{rel}","templated":true}]}}