
{"id":9579,"date":"2024-12-11T00:02:00","date_gmt":"2024-12-11T00:02:00","guid":{"rendered":"https:\/\/www.overline-design.de\/poetry\/?page_id=9579"},"modified":"2024-12-11T10:07:00","modified_gmt":"2024-12-11T10:07:00","slug":"herrscher-assad-wurde-entmachtet-und-jens-span-cdu-fordert-sofortige-rueckfuehrung-von-syrern","status":"publish","type":"page","link":"https:\/\/www.overline-design.de\/poetry\/?page_id=9579","title":{"rendered":"Herrscher Assad wurde entmachtet und Jens Span, CDU, fordert sofortige R\u00fcckf\u00fchrung von Syrern"},"content":{"rendered":"\n<p>Wie empathielos k\u00f6nnen denn Politiker, wie Jens Span, nur sein,<br>dass ihnen die sofortige R\u00fcckf\u00fchrung gefl\u00fcchteter Syrer f\u00e4llt ein.<br>Man sollte als Erstes die politische Situation in Syrien \u00fcberwachen,<br>erst dann, nach gegebener Sicherheit, \u201eN\u00e4gel mit K\u00f6pfen machen\u201c.<br><br>Will Jens Span damit den rechtspopulistischen Anh\u00e4ngern gefallen,<br>wenn er solche Forderungen l\u00e4sst in den Medien laut \u201eerschallen\u201c.<br>Es sollte sich erst eine stabile gem\u00e4\u00dfigte Regierung konstituieren,<br>dann k\u00f6nnte man eine R\u00fcckf\u00fchrung von willigen Syrern riskieren.<br><br>Der Vergleich: \u201eGerade wurde bei einem Brand das Feuer erstickt,<br>das Haus unbewohnbar, die Bewohner sollen nach Haus geschickt\u201c.<br>So manches Mal erscheint, als w\u00e4re die Gehirnfunktion still gelegt,<br>wenn als \u201everantwortungsloser Politiker\u201c solche Gedanken gehegt.<br><br>Die Syrer, die mit ihrer Heimat sind immer noch sehr verbunden,<br>werden von sich aus \u00fcber die Sicherheit in ihrer Heimat erkunden.<br>Sie werden von selbst und freiwillig wieder nach Syrien ausreisen,<br>die muss man nicht mit &#8222;Geld und Freiflug&#8220; des Landes verweisen.<br><br>Viele Syrer hier ihre Heimat gefunden und sich beruflich etabliert,<br>St\u00fctzen unser Gesundheitswesen, die Rentenkasse wird finanziert.<br>Wenn sie als Fachkr\u00e4fte sollen Deutschland \u201eden R\u00fccken kehren\u201c,<br>gegen diese nicht sofort &#8222;f\u00fcllbare L\u00fccke&#8220;, m\u00fcssen wir uns wehren.<br><br>Durch rechten Populismus st\u00e4rkt man nicht die <strong>CDU<\/strong> bei der Wahl,<br>Ausl\u00e4nderfeindliche <strong>AFD<\/strong>-Anh\u00e4nger w\u00e4hlen lieber das &#8222;Original&#8220;.<br>Die <strong>CDU<\/strong> zeigt ihr wahres Gesicht, die &#8222;christliche N\u00e4chstenliebe&#8220;:<br>&#8222;Das man als Syrer nicht mehr allzu lange in Deutschland bliebe!&#8220;<br><br>@<strong> Rainer Dambroth &#8211; 09.12.2024 &#8211; <a href=\"http:\/\/www.overline-poetry.de\/\"><strong>www.overline-poetry.de<\/strong><\/a><\/strong><br><br><strong><a href=\"https:\/\/www.overline-design.de\/poetry\/wp-admin\/post.php?post=9540&amp;action=edit\">Friedrich Merz und sein CSU-Schatten<\/a><\/strong><br><strong><a href=\"https:\/\/www.overline-design.de\/poetry\/wp-admin\/post.php?post=9496&amp;action=edit\">Regierungswechsel \u2013 Mit Macht vorw\u00e4rts in die Vergangenheit!<\/a><\/strong><br><\/p>\n","protected":false},"excerpt":{"rendered":"<p>Wie empathielos k\u00f6nnen denn Politiker, wie Jens Span, nur sein,dass ihnen die sofortige R\u00fcckf\u00fchrung gefl\u00fcchteter Syrer f\u00e4llt ein.Man sollte als Erstes die politische Situation in Syrien \u00fcberwachen,erst dann, nach gegebener Sicherheit, \u201eN\u00e4gel mit K\u00f6pfen machen\u201c. Will Jens Span damit den rechtspopulistischen Anh\u00e4ngern gefallen,wenn er solche Forderungen l\u00e4sst in den Medien laut \u201eerschallen\u201c.Es sollte sich erst [&hellip;]<\/p>\n","protected":false},"author":3,"featured_media":0,"parent":0,"menu_order":0,"comment_status":"closed","ping_status":"closed","template":"","meta":{"footnotes":""},"class_list":["post-9579","page","type-page","status-publish","hentry"],"jetpack_sharing_enabled":true,"_links":{"self":[{"href":"https:\/\/www.overline-design.de\/poetry\/index.php?rest_route=\/wp\/v2\/pages\/9579","targetHints":{"allow":["GET"]}}],"collection":[{"href":"https:\/\/www.overline-design.de\/poetry\/index.php?rest_route=\/wp\/v2\/pages"}],"about":[{"href":"https:\/\/www.overline-design.de\/poetry\/index.php?rest_route=\/wp\/v2\/types\/page"}],"author":[{"embeddable":true,"href":"https:\/\/www.overline-design.de\/poetry\/index.php?rest_route=\/wp\/v2\/users\/3"}],"replies":[{"embeddable":true,"href":"https:\/\/www.overline-design.de\/poetry\/index.php?rest_route=%2Fwp%2Fv2%2Fcomments&post=9579"}],"version-history":[{"count":10,"href":"https:\/\/www.overline-design.de\/poetry\/index.php?rest_route=\/wp\/v2\/pages\/9579\/revisions"}],"predecessor-version":[{"id":9592,"href":"https:\/\/www.overline-design.de\/poetry\/index.php?rest_route=\/wp\/v2\/pages\/9579\/revisions\/9592"}],"wp:attachment":[{"href":"https:\/\/www.overline-design.de\/poetry\/index.php?rest_route=%2Fwp%2Fv2%2Fmedia&parent=9579"}],"curies":[{"name":"wp","href":"https:\/\/api.w.org\/{rel}","templated":true}]}}